{"id":9168,"date":"2019-08-08T11:20:41","date_gmt":"2019-08-08T09:20:41","guid":{"rendered":"http:\/\/lifeseposso.eu\/?page_id=9168"},"modified":"2022-03-30T21:39:42","modified_gmt":"2022-03-30T19:39:42","slug":"civitavecchia-s-marinella-2","status":"publish","type":"page","link":"https:\/\/lifeseposso.eu\/?page_id=9168","title":{"rendered":"Augusta &#8211; Priolo Gargallo"},"content":{"rendered":"<h3>Contesto<\/h3>\n<p>L\u2019intervento di riforestazione con <em>Posidonia oceanica<\/em> \u00e8 stato condotto dal 2012 al 2015 nell\u2019ambito del Progetto di Ricerca e Formazione PON01_03112 \u201cTecnologie avanzate ecosostenibili finalizzate alla bonifica ed al ripristino di aree marine costiere degradate (TETIDE)\u201d (PON R&amp;C 2007-2013, <a href=\"http:\/\/www.progettotetide.it\">www.progettotetide.it<\/a>).<br \/>\nL\u2019area di intervento si trova all\u2019interno del Sito di Importanza Nazionale (SIN) di Priolo Gargallo (SR), compreso nella fascia costiera interessata dalle attivit\u00e0 del Polo Petrolchimico di Priolo-Melilli-Augusta e dichiarato nel 1990 dal Ministero dell\u2019Ambiente \u201cArea di elevato rischio di crisi ambientale\u201d. In particolare, i fondali dello specchio di mare antistante il SIN mostrano oggi i segni evidenti dell\u2019impatto ambientale provocato da decenni di scarichi industriali incontrollati, che hanno determinato la scomparsa di circa 1.200 ettari di <em>P. oceanica<\/em>. Tenuto conto dei beni e servizi forniti dalla prateria di <em>P. oceanica<\/em> in termini economici \u00e8 stato stimato un danno valutabile in circa 2 miliardi di euro l\u2019anno (Vassallo et al., 2013).<br \/>\nIl trapianto \u00e8 stato realizzato su matte morta su una superficie totale di 2.500 m<sup>2<\/sup> alla profondit\u00e0 di circa 12 m in localit\u00e0 \u201cSeno di Priolo\u201d (Fig.1), in aree individuate come idonee al trapianto.<\/p>\n<div class=\"centra-pco\">\n<div id=\"attachment_9172\" style=\"width: 195px\" class=\"wp-caption aligncenter\"><a href=\"https:\/\/i0.wp.com\/lifeseposso.eu\/wp-content\/uploads\/Fig.1_B.2_Augusta.png?ssl=1\"><img data-recalc-dims=\"1\" loading=\"lazy\" decoding=\"async\" aria-describedby=\"caption-attachment-9172\" data-attachment-id=\"9172\" data-permalink=\"https:\/\/lifeseposso.eu\/?attachment_id=9172\" data-orig-file=\"https:\/\/i0.wp.com\/lifeseposso.eu\/wp-content\/uploads\/Fig.1_B.2_Augusta.png?fit=488%2C792&amp;ssl=1\" data-orig-size=\"488,792\" data-comments-opened=\"0\" data-image-meta=\"{&quot;aperture&quot;:&quot;0&quot;,&quot;credit&quot;:&quot;&quot;,&quot;camera&quot;:&quot;&quot;,&quot;caption&quot;:&quot;&quot;,&quot;created_timestamp&quot;:&quot;0&quot;,&quot;copyright&quot;:&quot;&quot;,&quot;focal_length&quot;:&quot;0&quot;,&quot;iso&quot;:&quot;0&quot;,&quot;shutter_speed&quot;:&quot;0&quot;,&quot;title&quot;:&quot;&quot;,&quot;orientation&quot;:&quot;0&quot;}\" data-image-title=\"Fig.1_B.2_Augusta\" data-image-description=\"\" data-image-caption=\"\" data-large-file=\"https:\/\/i0.wp.com\/lifeseposso.eu\/wp-content\/uploads\/Fig.1_B.2_Augusta.png?fit=488%2C792&amp;ssl=1\" class=\"wp-image-9172 size-medium\" src=\"https:\/\/i0.wp.com\/lifeseposso.eu\/wp-content\/uploads\/Fig.1_B.2_Augusta.png?resize=185%2C300&#038;ssl=1\" alt=\"\" width=\"185\" height=\"300\" srcset=\"https:\/\/i0.wp.com\/lifeseposso.eu\/wp-content\/uploads\/Fig.1_B.2_Augusta.png?resize=185%2C300&amp;ssl=1 185w, https:\/\/i0.wp.com\/lifeseposso.eu\/wp-content\/uploads\/Fig.1_B.2_Augusta.png?resize=15%2C24&amp;ssl=1 15w, https:\/\/i0.wp.com\/lifeseposso.eu\/wp-content\/uploads\/Fig.1_B.2_Augusta.png?resize=22%2C36&amp;ssl=1 22w, https:\/\/i0.wp.com\/lifeseposso.eu\/wp-content\/uploads\/Fig.1_B.2_Augusta.png?resize=30%2C48&amp;ssl=1 30w, https:\/\/i0.wp.com\/lifeseposso.eu\/wp-content\/uploads\/Fig.1_B.2_Augusta.png?w=488&amp;ssl=1 488w\" sizes=\"auto, (max-width: 185px) 100vw, 185px\" \/><\/a><p id=\"caption-attachment-9172\" class=\"wp-caption-text\">Figura 1 &#8211; Area interessata dal trapianto<\/p><\/div>\n<\/div>\n<h3>Tecnica di trapianto<\/h3>\n<p>La presente tecnica ha previsto l\u2019utilizzo di un dispositivo innovativo (brevetto depositato da Biosurvey S.r.l., Spin-off dell\u2019Universit\u00e0 di Palermo e IDEA S.r.l.) costituito da un sistema realizzato in plastica biodegradabile (bioplastica MaterBi) per il posizionamento in forma rapida ed efficace di talee di <em>Posidonia oceanica<\/em> sul fondo marino.<\/p>\n<p>Tale sistema consiste in una struttura a raggiera, ancorabile sul fondo tramite un picchetto a fissaggio rapido (Figura 2). La struttura a raggiera \u00e8 modulare con un nodo centrale, bloccato al picchetto mediante un opportuno sistema di attacco rapido a baionetta, e cinque braccetti su cui sono presenti un numero variabile di supporti (pinzette) per l\u2019ottimale fissaggio delle talee (Figure 2). In particolare, tenuto conto che <em>P. oceanica<\/em> presenta rizomi con sezione ellittica, la pinzetta \u00e8 stata configurata in forma ovale cos\u00ec da ottenere un migliore inserimento del rizoma.<\/p>\n<p>Le talee prelevate per il trapianto vengono inserite nelle pinzette dei braccetti, caratterizzate da un profilo adatto alla specie vegetale da trapiantare e da fascette antistrappo opportunamente sagomate. La struttura a raggiera viene preparata fuori dall\u2019acqua bloccando i braccetti con le talee al nodo centrale. L\u2019operatore subacqueo, dopo avere poggiato il puntale sul fondale, utilizzando un apposito avvitatore (manuale o ad aria compressa) introduce tutto il picchetto nel substrato. Successivamente la struttura a raggiera precedentemente predisposta viene bloccata alla testa del picchetto mediante un sistema rapito a baionetta. La densit\u00e0 e la forma dei braccetti di impianto dipendono dalla condizione specifica del fondale.<\/p>\n<div class=\"centra-pco\">\n<div id=\"attachment_9173\" style=\"width: 753px\" class=\"wp-caption aligncenter\"><a href=\"https:\/\/i0.wp.com\/lifeseposso.eu\/wp-content\/uploads\/Fig.2_B.2_Augusta.png?ssl=1\"><img data-recalc-dims=\"1\" loading=\"lazy\" decoding=\"async\" aria-describedby=\"caption-attachment-9173\" data-attachment-id=\"9173\" data-permalink=\"https:\/\/lifeseposso.eu\/?attachment_id=9173\" data-orig-file=\"https:\/\/i0.wp.com\/lifeseposso.eu\/wp-content\/uploads\/Fig.2_B.2_Augusta.png?fit=743%2C343&amp;ssl=1\" data-orig-size=\"743,343\" data-comments-opened=\"0\" data-image-meta=\"{&quot;aperture&quot;:&quot;0&quot;,&quot;credit&quot;:&quot;&quot;,&quot;camera&quot;:&quot;&quot;,&quot;caption&quot;:&quot;&quot;,&quot;created_timestamp&quot;:&quot;0&quot;,&quot;copyright&quot;:&quot;&quot;,&quot;focal_length&quot;:&quot;0&quot;,&quot;iso&quot;:&quot;0&quot;,&quot;shutter_speed&quot;:&quot;0&quot;,&quot;title&quot;:&quot;&quot;,&quot;orientation&quot;:&quot;0&quot;}\" data-image-title=\"Fig.2_B.2_Augusta\" data-image-description=\"\" data-image-caption=\"\" data-large-file=\"https:\/\/i0.wp.com\/lifeseposso.eu\/wp-content\/uploads\/Fig.2_B.2_Augusta.png?fit=743%2C343&amp;ssl=1\" class=\"wp-image-9173 size-full\" src=\"https:\/\/i0.wp.com\/lifeseposso.eu\/wp-content\/uploads\/Fig.2_B.2_Augusta.png?resize=743%2C343&#038;ssl=1\" alt=\"\" width=\"743\" height=\"343\" srcset=\"https:\/\/i0.wp.com\/lifeseposso.eu\/wp-content\/uploads\/Fig.2_B.2_Augusta.png?w=743&amp;ssl=1 743w, https:\/\/i0.wp.com\/lifeseposso.eu\/wp-content\/uploads\/Fig.2_B.2_Augusta.png?resize=300%2C138&amp;ssl=1 300w, https:\/\/i0.wp.com\/lifeseposso.eu\/wp-content\/uploads\/Fig.2_B.2_Augusta.png?resize=24%2C11&amp;ssl=1 24w, https:\/\/i0.wp.com\/lifeseposso.eu\/wp-content\/uploads\/Fig.2_B.2_Augusta.png?resize=36%2C17&amp;ssl=1 36w, https:\/\/i0.wp.com\/lifeseposso.eu\/wp-content\/uploads\/Fig.2_B.2_Augusta.png?resize=48%2C22&amp;ssl=1 48w\" sizes=\"auto, (max-width: 743px) 100vw, 743px\" \/><\/a><p id=\"caption-attachment-9173\" class=\"wp-caption-text\">Figura 2- Modalit\u00e0 di montaggio del supporto biodegradabile in Mater-Bi assemblato a raggiera e particolari dei singoli moduli<\/p><\/div>\n<\/div>\n<p>&nbsp;<\/p>\n<h3>Monitoraggio pregresso del trapianto del 2014<\/h3>\n<p>Al termine delle attivit\u00e0 di trapianto (avvenute in due tempi, a giugno 2014 e a novembre-dicembre 2014) si \u00e8 proceduto all\u2019avvio delle attivit\u00e0 di monitoraggio, proseguite fino al novembre 2015 nell\u2019ambito del Progetto TETIDE, e poi continuate fino al dicembre 2016, nell\u2019ambito del Progetto PON03PE_00203 &#8211; MARINE HAZARD, per una durata complessiva di circa due anni. Il monitoraggio non distruttivo nelle aree di trapianto \u00e8 stato eseguito quattro volte l\u2019anno e sono state effettuate le seguenti misure in immersione:<\/p>\n<ul>\n<li>persistenza dei moduli di ancoraggio<\/li>\n<li>numeri fasci per modulo<\/li>\n<li>mortalit\u00e0 e distacco delle talee<\/li>\n<li>attecchimento delle talee<\/li>\n<li>accrescimento dei rizomi plagiotropi (questo parametro acquisito annualmente);<\/li>\n<li>lunghezza delle foglia pi\u00f9 lunga<\/li>\n<\/ul>\n<p>Nel contempo e con le stesse cadenze temporali in due aree della prateria donatrice sono stati misurati in quadrati permanenti di 0,5&#215;0,5 metri la densit\u00e0 dei fasci e la lunghezza fogliare. In Fig. 3 sono rappresentate schematicamente le fasi temporali del trapianto e successivi monitoraggi.<\/p>\n<div class=\"centra-pco\">\n<div id=\"attachment_9220\" style=\"width: 556px\" class=\"wp-caption aligncenter\"><a href=\"https:\/\/i0.wp.com\/lifeseposso.eu\/wp-content\/uploads\/Fig.3_B.2_Augusta1.png?ssl=1\"><img data-recalc-dims=\"1\" loading=\"lazy\" decoding=\"async\" aria-describedby=\"caption-attachment-9220\" data-attachment-id=\"9220\" data-permalink=\"https:\/\/lifeseposso.eu\/?attachment_id=9220\" data-orig-file=\"https:\/\/i0.wp.com\/lifeseposso.eu\/wp-content\/uploads\/Fig.3_B.2_Augusta1.png?fit=546%2C111&amp;ssl=1\" data-orig-size=\"546,111\" data-comments-opened=\"0\" data-image-meta=\"{&quot;aperture&quot;:&quot;0&quot;,&quot;credit&quot;:&quot;&quot;,&quot;camera&quot;:&quot;&quot;,&quot;caption&quot;:&quot;&quot;,&quot;created_timestamp&quot;:&quot;0&quot;,&quot;copyright&quot;:&quot;&quot;,&quot;focal_length&quot;:&quot;0&quot;,&quot;iso&quot;:&quot;0&quot;,&quot;shutter_speed&quot;:&quot;0&quot;,&quot;title&quot;:&quot;&quot;,&quot;orientation&quot;:&quot;0&quot;}\" data-image-title=\"Fig.3_B.2_Augusta1\" data-image-description=\"\" data-image-caption=\"\" data-large-file=\"https:\/\/i0.wp.com\/lifeseposso.eu\/wp-content\/uploads\/Fig.3_B.2_Augusta1.png?fit=546%2C111&amp;ssl=1\" class=\"wp-image-9220 size-full\" src=\"https:\/\/i0.wp.com\/lifeseposso.eu\/wp-content\/uploads\/Fig.3_B.2_Augusta1.png?resize=546%2C111&#038;ssl=1\" alt=\"\" width=\"546\" height=\"111\" srcset=\"https:\/\/i0.wp.com\/lifeseposso.eu\/wp-content\/uploads\/Fig.3_B.2_Augusta1.png?w=546&amp;ssl=1 546w, https:\/\/i0.wp.com\/lifeseposso.eu\/wp-content\/uploads\/Fig.3_B.2_Augusta1.png?resize=300%2C61&amp;ssl=1 300w, https:\/\/i0.wp.com\/lifeseposso.eu\/wp-content\/uploads\/Fig.3_B.2_Augusta1.png?resize=24%2C5&amp;ssl=1 24w, https:\/\/i0.wp.com\/lifeseposso.eu\/wp-content\/uploads\/Fig.3_B.2_Augusta1.png?resize=36%2C7&amp;ssl=1 36w, https:\/\/i0.wp.com\/lifeseposso.eu\/wp-content\/uploads\/Fig.3_B.2_Augusta1.png?resize=48%2C10&amp;ssl=1 48w\" sizes=\"auto, (max-width: 546px) 100vw, 546px\" \/><\/a><p id=\"caption-attachment-9220\" class=\"wp-caption-text\">Figura 3 &#8211; Schema temporale delle campagne di monitoraggio eseguite sul sito di Priolo Gargallo dal momento del trapianto<\/p><\/div>\n<\/div>\n<p>&nbsp;<\/p>\n<h3>Attivit\u00e0 di monitoraggio nell\u2019ambito del LIFE SEPOSSO<\/h3>\n<p>Tra il 9 &#8211; 13 Luglio 2018 il Partenariato Life SEPOSSO ha partecipato alle attivit\u00e0 di campo sul sito di trapianto di Priolo\/Augusta. Nello specifico hanno partecipato alle attivit\u00e0 complessivamente 6 subacquei afferenti all&#8217;Universit\u00e0 di Palermo, all\u2019Universit\u00e0 di Roma \u201cTor Vergata\u201d, ISPRA, ARPAT, AdSP-MTS e SETIN SRL. Nell\u2019ambito di queste attivit\u00e0 \u00e8 stato effettuato un briefing preimmersione, dove l&#8217;Universit\u00e0 di Palermo, sulla base dell\u2019esperienza maturata nelle precedenti<br \/>\nfasi di trapianto e monitoraggio sul sito, ha coordinato le attivit\u00e0.<\/p>\n<p>Il monitoraggio non distruttivo \u00e8 stato effettuato su tutte le stazioni di monitoraggio presenti nel sito di Priolo. Sono state previste due campagne di monitoraggio (estate 2018 e estate 2019); la prima campagna \u00e8 stata eseguita in seguito alle attivit\u00e0 di condivisione tra il Partenariato, oggetto della presente Relazione. Sono state eseguite le seguenti attivit\u00e0, coincidenti con quanto effettuato negli anni precedenti:<\/p>\n<ul>\n<li>persistenza dei moduli di ancoraggio<\/li>\n<li>numeri fasci per modulo<\/li>\n<li>mortalit\u00e0 e distacco delle talee<\/li>\n<li>attecchimento delle talee<\/li>\n<li>accrescimento dei rizomi plagiotropi<\/li>\n<li>lunghezza delle foglia pi\u00f9 lunga e determinazione dello stato dell\u2019apice<\/li>\n<\/ul>\n<p>&nbsp;<\/p>\n<div class=\"centra-pco\">\n<div id=\"attachment_9214\" style=\"width: 810px\" class=\"wp-caption aligncenter\"><a href=\"https:\/\/i0.wp.com\/lifeseposso.eu\/wp-content\/uploads\/Fig.3_B.2_Piombino1.png?ssl=1\"><img data-recalc-dims=\"1\" loading=\"lazy\" decoding=\"async\" aria-describedby=\"caption-attachment-9214\" data-attachment-id=\"9214\" data-permalink=\"https:\/\/lifeseposso.eu\/?attachment_id=9214\" data-orig-file=\"https:\/\/i0.wp.com\/lifeseposso.eu\/wp-content\/uploads\/Fig.3_B.2_Piombino1.png?fit=1091%2C770&amp;ssl=1\" data-orig-size=\"1091,770\" data-comments-opened=\"0\" data-image-meta=\"{&quot;aperture&quot;:&quot;0&quot;,&quot;credit&quot;:&quot;&quot;,&quot;camera&quot;:&quot;&quot;,&quot;caption&quot;:&quot;&quot;,&quot;created_timestamp&quot;:&quot;0&quot;,&quot;copyright&quot;:&quot;&quot;,&quot;focal_length&quot;:&quot;0&quot;,&quot;iso&quot;:&quot;0&quot;,&quot;shutter_speed&quot;:&quot;0&quot;,&quot;title&quot;:&quot;&quot;,&quot;orientation&quot;:&quot;0&quot;}\" data-image-title=\"Fig.3_B.2_Piombino1\" data-image-description=\"\" data-image-caption=\"&lt;p&gt;Figura 4 &amp;#8211; Mappe delle aree di Controllo (prateria donatrice) e di Trapianto&lt;\/p&gt;\n\" data-large-file=\"https:\/\/i0.wp.com\/lifeseposso.eu\/wp-content\/uploads\/Fig.3_B.2_Piombino1.png?fit=848%2C599&amp;ssl=1\" class=\"wp-image-9214 \" src=\"https:\/\/i0.wp.com\/lifeseposso.eu\/wp-content\/uploads\/Fig.3_B.2_Piombino1.png?resize=800%2C565&#038;ssl=1\" alt=\"\" width=\"800\" height=\"565\" srcset=\"https:\/\/i0.wp.com\/lifeseposso.eu\/wp-content\/uploads\/Fig.3_B.2_Piombino1.png?resize=1024%2C723&amp;ssl=1 1024w, https:\/\/i0.wp.com\/lifeseposso.eu\/wp-content\/uploads\/Fig.3_B.2_Piombino1.png?resize=300%2C212&amp;ssl=1 300w, https:\/\/i0.wp.com\/lifeseposso.eu\/wp-content\/uploads\/Fig.3_B.2_Piombino1.png?resize=768%2C542&amp;ssl=1 768w, https:\/\/i0.wp.com\/lifeseposso.eu\/wp-content\/uploads\/Fig.3_B.2_Piombino1.png?resize=24%2C17&amp;ssl=1 24w, https:\/\/i0.wp.com\/lifeseposso.eu\/wp-content\/uploads\/Fig.3_B.2_Piombino1.png?resize=36%2C25&amp;ssl=1 36w, https:\/\/i0.wp.com\/lifeseposso.eu\/wp-content\/uploads\/Fig.3_B.2_Piombino1.png?resize=48%2C34&amp;ssl=1 48w, https:\/\/i0.wp.com\/lifeseposso.eu\/wp-content\/uploads\/Fig.3_B.2_Piombino1.png?w=1091&amp;ssl=1 1091w\" sizes=\"auto, (max-width: 800px) 100vw, 800px\" \/><\/a><p id=\"caption-attachment-9214\" class=\"wp-caption-text\">Figura 4 &#8211; Mappe delle aree di Controllo (prateria donatrice) e di Trapianto<\/p><\/div>\n<p>&nbsp;<\/p>\n<\/div>\n<div style=\"text-align: center;\">\n<p><iframe loading=\"lazy\" title=\"YouTube video player\" src=\"https:\/\/www.youtube.com\/embed\/W655n8JvvrI\" width=\"560\" height=\"315\" frameborder=\"0\" allowfullscreen=\"allowfullscreen\"><\/iframe><\/p>\n<p>Filmato acquisito nel 2018 su area A<\/p>\n<\/div>\n<div class=\"clearfix\" style=\"height: 20px\"><\/div><div class=\"clearfix\" style=\"height: 20px\"><\/div><div class=\"clearfix\" style=\"height: 20px\"><\/div>\n","protected":false},"excerpt":{"rendered":"<p>Contesto L\u2019intervento di riforestazione con Posidonia oceanica \u00e8 stato condotto dal 2012 al 2015 nell\u2019ambito del Progetto di Ricerca e Formazione PON01_03112 \u201cTecnologie avanzate ecosostenibili finalizzate alla bonifica ed al<\/p>\n","protected":false},"author":5,"featured_media":0,"parent":7108,"menu_order":0,"comment_status":"closed","ping_status":"closed","template":"","meta":{"jetpack_post_was_ever_published":false,"footnotes":""},"class_list":["post-9168","page","type-page","status-publish","hentry"],"jetpack_sharing_enabled":true,"jetpack_shortlink":"https:\/\/wp.me\/P9BUJq-2nS","jetpack-related-posts":[{"id":110,"url":"https:\/\/lifeseposso.eu\/?page_id=110","url_meta":{"origin":9168,"position":0},"title":"Comunicazione","author":"life","date":"13 Novembre 2017","format":false,"excerpt":"PRODOTTI A STAMPA Layman's Report - Life SEPOSSO Fumetto GRECO \"\u0391\u03bd\u03b1\u03ba\u03b1\u03bb\u03cd\u03c0\u03c4\u03bf\u03bd\u03c4\u03b1\u03c2 \u03c4\u03b1 \u03bb\u03b9\u03b2\u03ac\u03b4\u03b9\u03b1 \u03c0\u03bf\u03c3\u03b5\u03b9\u03b4\u03c9\u03bd\u03af\u03b1\u03c2\" Fumetto INGLESE \"Discovering Posidonia oceanica seagrass meadows\" Brochure Life SEPOSSO 21x21 cm ITA Brochure Life SEPOSSO 21x21 cm ENG Notice board Piombino 120x80 cm Notice board Ischia 120x80 cm Notice board Augusta\/Priolo 120x80 cm Notice board\u2026","rel":"","context":"Articolo simile","block_context":{"text":"Articolo simile","link":""},"img":{"alt_text":"","src":"https:\/\/i0.wp.com\/lifeseposso.eu\/wp-content\/uploads\/LAYMANS_REPORT_LifeSEPOSSO.png?resize=350%2C200","width":350,"height":200},"classes":[]},{"id":7351,"url":"https:\/\/lifeseposso.eu\/?page_id=7351","url_meta":{"origin":9168,"position":1},"title":"Video","author":"lifeFB","date":"18 Marzo 2018","format":false,"excerpt":"Posidonia... e non solo \u00a0 Documentario Life SEPOSSO - ENG \"Posidonia oceanica, let's look after it\" \u00a0 Documentario Life SEPOSSO - ITA \"Posidonia oceanica, prendiamocene cura\" \u00a0 Lo sai che... le foreste marine sono a rischio (ScienceTogether-NET) \u00a0 Video fumetto ENG \u2013 Discovering Posidonia oceanica meadows \u00a0 Video fumetto ITA\u2026","rel":"","context":"Articolo simile","block_context":{"text":"Articolo simile","link":""},"img":{"alt_text":"","src":"","width":0,"height":0},"classes":[]},{"id":10508,"url":"https:\/\/lifeseposso.eu\/?page_id=10508","url_meta":{"origin":9168,"position":2},"title":"Azione B.1.2: Dalla Governance all&#8217;efficacia del processo di VIA","author":"lifeFB","date":"24 Febbraio 2021","format":false,"excerpt":"Nell\u2019ambito del progetto SEPOSSO, l\u2019azione B1.2 prevedeva di realizzare una ricognizione di progetti sottoposti a VIA, che contenevano prescrizioni riguardanti interventi sull\u2019habitat prioritario 1120* (sensu Direttiva 92\/43\/CEE \"Habitat\" ) praterie di Posidonia oceanica ed eventuali operazioni di trapianto della stessa. La ricognizione \u00e8 stata effettuata utilizzando il database denominato I.De.A.\u2026","rel":"","context":"Articolo simile","block_context":{"text":"Articolo simile","link":""},"img":{"alt_text":"","src":"https:\/\/i0.wp.com\/lifeseposso.eu\/wp-content\/uploads\/DELIVERABLE_B.1.2_Basic_information_legislative_context.png?resize=350%2C200","width":350,"height":200},"classes":[]},{"id":7108,"url":"https:\/\/lifeseposso.eu\/?page_id=7108","url_meta":{"origin":9168,"position":3},"title":"Cambiamo l\u2019approccio di governance per le ricerche future","author":"lifeFB","date":"15 Marzo 2018","format":false,"excerpt":"In Italia la maggior parte delle attivit\u00e0 di trapianto di Posidonia oceanica sono indicate, nell\u2019ambito della VIA, come misura di compensazione di danni causati alle praterie da opere e infrastrutture costiere. Il monitoraggio finalizzato a verificare l\u2019efficacia delle misure di compensazione nel tempo, non sempre viene inserito negli Studi di\u2026","rel":"","context":"Articolo simile","block_context":{"text":"Articolo simile","link":""},"img":{"alt_text":"","src":"https:\/\/i0.wp.com\/lifeseposso.eu\/wp-content\/uploads\/Monitoraggio_sub-300x225.jpg?resize=350%2C200","width":350,"height":200},"classes":[]},{"id":10609,"url":"https:\/\/lifeseposso.eu\/?page_id=10609","url_meta":{"origin":9168,"position":4},"title":"Azione B.3.2: Implementazione di Preliminary Transplant Suitability Index (PTSI)","author":"lifeFB","date":"30 Marzo 2021","format":false,"excerpt":"Nell'ambito di questa azione sono stati raccolti nuovi e ulteriori dati utili per l'implementazione di indici volti alla selezione preliminare di siti idonei al trapianto di P. oceanica. La gestione corretta di un intervento di trapianto richiede specifiche competenze tecnico-scientifiche, nonch\u00e9 l\u2019applicazione di un iter procedurale specifico, che permetta la\u2026","rel":"","context":"Articolo simile","block_context":{"text":"Articolo simile","link":""},"img":{"alt_text":"","src":"https:\/\/i0.wp.com\/lifeseposso.eu\/wp-content\/uploads\/DELIVERABLE_B.3.2_Report-of-data-collected-for-Posidonia-oceanica-management-and-transplant_30.04.2020.png?resize=350%2C200","width":350,"height":200},"classes":[]},{"id":11413,"url":"https:\/\/lifeseposso.eu\/?page_id=11413","url_meta":{"origin":9168,"position":5},"title":"Azione A.3\/B.2 &#8211; La casistica dei trapianti in Italia","author":"lifeFB","date":"1 Aprile 2022","format":false,"excerpt":"Nell\u2019ambito dell\u2019azione A3, \u201cPosidonia oceanica transplanting: case studies analysis\u201d, la cui finalit\u00e0 \u00e8 stata la condivisione delle informazioni di tipo tecnico-scientifico relative ai trapianti di Posidonia oceanica, durante il primo anno di Progetto sono stati analizzati i quattro siti principali di trapianto in Toscana (Piombino), Lazio (Civitavecchia-S. Marinella), Campania (Ischia)\u2026","rel":"","context":"Articolo simile","block_context":{"text":"Articolo simile","link":""},"img":{"alt_text":"","src":"https:\/\/i0.wp.com\/lifeseposso.eu\/wp-content\/uploads\/DELIVERABLE_A.3_case_studies_analysis.png?resize=350%2C200","width":350,"height":200},"classes":[]}],"rttpg_featured_image_url":null,"rttpg_author":{"display_name":"lifeFB","author_link":"https:\/\/lifeseposso.eu\/?author=5"},"rttpg_comment":0,"rttpg_category":null,"rttpg_excerpt":"Contesto L\u2019intervento di riforestazione con Posidonia oceanica \u00e8 stato condotto dal 2012 al 2015 nell\u2019ambito del Progetto di Ricerca e Formazione PON01_03112 \u201cTecnologie avanzate ecosostenibili finalizzate alla bonifica ed al","_links":{"self":[{"href":"https:\/\/lifeseposso.eu\/index.php?rest_route=\/wp\/v2\/pages\/9168","targetHints":{"allow":["GET"]}}],"collection":[{"href":"https:\/\/lifeseposso.eu\/index.php?rest_route=\/wp\/v2\/pages"}],"about":[{"href":"https:\/\/lifeseposso.eu\/index.php?rest_route=\/wp\/v2\/types\/page"}],"author":[{"embeddable":true,"href":"https:\/\/lifeseposso.eu\/index.php?rest_route=\/wp\/v2\/users\/5"}],"replies":[{"embeddable":true,"href":"https:\/\/lifeseposso.eu\/index.php?rest_route=%2Fwp%2Fv2%2Fcomments&post=9168"}],"version-history":[{"count":13,"href":"https:\/\/lifeseposso.eu\/index.php?rest_route=\/wp\/v2\/pages\/9168\/revisions"}],"predecessor-version":[{"id":11376,"href":"https:\/\/lifeseposso.eu\/index.php?rest_route=\/wp\/v2\/pages\/9168\/revisions\/11376"}],"up":[{"embeddable":true,"href":"https:\/\/lifeseposso.eu\/index.php?rest_route=\/wp\/v2\/pages\/7108"}],"wp:attachment":[{"href":"https:\/\/lifeseposso.eu\/index.php?rest_route=%2Fwp%2Fv2%2Fmedia&parent=9168"}],"curies":[{"name":"wp","href":"https:\/\/api.w.org\/{rel}","templated":true}]}}