{"id":7439,"date":"2018-03-22T18:39:46","date_gmt":"2018-03-22T17:39:46","guid":{"rendered":"http:\/\/lifeseposso.eu\/?page_id=7439"},"modified":"2022-03-24T13:30:56","modified_gmt":"2022-03-24T12:30:56","slug":"diffondiamo-consapevolezza-e-conoscenza-degli-habitat-prioritari-e-dei-siti-marini-natura-2000-_copy","status":"publish","type":"page","link":"https:\/\/lifeseposso.eu\/?page_id=7439","title":{"rendered":"Azione D.1: Consapevolezza pubblica e disseminazione dei risultati"},"content":{"rendered":"<p>Gli obiettivi principali che questa azione si prefigge sono incrementare la <strong>consapevolezza<\/strong> dei fruitori del mare sull\u2019importanza dell\u2019habitat <em>P. oceanica<\/em> e dei siti Natura 2000, incentivando <strong>comportamenti responsabili<\/strong> e sostenibili, e aumentare la conoscenza sul fenomeno dei trapianti di <em>P. oceanica<\/em> in Italia e sulla loro gestione.<\/p>\n<p>Le azioni di disseminazione dei risultati e degli output di progetto consistono nella produzione e diffusione dei <strong>materiali informativi<\/strong> (opuscoli, video, documentari, pannelli informativi, roll-up, sito web, social-network), nella partecipazione a <strong>seminari<\/strong> e <strong>convegni<\/strong>, nella realizzazione di meeting a scala locale con il coinvolgimento delle <strong>comunit\u00e0 locali<\/strong> e delle <strong>scuole<\/strong> e di un evento finale a cui saranno invitati i rappresentanti di istituzioni, comunit\u00e0 scientifica, associazioni ambientaliste, societ\u00e0 civile. Inoltre, saranno rilasciati articoli, comunicati stampa e interviste e sar\u00e0 inoltre dato grande rilievo al networking con altri progetti europei inerenti sia la<strong> tematica del trapianto<\/strong>, sia la gestione sostenibile delle risorse marino costiere.<\/p>\n<p><span style=\"text-decoration: underline;\">\u00a0<\/span><\/p>\n<div class=\"clearfix\" style=\"height: 20px\"><\/div><div class=\"clearfix\" style=\"height: 20px\"><\/div><div class=\"clearfix\" style=\"height: 20px\"><\/div>\n","protected":false},"excerpt":{"rendered":"<p>Gli obiettivi principali che questa azione si prefigge sono incrementare la consapevolezza dei fruitori del mare sull\u2019importanza dell\u2019habitat P. oceanica e dei siti Natura 2000, incentivando comportamenti responsabili e sostenibili,<\/p>\n","protected":false},"author":5,"featured_media":0,"parent":132,"menu_order":5,"comment_status":"closed","ping_status":"closed","template":"","meta":{"jetpack_post_was_ever_published":false,"footnotes":""},"class_list":["post-7439","page","type-page","status-publish","hentry"],"jetpack_sharing_enabled":true,"jetpack_shortlink":"https:\/\/wp.me\/P9BUJq-1VZ","jetpack-related-posts":[{"id":7114,"url":"https:\/\/lifeseposso.eu\/?page_id=7114","url_meta":{"origin":7439,"position":0},"title":"Diffondiamo consapevolezza e conoscenza degli habitat prioritari e dei siti marini Natura 2000","author":"lifeFB","date":"15 Marzo 2018","format":false,"excerpt":"Le praterie di Posidonia oceanica sono protette ai sensi della Direttiva Habitat 1992\/43\/CEE, come habitat prioritario (la cui conservazione richiede la designazione di aree speciali di conservazione). La presenza di praterie di P. oceanica comporta l\u2019istituzione di Siti di Importanza Comunitaria (SIC) che costituiscono, insieme alle Zone di Protezione Speciale\u2026","rel":"","context":"Articolo simile","block_context":{"text":"Articolo simile","link":""},"img":{"alt_text":"Prateria di Posidonia","src":"https:\/\/i0.wp.com\/lifeseposso.eu\/wp-content\/uploads\/Posidonia-_Tomasello-Agostino_bassa-300x186.png?resize=350%2C200","width":350,"height":200},"classes":[]},{"id":11413,"url":"https:\/\/lifeseposso.eu\/?page_id=11413","url_meta":{"origin":7439,"position":1},"title":"Azione A.3\/B.2 &#8211; La casistica dei trapianti in Italia","author":"lifeFB","date":"1 Aprile 2022","format":false,"excerpt":"Nell\u2019ambito dell\u2019azione A3, \u201cPosidonia oceanica transplanting: case studies analysis\u201d, la cui finalit\u00e0 \u00e8 stata la condivisione delle informazioni di tipo tecnico-scientifico relative ai trapianti di Posidonia oceanica, durante il primo anno di Progetto sono stati analizzati i quattro siti principali di trapianto in Toscana (Piombino), Lazio (Civitavecchia-S. Marinella), Campania (Ischia)\u2026","rel":"","context":"Articolo simile","block_context":{"text":"Articolo simile","link":""},"img":{"alt_text":"","src":"https:\/\/i0.wp.com\/lifeseposso.eu\/wp-content\/uploads\/DELIVERABLE_A.3_case_studies_analysis.png?resize=350%2C200","width":350,"height":200},"classes":[]},{"id":7110,"url":"https:\/\/lifeseposso.eu\/?page_id=7110","url_meta":{"origin":7439,"position":2},"title":"Aumentiamo l\u2019efficienza della pianificazione e del controllo","author":"lifeFB","date":"15 Marzo 2018","format":false,"excerpt":"Ad oggi, i risultati ottenuti nell\u2019ambito dei trapianti di praterie sono stati a volte negativi e possono essere considerati ancora incerti, soprattutto se riferiti ad ampi settori di prateria e valutati alla scala temporale adeguata, ovvero a lungo termine. Il buon esito di un trapianto \u00e8 dovuto a molteplici fattori\u2026","rel":"","context":"Articolo simile","block_context":{"text":"Articolo simile","link":""},"img":{"alt_text":"port area","src":"https:\/\/i0.wp.com\/lifeseposso.eu\/wp-content\/uploads\/spot-inq04-e1518449287917-300x148.jpg?resize=350%2C200","width":350,"height":200},"classes":[]},{"id":10609,"url":"https:\/\/lifeseposso.eu\/?page_id=10609","url_meta":{"origin":7439,"position":3},"title":"Azione B.3.2: Implementazione di Preliminary Transplant Suitability Index (PTSI)","author":"lifeFB","date":"30 Marzo 2021","format":false,"excerpt":"Nell'ambito di questa azione sono stati raccolti nuovi e ulteriori dati utili per l'implementazione di indici volti alla selezione preliminare di siti idonei al trapianto di P. oceanica. La gestione corretta di un intervento di trapianto richiede specifiche competenze tecnico-scientifiche, nonch\u00e9 l\u2019applicazione di un iter procedurale specifico, che permetta la\u2026","rel":"","context":"Articolo simile","block_context":{"text":"Articolo simile","link":""},"img":{"alt_text":"","src":"https:\/\/i0.wp.com\/lifeseposso.eu\/wp-content\/uploads\/DELIVERABLE_B.3.2_Report-of-data-collected-for-Posidonia-oceanica-management-and-transplant_30.04.2020.png?resize=350%2C200","width":350,"height":200},"classes":[]},{"id":11456,"url":"https:\/\/lifeseposso.eu\/?page_id=11456","url_meta":{"origin":7439,"position":4},"title":"Azione B.3 &#8211; Sviluppo piattaforma web &#8211; Posidonia Transplanting Web Platform (PTWP)","author":"lifeFB","date":"15 Aprile 2022","format":false,"excerpt":"Nell\u2019ambito dell\u2019azione B.3, \u201cElectronic systems to support transplanting governance\u201d, la cui finalit\u00e0 \u00e8 quella di sviluppare e implementare sistemi elettronici di facile utilizzo per supportare la governance dei trapianti, stimolando il flusso di dati e informazioni alle diverse parti interessate, \u00e8 stata realizzata la Posidonia Web Transplanting Platform (PTWP). La\u2026","rel":"","context":"Articolo simile","block_context":{"text":"Articolo simile","link":""},"img":{"alt_text":"Schema di flusso del processo di VIA in base alla normativa vigente: sono schematizzate le interazioni tra gli attori direttamente coinvolti nei processi decisionali in un modello che traccia i momenti principali dell\u2019iter che porta alla realizzazione dei trapianti di Posidonia oceanica come misura di compensazione","src":"https:\/\/i0.wp.com\/lifeseposso.eu\/wp-content\/uploads\/processosemplificato_OTTEMPERANZE-1024x338.png?resize=350%2C200","width":350,"height":200,"srcset":"https:\/\/i0.wp.com\/lifeseposso.eu\/wp-content\/uploads\/processosemplificato_OTTEMPERANZE-1024x338.png?resize=350%2C200 1x, https:\/\/i0.wp.com\/lifeseposso.eu\/wp-content\/uploads\/processosemplificato_OTTEMPERANZE-1024x338.png?resize=525%2C300 1.5x, https:\/\/i0.wp.com\/lifeseposso.eu\/wp-content\/uploads\/processosemplificato_OTTEMPERANZE-1024x338.png?resize=700%2C400 2x"},"classes":[]},{"id":7108,"url":"https:\/\/lifeseposso.eu\/?page_id=7108","url_meta":{"origin":7439,"position":5},"title":"Cambiamo l\u2019approccio di governance per le ricerche future","author":"lifeFB","date":"15 Marzo 2018","format":false,"excerpt":"In Italia la maggior parte delle attivit\u00e0 di trapianto di Posidonia oceanica sono indicate, nell\u2019ambito della VIA, come misura di compensazione di danni causati alle praterie da opere e infrastrutture costiere. Il monitoraggio finalizzato a verificare l\u2019efficacia delle misure di compensazione nel tempo, non sempre viene inserito negli Studi di\u2026","rel":"","context":"Articolo simile","block_context":{"text":"Articolo simile","link":""},"img":{"alt_text":"","src":"https:\/\/i0.wp.com\/lifeseposso.eu\/wp-content\/uploads\/Monitoraggio_sub-300x225.jpg?resize=350%2C200","width":350,"height":200},"classes":[]}],"rttpg_featured_image_url":null,"rttpg_author":{"display_name":"lifeFB","author_link":"https:\/\/lifeseposso.eu\/?author=5"},"rttpg_comment":0,"rttpg_category":null,"rttpg_excerpt":"Gli obiettivi principali che questa azione si prefigge sono incrementare la consapevolezza dei fruitori del mare sull\u2019importanza dell\u2019habitat P. oceanica e dei siti Natura 2000, incentivando comportamenti responsabili e sostenibili,","_links":{"self":[{"href":"https:\/\/lifeseposso.eu\/index.php?rest_route=\/wp\/v2\/pages\/7439","targetHints":{"allow":["GET"]}}],"collection":[{"href":"https:\/\/lifeseposso.eu\/index.php?rest_route=\/wp\/v2\/pages"}],"about":[{"href":"https:\/\/lifeseposso.eu\/index.php?rest_route=\/wp\/v2\/types\/page"}],"author":[{"embeddable":true,"href":"https:\/\/lifeseposso.eu\/index.php?rest_route=\/wp\/v2\/users\/5"}],"replies":[{"embeddable":true,"href":"https:\/\/lifeseposso.eu\/index.php?rest_route=%2Fwp%2Fv2%2Fcomments&post=7439"}],"version-history":[{"count":5,"href":"https:\/\/lifeseposso.eu\/index.php?rest_route=\/wp\/v2\/pages\/7439\/revisions"}],"predecessor-version":[{"id":11306,"href":"https:\/\/lifeseposso.eu\/index.php?rest_route=\/wp\/v2\/pages\/7439\/revisions\/11306"}],"up":[{"embeddable":true,"href":"https:\/\/lifeseposso.eu\/index.php?rest_route=\/wp\/v2\/pages\/132"}],"wp:attachment":[{"href":"https:\/\/lifeseposso.eu\/index.php?rest_route=%2Fwp%2Fv2%2Fmedia&parent=7439"}],"curies":[{"name":"wp","href":"https:\/\/api.w.org\/{rel}","templated":true}]}}