{"id":7422,"date":"2018-03-22T18:15:34","date_gmt":"2018-03-22T17:15:34","guid":{"rendered":"http:\/\/lifeseposso.eu\/?page_id=7422"},"modified":"2018-03-30T17:35:15","modified_gmt":"2018-03-30T15:35:15","slug":"sosteniamo-lattuazione-delle-direttive-europee-ambientali-_copy","status":"publish","type":"page","link":"https:\/\/lifeseposso.eu\/?page_id=7422","title":{"rendered":"Azione B1: Il processo di governance dei trapianti di Posidonia oceanica in Italia"},"content":{"rendered":"<p>Questa azione mira ad analizzare il processo di Governance che regola le operazioni di trapianto di <em>P. oceanica<\/em>, specialmente quando queste ultime vengono indicate come opere di compensazione di un danno nell\u2019ambito della Valutazione di Impatto Ambientale (VIA). L&#8217;analisi porter\u00e0 a comprendere le interazioni tra i diversi elementi del processo di VIA e gli stakeholders coinvolti, colmando le eventuali lacune nell\u2019applicazione della procedura di VIA. Inoltre, verranno identificati gli eventuali conflitti che ostacolano il raggiungimento dei risultati di una Governance ottimale e proposti processi pi\u00f9 efficaci ed efficienti in ottemperanza delle Direttive Ambientali dell&#8217;Unione Europea sulla Valutazione di Impatto Ambientale (EIA-2014\/52\/EC) e sulla Pianificazione dello Spazio Marittimo (MSP-2014\/89\/EU).<\/p>\n<p>Attraverso l&#8217;analisi di tre casi studio, in cui sono stati effettuati trapianti di Posidonia come misura di compensazione a seguito di diversi impatti antropici, Piombino (Toscana), Ischia (Campania) e Civitavecchia (Lazio) e del caso studio di Augusta (Sicilia), in cui \u00e8 stato effettuato un trapianto su base volontaria con la finalit\u00e0 di recuperare l&#8217;habitat Posidonia preesistente, questa azione far\u00e0 chiarezza su:<\/p>\n<p>&nbsp;<\/p>\n<ul>\n<li>il processo di VIA eseguito e la verifica delle ottemperanze<\/li>\n<li>gli aspetti legali e amministrativi legati alla realizzazione dei trapianti di<em> P. oceanica<\/em><\/li>\n<li>i principali stakeholder coinvolti in tali opere e nei processi di VIA<\/li>\n<li>i possibili conflitti insorti tra gli attori coinvolti<\/li>\n<li>i servizi ecosistemici forniti dalle praterie di <em>P. oceanica<\/em> e le conseguenti implicazioni in termini di valutazione economica degli impatti ambientali a scala locale<\/li>\n<\/ul>\n<p>&nbsp;<\/p>\n<p>Oltre a questi siti nel corso del Progetto potranno essere presi in considerazione anche ulteriori casi studio in cui sono state realizzate le attivit\u00e0 di trapianto come misura di compensazione o per differenti finalit\u00e0.<\/p>\n<div class=\"clearfix\" style=\"height: 20px\"><\/div>\n<h3>SOTTOAZIONI<\/h3>\n<p><strong><a href=\"https:\/\/lifeseposso.eu\/?page_id=7541\"><span style=\"text-decoration: underline;\">B.1.1 Analisi di Governance<\/span><\/a><\/strong><\/p>\n<p><span style=\"text-decoration: underline;\">B.1.2 Dalla governance all&#8217;efficacia del processo di VIA (in progress)<\/span><\/p>\n<div class=\"clearfix\" style=\"height: 20px\"><\/div><div class=\"clearfix\" style=\"height: 20px\"><\/div><div class=\"clearfix\" style=\"height: 20px\"><\/div>\n","protected":false},"excerpt":{"rendered":"<p>Questa azione mira ad analizzare il processo di Governance che regola le operazioni di trapianto di P. oceanica, specialmente quando queste ultime vengono indicate come opere di compensazione di un<\/p>\n","protected":false},"author":5,"featured_media":0,"parent":132,"menu_order":1,"comment_status":"closed","ping_status":"closed","template":"","meta":{"jetpack_post_was_ever_published":false,"footnotes":""},"class_list":["post-7422","page","type-page","status-publish","hentry"],"jetpack_sharing_enabled":true,"jetpack_shortlink":"https:\/\/wp.me\/P9BUJq-1VI","jetpack-related-posts":[{"id":7101,"url":"https:\/\/lifeseposso.eu\/?page_id=7101","url_meta":{"origin":7422,"position":0},"title":"Sosteniamo l\u2019attuazione delle Direttive Europee Ambientali","author":"lifeFB","date":"15 Marzo 2018","format":false,"excerpt":"La Politica Marittima Integrata (PMI) europea cerca di fornire un approccio pi\u00f9 coerente alle questioni marittime, con un maggiore coordinamento tra i diversi settori politici e i diversi attori coinvolti (stakeholders). La direttiva sulla Pianificazione dello Spazio Marittimo (MSP - 2014\/89\/CE) \u00e8 una delle principali azioni condotte dall'UE nel quadro\u2026","rel":"","context":"Articolo simile","block_context":{"text":"Articolo simile","link":""},"img":{"alt_text":"Europe flag","src":"https:\/\/i0.wp.com\/lifeseposso.eu\/wp-content\/uploads\/euflag.jpg?resize=350%2C200","width":350,"height":200},"classes":[]},{"id":11456,"url":"https:\/\/lifeseposso.eu\/?page_id=11456","url_meta":{"origin":7422,"position":1},"title":"Azione B.3 &#8211; Sviluppo piattaforma web &#8211; Posidonia Transplanting Web Platform (PTWP)","author":"lifeFB","date":"15 Aprile 2022","format":false,"excerpt":"Nell\u2019ambito dell\u2019azione B.3, \u201cElectronic systems to support transplanting governance\u201d, la cui finalit\u00e0 \u00e8 quella di sviluppare e implementare sistemi elettronici di facile utilizzo per supportare la governance dei trapianti, stimolando il flusso di dati e informazioni alle diverse parti interessate, \u00e8 stata realizzata la Posidonia Web Transplanting Platform (PTWP). La\u2026","rel":"","context":"Articolo simile","block_context":{"text":"Articolo simile","link":""},"img":{"alt_text":"Schema di flusso del processo di VIA in base alla normativa vigente: sono schematizzate le interazioni tra gli attori direttamente coinvolti nei processi decisionali in un modello che traccia i momenti principali dell\u2019iter che porta alla realizzazione dei trapianti di Posidonia oceanica come misura di compensazione","src":"https:\/\/i0.wp.com\/lifeseposso.eu\/wp-content\/uploads\/processosemplificato_OTTEMPERANZE-1024x338.png?resize=350%2C200","width":350,"height":200,"srcset":"https:\/\/i0.wp.com\/lifeseposso.eu\/wp-content\/uploads\/processosemplificato_OTTEMPERANZE-1024x338.png?resize=350%2C200 1x, https:\/\/i0.wp.com\/lifeseposso.eu\/wp-content\/uploads\/processosemplificato_OTTEMPERANZE-1024x338.png?resize=525%2C300 1.5x, https:\/\/i0.wp.com\/lifeseposso.eu\/wp-content\/uploads\/processosemplificato_OTTEMPERANZE-1024x338.png?resize=700%2C400 2x"},"classes":[]},{"id":7541,"url":"https:\/\/lifeseposso.eu\/?page_id=7541","url_meta":{"origin":7422,"position":2},"title":"Azione B.1.1: Analisi di Governance","author":"lifeFB","date":"30 Marzo 2018","format":false,"excerpt":"Il Panelist di Stakeholders, definito per il progetto LIFE SEPOSSO, \u00e8 composto dalle principali categorie di portatori d\u2019interesse coinvolti, in base al proprio ruolo, nella gestione dei trapianti di Posidonia oceanica. Sono stati pianificati incontri periodici nell\u2019ambito dei quali sono stati affrontati gli aspetti necessari a fornire chiarezza in merito\u2026","rel":"","context":"Articolo simile","block_context":{"text":"Articolo simile","link":""},"img":{"alt_text":"","src":"https:\/\/i0.wp.com\/lifeseposso.eu\/wp-content\/uploads\/panelist_stakeholders-150x150.jpg?resize=350%2C200","width":350,"height":200},"classes":[]},{"id":7112,"url":"https:\/\/lifeseposso.eu\/?page_id=7112","url_meta":{"origin":7422,"position":3},"title":"Sviluppiamo buone pratiche replicabili nell\u2019intero bacino del Mediterraneo","author":"lifeFB","date":"15 Marzo 2018","format":false,"excerpt":"Le praterie di Posidonia oceanica costituiscono uno degli ecosistemi di maggior pregio ambientale dell\u2019ambiente marino costiero mediterraneo ma ad oggi sono in forte regressione maggiormente in prossimit\u00e0 dei grandi centri urbanizzati. In Mediterraneo sono diversi gli esempi di reimpianti di P. oceanica, quale misura di compensazione, realizzati, tuttavia, senza tenere\u2026","rel":"","context":"Articolo simile","block_context":{"text":"Articolo simile","link":""},"img":{"alt_text":"","src":"https:\/\/i0.wp.com\/lifeseposso.eu\/wp-content\/uploads\/Trapianto_manuale-300x200.jpg?resize=350%2C200","width":350,"height":200},"classes":[]},{"id":7110,"url":"https:\/\/lifeseposso.eu\/?page_id=7110","url_meta":{"origin":7422,"position":4},"title":"Aumentiamo l\u2019efficienza della pianificazione e del controllo","author":"lifeFB","date":"15 Marzo 2018","format":false,"excerpt":"Ad oggi, i risultati ottenuti nell\u2019ambito dei trapianti di praterie sono stati a volte negativi e possono essere considerati ancora incerti, soprattutto se riferiti ad ampi settori di prateria e valutati alla scala temporale adeguata, ovvero a lungo termine. Il buon esito di un trapianto \u00e8 dovuto a molteplici fattori\u2026","rel":"","context":"Articolo simile","block_context":{"text":"Articolo simile","link":""},"img":{"alt_text":"port area","src":"https:\/\/i0.wp.com\/lifeseposso.eu\/wp-content\/uploads\/spot-inq04-e1518449287917-300x148.jpg?resize=350%2C200","width":350,"height":200},"classes":[]},{"id":10508,"url":"https:\/\/lifeseposso.eu\/?page_id=10508","url_meta":{"origin":7422,"position":5},"title":"Azione B.1.2: Dalla Governance all&#8217;efficacia del processo di VIA","author":"lifeFB","date":"24 Febbraio 2021","format":false,"excerpt":"Nell\u2019ambito del progetto SEPOSSO, l\u2019azione B1.2 prevedeva di realizzare una ricognizione di progetti sottoposti a VIA, che contenevano prescrizioni riguardanti interventi sull\u2019habitat prioritario 1120* (sensu Direttiva 92\/43\/CEE \"Habitat\" ) praterie di Posidonia oceanica ed eventuali operazioni di trapianto della stessa. La ricognizione \u00e8 stata effettuata utilizzando il database denominato I.De.A.\u2026","rel":"","context":"Articolo simile","block_context":{"text":"Articolo simile","link":""},"img":{"alt_text":"","src":"https:\/\/i0.wp.com\/lifeseposso.eu\/wp-content\/uploads\/DELIVERABLE_B.1.2_Basic_information_legislative_context.png?resize=350%2C200","width":350,"height":200},"classes":[]}],"rttpg_featured_image_url":null,"rttpg_author":{"display_name":"lifeFB","author_link":"https:\/\/lifeseposso.eu\/?author=5"},"rttpg_comment":0,"rttpg_category":null,"rttpg_excerpt":"Questa azione mira ad analizzare il processo di Governance che regola le operazioni di trapianto di P. oceanica, specialmente quando queste ultime vengono indicate come opere di compensazione di un","_links":{"self":[{"href":"https:\/\/lifeseposso.eu\/index.php?rest_route=\/wp\/v2\/pages\/7422","targetHints":{"allow":["GET"]}}],"collection":[{"href":"https:\/\/lifeseposso.eu\/index.php?rest_route=\/wp\/v2\/pages"}],"about":[{"href":"https:\/\/lifeseposso.eu\/index.php?rest_route=\/wp\/v2\/types\/page"}],"author":[{"embeddable":true,"href":"https:\/\/lifeseposso.eu\/index.php?rest_route=\/wp\/v2\/users\/5"}],"replies":[{"embeddable":true,"href":"https:\/\/lifeseposso.eu\/index.php?rest_route=%2Fwp%2Fv2%2Fcomments&post=7422"}],"version-history":[{"count":5,"href":"https:\/\/lifeseposso.eu\/index.php?rest_route=\/wp\/v2\/pages\/7422\/revisions"}],"predecessor-version":[{"id":7545,"href":"https:\/\/lifeseposso.eu\/index.php?rest_route=\/wp\/v2\/pages\/7422\/revisions\/7545"}],"up":[{"embeddable":true,"href":"https:\/\/lifeseposso.eu\/index.php?rest_route=\/wp\/v2\/pages\/132"}],"wp:attachment":[{"href":"https:\/\/lifeseposso.eu\/index.php?rest_route=%2Fwp%2Fv2%2Fmedia&parent=7422"}],"curies":[{"name":"wp","href":"https:\/\/api.w.org\/{rel}","templated":true}]}}