{"id":7351,"date":"2018-03-18T21:52:20","date_gmt":"2018-03-18T20:52:20","guid":{"rendered":"http:\/\/lifeseposso.eu\/?page_id=7351"},"modified":"2022-03-23T17:57:15","modified_gmt":"2022-03-23T16:57:15","slug":"video","status":"publish","type":"page","link":"https:\/\/lifeseposso.eu\/?page_id=7351","title":{"rendered":"Video"},"content":{"rendered":"<h3>Posidonia&#8230; e non solo<\/h3>\n<p><iframe loading=\"lazy\" title=\"YouTube video player\" src=\"https:\/\/www.youtube.com\/embed\/dGiLkv_hjvE\" width=\"560\" height=\"315\" frameborder=\"0\" allowfullscreen=\"allowfullscreen\"><\/iframe><\/p>\n<p>&nbsp;<\/p>\n<h3>Documentario Life SEPOSSO &#8211; ENG &#8220;<em>Posidonia oceanica<\/em>, let&#8217;s look after it&#8221;<\/h3>\n<p><iframe loading=\"lazy\" title=\"YouTube video player\" src=\"https:\/\/www.youtube.com\/embed\/nWjdGfQtGaU\" width=\"560\" height=\"315\" frameborder=\"0\" allowfullscreen=\"allowfullscreen\"><\/iframe><\/p>\n<p>&nbsp;<\/p>\n<h3>Documentario Life SEPOSSO &#8211; ITA &#8220;<em>Posidonia oceanica<\/em>, prendiamocene cura&#8221;<\/h3>\n<p><iframe loading=\"lazy\" title=\"YouTube video player\" src=\"https:\/\/www.youtube.com\/embed\/jKTzNp-MALk\" width=\"560\" height=\"315\" frameborder=\"0\" allowfullscreen=\"allowfullscreen\"><\/iframe><\/p>\n<p>&nbsp;<\/p>\n<h3>Lo sai che&#8230; le foreste marine sono a rischio (ScienceTogether-NET)<\/h3>\n<p><iframe loading=\"lazy\" title=\"YouTube video player\" src=\"https:\/\/www.youtube.com\/embed\/GAH8DxAMAgA\" width=\"500\" height=\"300\" frameborder=\"0\" allowfullscreen=\"allowfullscreen\"><\/iframe><\/p>\n<p>&nbsp;<\/p>\n<h3>Video fumetto ENG \u2013 Discovering Posidonia oceanica meadows<\/h3>\n<p><iframe loading=\"lazy\" title=\"YouTube video player\" src=\"https:\/\/www.youtube.com\/embed\/bto3GkSqxDI\" width=\"560\" height=\"315\" frameborder=\"0\" allowfullscreen=\"allowfullscreen\"><\/iframe><\/p>\n<p>&nbsp;<\/p>\n<h3>Video fumetto ITA \u2013 Alla scoperta delle praterie di Posidonia oceanica<\/h3>\n<p><iframe loading=\"lazy\" title=\"YouTube video player\" src=\"https:\/\/www.youtube.com\/embed\/CNjV2wn7baw\" width=\"560\" height=\"315\" frameborder=\"0\" allowfullscreen=\"allowfullscreen\"><\/iframe><\/p>\n<p>&nbsp;<\/p>\n<h3>Spot informativo \u2013 Il trapianto di Posidonia di Piombino<\/h3>\n<p><iframe loading=\"lazy\" title=\"YouTube video player\" src=\"https:\/\/www.youtube.com\/embed\/dmws9jANtUA\" width=\"560\" height=\"315\" frameborder=\"0\" allowfullscreen=\"allowfullscreen\"><\/iframe><\/p>\n<p>&nbsp;<\/p>\n<h3>Spot informativo \u2013 Diretta subacquea alla scuola Diaccioni &#8211; Piombino<\/h3>\n<p><iframe loading=\"lazy\" title=\"YouTube video player\" src=\"https:\/\/www.youtube.com\/embed\/nhca-3Qw9j4\" width=\"560\" height=\"315\" frameborder=\"0\" allowfullscreen=\"allowfullscreen\"><\/iframe><\/p>\n<p>&nbsp;<\/p>\n<h3>Spot informativo \u2013 Il trapianto di Posidonia di Punta San Pietro &#8211; Ischia<\/h3>\n<p><iframe loading=\"lazy\" title=\"YouTube video player\" src=\"https:\/\/www.youtube.com\/embed\/F4CsNZiCtck?rel=0\" width=\"560\" height=\"315\" frameborder=\"0\" allowfullscreen=\"allowfullscreen\"><\/iframe><\/p>\n<p>&nbsp;<\/p>\n<h3>Spot informativo \u2013 Il trapianto di Posidonia di Priolo Gargallo &#8211; Augusta<\/h3>\n<p><iframe loading=\"lazy\" title=\"YouTube video player\" src=\"https:\/\/www.youtube.com\/embed\/Nb_i4_7z-Ao?rel=0\" width=\"560\" height=\"315\" frameborder=\"0\" allowfullscreen=\"allowfullscreen\"><\/iframe><\/p>\n<p>&nbsp;<\/p>\n<h3>\u00a0Spot informativo \u2013 Il trapianto di Posidonia di Santa Marinella<\/h3>\n<p><iframe loading=\"lazy\" title=\"YouTube video player\" src=\"https:\/\/www.youtube.com\/embed\/mzI-_ekR5No?rel=0\" width=\"560\" height=\"315\" frameborder=\"0\" allowfullscreen=\"allowfullscreen\"><\/iframe><\/p>\n<p>&nbsp;<\/p>\n<h3>Spot di sensibilizzazione &#8211; impatti antropici sulle praterie di <em>Posidonia oceanica<\/em><\/h3>\n<p><iframe loading=\"lazy\" title=\"YouTube video player\" src=\"https:\/\/www.youtube.com\/embed\/7ptQZRu8wIQ?rel=0\" width=\"560\" height=\"315\" frameborder=\"0\" allowfullscreen=\"allowfullscreen\"><\/iframe><\/p>\n<p>&nbsp;<\/p>\n<h3>Spot di lancio progetto Life SEPOSSO<\/h3>\n<p><iframe loading=\"lazy\" title=\"YouTube video player\" src=\"https:\/\/www.youtube.com\/embed\/Dk_UXFo9i34?rel=0\" width=\"560\" height=\"315\" frameborder=\"0\" allowfullscreen=\"allowfullscreen\"><\/iframe><\/p>\n","protected":false},"excerpt":{"rendered":"<p>Posidonia&#8230; e non solo &nbsp; Documentario Life SEPOSSO &#8211; ENG &#8220;Posidonia oceanica, let&#8217;s look after it&#8221; &nbsp; Documentario Life SEPOSSO &#8211; ITA &#8220;Posidonia oceanica, prendiamocene cura&#8221; &nbsp; Lo sai che&#8230;<\/p>\n","protected":false},"author":5,"featured_media":0,"parent":0,"menu_order":0,"comment_status":"closed","ping_status":"closed","template":"","meta":{"jetpack_post_was_ever_published":false,"footnotes":""},"class_list":["post-7351","page","type-page","status-publish","hentry"],"jetpack_sharing_enabled":true,"jetpack_shortlink":"https:\/\/wp.me\/P9BUJq-1Uz","jetpack-related-posts":[{"id":110,"url":"https:\/\/lifeseposso.eu\/?page_id=110","url_meta":{"origin":7351,"position":0},"title":"Comunicazione","author":"life","date":"13 Novembre 2017","format":false,"excerpt":"PRODOTTI A STAMPA Layman's Report - Life SEPOSSO Fumetto GRECO \"\u0391\u03bd\u03b1\u03ba\u03b1\u03bb\u03cd\u03c0\u03c4\u03bf\u03bd\u03c4\u03b1\u03c2 \u03c4\u03b1 \u03bb\u03b9\u03b2\u03ac\u03b4\u03b9\u03b1 \u03c0\u03bf\u03c3\u03b5\u03b9\u03b4\u03c9\u03bd\u03af\u03b1\u03c2\" Fumetto INGLESE \"Discovering Posidonia oceanica seagrass meadows\" Brochure Life SEPOSSO 21x21 cm ITA Brochure Life SEPOSSO 21x21 cm ENG Notice board Piombino 120x80 cm Notice board Ischia 120x80 cm Notice board Augusta\/Priolo 120x80 cm Notice board\u2026","rel":"","context":"Articolo simile","block_context":{"text":"Articolo simile","link":""},"img":{"alt_text":"","src":"https:\/\/i0.wp.com\/lifeseposso.eu\/wp-content\/uploads\/LAYMANS_REPORT_LifeSEPOSSO.png?resize=350%2C200","width":350,"height":200},"classes":[]},{"id":3615,"url":"https:\/\/lifeseposso.eu\/","url_meta":{"origin":7351,"position":1},"title":"Home","author":"life","date":"14 Maggio 2014","format":false,"excerpt":"[vc_row][\/vc_row][vc_row][vc_column][vc_column_text] Il progetto Life SEPOSSO [\/vc_column_text][vc_column_text]Il progetto Life SEPOSSO (LIFE16 GIE\/IT\/000761), Supporting Environmental governance for the POSidonia oceanica Sustainable transplanting Operations, LIFE16 GIE\/IT\/000761, realizzato con il contributo della Commissione Europea, ha l\u2019obiettivo di migliorare la Governance italiana dei trapianti di Posidonia oceanica, habitat marino prioritario 1120* sensu Direttiva Habitat (1992\/43\/EEC),\u2026","rel":"","context":"Articolo simile","block_context":{"text":"Articolo simile","link":""},"img":{"alt_text":"","src":"https:\/\/i0.wp.com\/lifeseposso.eu\/wp-content\/uploads\/COMPOSIZIONE_LANCIO_small2-300x225.png?resize=350%2C200","width":350,"height":200},"classes":[]},{"id":7435,"url":"https:\/\/lifeseposso.eu\/?page_id=7435","url_meta":{"origin":7351,"position":2},"title":"Azione B.4: Manuali tecnici del progetto SEPOSSO","author":"lifeFB","date":"22 Marzo 2018","format":false,"excerpt":"I manuali tecnici sintetizzano le principali informazioni emerse dalle azioni di progetto relativamente alla valutazione della fattibilit\u00e0, modalit\u00e0 operative e monitoraggio del trapianto di Posdonia oceanica. Il \"Manuale per la pianificazione, realizzazione e monitoraggio dei trapianti di Posidonia oceanica\" descrive i vari aspetti di gestione e di valutazione della fattibilit\u00e0\u2026","rel":"","context":"Articolo simile","block_context":{"text":"Articolo simile","link":""},"img":{"alt_text":"","src":"https:\/\/i0.wp.com\/lifeseposso.eu\/wp-content\/uploads\/MANUALE_B.4_pianificazione_ENG.png?resize=350%2C200","width":350,"height":200},"classes":[]},{"id":8844,"url":"https:\/\/lifeseposso.eu\/?page_id=8844","url_meta":{"origin":7351,"position":3},"title":"KIT DIDATTICO SEPOSSO","author":"lifeFB","date":"29 Marzo 2019","format":false,"excerpt":"Da questa pagina \u00e8 possibile scaricare il Kit didattico del progetto LIFE SEPOSSO e il materiale necessario per svolgere le attivit\u00e0 illustrate nei diversi moduli. Cos'\u00e8 il Kit Didattico SEPOSSO? Il Kit \u00e8 uno strumento didattico per gli studenti delle scuole primarie e secondarie di 1\u00b0 grado, ideato per far\u2026","rel":"","context":"Articolo simile","block_context":{"text":"Articolo simile","link":""},"img":{"alt_text":"","src":"https:\/\/i0.wp.com\/lifeseposso.eu\/wp-content\/uploads\/pagina_1_kit-212x300.png?resize=350%2C200","width":350,"height":200},"classes":[]},{"id":11413,"url":"https:\/\/lifeseposso.eu\/?page_id=11413","url_meta":{"origin":7351,"position":4},"title":"Azione A.3\/B.2 &#8211; La casistica dei trapianti in Italia","author":"lifeFB","date":"1 Aprile 2022","format":false,"excerpt":"Nell\u2019ambito dell\u2019azione A3, \u201cPosidonia oceanica transplanting: case studies analysis\u201d, la cui finalit\u00e0 \u00e8 stata la condivisione delle informazioni di tipo tecnico-scientifico relative ai trapianti di Posidonia oceanica, durante il primo anno di Progetto sono stati analizzati i quattro siti principali di trapianto in Toscana (Piombino), Lazio (Civitavecchia-S. Marinella), Campania (Ischia)\u2026","rel":"","context":"Articolo simile","block_context":{"text":"Articolo simile","link":""},"img":{"alt_text":"","src":"https:\/\/i0.wp.com\/lifeseposso.eu\/wp-content\/uploads\/DELIVERABLE_A.3_case_studies_analysis.png?resize=350%2C200","width":350,"height":200},"classes":[]},{"id":11157,"url":"https:\/\/lifeseposso.eu\/?page_id=11157","url_meta":{"origin":7351,"position":5},"title":"Manuali e Linee Guida","author":"lifeFB","date":"20 Febbraio 2022","format":false,"excerpt":"Manuale per la pianificazione, realizzazione e monitoraggio dei trapianti di Posidonia oceanica - ITA Manual for the planning, implementation and monitoring of transplantation of Posidonia oceanica - ENG Manuale delle tecniche e delle procedure operative per il trapianto di Posidonia oceanica - ITA Manual of techniques and procedures for the\u2026","rel":"","context":"Articolo simile","block_context":{"text":"Articolo simile","link":""},"img":{"alt_text":"","src":"https:\/\/i0.wp.com\/lifeseposso.eu\/wp-content\/uploads\/MANUALE_B.4_pianificazione.png?resize=350%2C200","width":350,"height":200},"classes":[]}],"rttpg_featured_image_url":null,"rttpg_author":{"display_name":"lifeFB","author_link":"https:\/\/lifeseposso.eu\/?author=5"},"rttpg_comment":0,"rttpg_category":null,"rttpg_excerpt":"Posidonia&#8230; e non solo &nbsp; Documentario Life SEPOSSO &#8211; ENG &#8220;Posidonia oceanica, let&#8217;s look after it&#8221; &nbsp; Documentario Life SEPOSSO &#8211; ITA &#8220;Posidonia oceanica, prendiamocene cura&#8221; &nbsp; Lo sai che&#8230;","_links":{"self":[{"href":"https:\/\/lifeseposso.eu\/index.php?rest_route=\/wp\/v2\/pages\/7351","targetHints":{"allow":["GET"]}}],"collection":[{"href":"https:\/\/lifeseposso.eu\/index.php?rest_route=\/wp\/v2\/pages"}],"about":[{"href":"https:\/\/lifeseposso.eu\/index.php?rest_route=\/wp\/v2\/types\/page"}],"author":[{"embeddable":true,"href":"https:\/\/lifeseposso.eu\/index.php?rest_route=\/wp\/v2\/users\/5"}],"replies":[{"embeddable":true,"href":"https:\/\/lifeseposso.eu\/index.php?rest_route=%2Fwp%2Fv2%2Fcomments&post=7351"}],"version-history":[{"count":24,"href":"https:\/\/lifeseposso.eu\/index.php?rest_route=\/wp\/v2\/pages\/7351\/revisions"}],"predecessor-version":[{"id":11288,"href":"https:\/\/lifeseposso.eu\/index.php?rest_route=\/wp\/v2\/pages\/7351\/revisions\/11288"}],"wp:attachment":[{"href":"https:\/\/lifeseposso.eu\/index.php?rest_route=%2Fwp%2Fv2%2Fmedia&parent=7351"}],"curies":[{"name":"wp","href":"https:\/\/api.w.org\/{rel}","templated":true}]}}