{"id":7112,"date":"2018-03-15T17:38:30","date_gmt":"2018-03-15T16:38:30","guid":{"rendered":"http:\/\/lifeseposso.eu\/?page_id=7112"},"modified":"2023-01-20T12:06:32","modified_gmt":"2023-01-20T11:06:32","slug":"sviluppiamo-buone-pratiche-replicabili-nellintero-bacino-del-mediterraneo","status":"publish","type":"page","link":"https:\/\/lifeseposso.eu\/?page_id=7112","title":{"rendered":"Sviluppiamo buone pratiche replicabili nell\u2019intero bacino del Mediterraneo"},"content":{"rendered":"<p><img data-recalc-dims=\"1\" loading=\"lazy\" decoding=\"async\" data-attachment-id=\"7301\" data-permalink=\"https:\/\/lifeseposso.eu\/?attachment_id=7301\" data-orig-file=\"https:\/\/i0.wp.com\/lifeseposso.eu\/wp-content\/uploads\/Trapianto_manuale.jpg?fit=1143%2C762&amp;ssl=1\" data-orig-size=\"1143,762\" data-comments-opened=\"0\" data-image-meta=\"{&quot;aperture&quot;:&quot;0&quot;,&quot;credit&quot;:&quot;&quot;,&quot;camera&quot;:&quot;&quot;,&quot;caption&quot;:&quot;&quot;,&quot;created_timestamp&quot;:&quot;1521460801&quot;,&quot;copyright&quot;:&quot;&quot;,&quot;focal_length&quot;:&quot;0&quot;,&quot;iso&quot;:&quot;0&quot;,&quot;shutter_speed&quot;:&quot;0&quot;,&quot;title&quot;:&quot;&quot;,&quot;orientation&quot;:&quot;1&quot;}\" data-image-title=\"Trapianto_manuale\" data-image-description=\"\" data-image-caption=\"\" data-large-file=\"https:\/\/i0.wp.com\/lifeseposso.eu\/wp-content\/uploads\/Trapianto_manuale.jpg?fit=848%2C566&amp;ssl=1\" class=\"size-medium wp-image-7301 alignright\" src=\"https:\/\/i0.wp.com\/lifeseposso.eu\/wp-content\/uploads\/Trapianto_manuale.jpg?resize=300%2C200&#038;ssl=1\" alt=\"\" width=\"300\" height=\"200\" srcset=\"https:\/\/i0.wp.com\/lifeseposso.eu\/wp-content\/uploads\/Trapianto_manuale.jpg?resize=300%2C200&amp;ssl=1 300w, https:\/\/i0.wp.com\/lifeseposso.eu\/wp-content\/uploads\/Trapianto_manuale.jpg?resize=768%2C512&amp;ssl=1 768w, https:\/\/i0.wp.com\/lifeseposso.eu\/wp-content\/uploads\/Trapianto_manuale.jpg?resize=1024%2C683&amp;ssl=1 1024w, https:\/\/i0.wp.com\/lifeseposso.eu\/wp-content\/uploads\/Trapianto_manuale.jpg?resize=24%2C16&amp;ssl=1 24w, https:\/\/i0.wp.com\/lifeseposso.eu\/wp-content\/uploads\/Trapianto_manuale.jpg?resize=36%2C24&amp;ssl=1 36w, https:\/\/i0.wp.com\/lifeseposso.eu\/wp-content\/uploads\/Trapianto_manuale.jpg?resize=48%2C32&amp;ssl=1 48w, https:\/\/i0.wp.com\/lifeseposso.eu\/wp-content\/uploads\/Trapianto_manuale.jpg?w=1143&amp;ssl=1 1143w\" sizes=\"auto, (max-width: 300px) 100vw, 300px\" \/>Le praterie di<em> Posidonia oceanica<\/em> costituiscono uno degli <strong>ecosistemi di maggior pregio ambientale dell\u2019ambiente marino costiero mediterraneo<\/strong> ma ad oggi sono in forte regressione maggiormente in prossimit\u00e0 dei grandi centri urbanizzati.<\/p>\n<p>In Mediterraneo sono diversi gli esempi di reimpianti di <em>P. oceanica<\/em>, quale misura di compensazione, realizzati, tuttavia, senza tenere conto della necessit\u00e0 che le procedure di trapianto da un lato devono essere sito-specifiche e dall\u2019altro devono essere inserite in pi\u00f9 ampi progetti di gestione integrata della fascia costiera.<\/p>\n<p>Spesso \u00e8 stato sottovalutato che il<strong> valore ecologico<\/strong> e i <strong>servizi ecosistemici<\/strong> fornito dalle praterie impongono una scrupolosa valutazione nelle fasi autorizzative di opere la cui realizzazione possa comportare effetti diretti e\/o indiretti su settori pi\u00f9 o meno ampi di prateria, come nell&#8217;ambito di opere soggette a Valutazione di Impatto Ambientale (VIA). Allorquando tali autorizzazioni vengano concesse, dovranno essere valutate <strong>tutte le prescrizioni utili ai fini della minimizzazione dei danni<\/strong>. Inoltre, qualora il trapianto di <em>P. oceanica<\/em> sia indicato come misura compensativa dell\u2019impatto, \u00e8 necessario che il trapianto venga realizzato utilizzando, caso per caso, tecniche di intervento ragionevolmente consolidate e affidabili, gi\u00e0 testate mediante monitoraggi pluriennali.<\/p>\n<p>E\u2019 pertanto auspicabile che strumenti innovativi e affidabili, <strong>in sinergia con specifici manuali tecnici e linee guida<\/strong> specifiche in ambito VIA, siano condivisi e replicabili sia al livello nazionale sia Mediterraneo al fine di renderli strumenti univoci per affrontare in modo pi\u00f9 efficace ed efficiente la Governance del trapianto di Posidonia, in linea con la politica ambientale Europea.<\/p>\n<h3>Azione B.4: Trasferibilit\u00e0 e replicabilit\u00e0 dei risultati e soluzioni del progetto SEPOSSO<\/h3>\n<p>Lo scopo di questa azione \u00e8 trasferire a livello nazionale ed europeo i risultati e prodotti del LIFE SEPOSSO ai diversi stakeholder coinvolti, al fine di rendere le buone pratiche sviluppate nel progetto replicabili.<\/p>\n<p>La <strong>trasferibilit\u00e0<\/strong> e la <strong>replicabilit\u00e0<\/strong> dei risultati e delle soluzioni del progetto sono state supportate mediante la pubblicazione di manuali tecnici, l\u2019organizzazione di corsi di formazione e la creazione di uno specifico networking tra diversi Paesi mediterranei.<\/p>\n<p>I <strong>manuali tecnici<\/strong> sintetizzano in modo critico le principali informazioni provenienti dalle altre azioni di progetto inerenti il processo di valutazione della fattibilit\u00e0, delle modalit\u00e0 operative e del controllo del trapianto di <em>P. oceanica<\/em>.<\/p>\n<p>I <strong>corsi di formazione<\/strong> sono stati realizzati per garantire la trasferibilit\u00e0 e la replicabilit\u00e0 degli output del progetto a scala nazionale durante la vita del progetto e aumenteranno le possibilit\u00e0 di successo della sua continuazione dopo la fine del progetto stesso.<\/p>\n<p>Ulteriore valore \u00e8 stato sviluppato attraverso dibattiti e <strong>scambi con altri progetti europei<\/strong> e paesi del bacino Mediterraneo per gestire al meglio la protezione e il ripristino delle praterie di <em>P. oceanica<\/em>.<\/p>\n<p><span style=\"text-decoration: underline;\"><a href=\"https:\/\/lifeseposso.eu\/?page_id=7435\" rel=\"noopener\"><strong>Manuali tecnici<\/strong><\/a><br \/>\n<\/span><\/p>\n<p><a href=\"https:\/\/lifeseposso.eu\/?page_id=10628\" rel=\"noopener\"><span style=\"text-decoration: underline;\"><strong>Corsi di formazione<\/strong><\/span><\/a><\/p>\n<p><a href=\"https:\/\/lifeseposso.eu\/?page_id=10627\" rel=\"noopener\"><span style=\"text-decoration: underline;\"><strong>Trasferibilit\u00e0 e Replicabilit\u00e0 in Paesi mediterranei<\/strong><\/span><\/a><\/p>\n<div class=\"clearfix\" style=\"height: 20px\"><\/div><div class=\"clearfix\" style=\"height: 20px\"><\/div><div class=\"clearfix\" style=\"height: 20px\"><\/div>\n","protected":false},"excerpt":{"rendered":"<p>Le praterie di Posidonia oceanica costituiscono uno degli ecosistemi di maggior pregio ambientale dell\u2019ambiente marino costiero mediterraneo ma ad oggi sono in forte regressione maggiormente in prossimit\u00e0 dei grandi centri<\/p>\n","protected":false},"author":5,"featured_media":0,"parent":132,"menu_order":4,"comment_status":"closed","ping_status":"closed","template":"","meta":{"jetpack_post_was_ever_published":false,"footnotes":""},"class_list":["post-7112","page","type-page","status-publish","hentry"],"jetpack_sharing_enabled":true,"jetpack_shortlink":"https:\/\/wp.me\/P9BUJq-1QI","jetpack-related-posts":[{"id":10628,"url":"https:\/\/lifeseposso.eu\/?page_id=10628","url_meta":{"origin":7112,"position":0},"title":"Azione B.4: Corsi di formazione del progetto SEPOSSO","author":"lifeFB","date":"30 Marzo 2021","format":false,"excerpt":"I corsi di formazione sono mirati alla condivisione delle conoscenze e degli strumenti messi a punto per la gestione delle praterie di Posidonia oceanica nelle valutazioni ambientali. Le tematiche riguardano la condivisione di prodotti di progetto, come i manuali tecnici, le Linee Guida e la piattaforma web (Posidonia Transplanting Web\u2026","rel":"","context":"Articolo simile","block_context":{"text":"Articolo simile","link":""},"img":{"alt_text":"","src":"","width":0,"height":0},"classes":[]},{"id":8708,"url":"https:\/\/lifeseposso.eu\/?page_id=8708","url_meta":{"origin":7112,"position":1},"title":"Le praterie di Posidonia oceanica","author":"lifeFB","date":"6 Novembre 2018","format":false,"excerpt":"Posidonia oceanica 1. Caratteristiche biologiche \u00a0 Posidonia oceanica (L.) Delile, sebbene spesso confusa con le alghe, \u00e8 una fanerogama marina, ovvero una pianta che produce fiori e frutti. La specie \u00e8 endemica del mar Mediterraneo. La pianta \u00e8 organizzata in radici, fusto - detto rizoma a causa dell'habitus ipogeo -\u2026","rel":"","context":"Articolo simile","block_context":{"text":"Articolo simile","link":""},"img":{"alt_text":"","src":"https:\/\/i0.wp.com\/lifeseposso.eu\/wp-content\/uploads\/infiorescenza_3-e1553781647235-300x238.jpg?resize=350%2C200","width":350,"height":200},"classes":[]},{"id":3615,"url":"https:\/\/lifeseposso.eu\/","url_meta":{"origin":7112,"position":2},"title":"Home","author":"life","date":"14 Maggio 2014","format":false,"excerpt":"[vc_row][\/vc_row][vc_row][vc_column][vc_column_text] Il progetto Life SEPOSSO [\/vc_column_text][vc_column_text]Il progetto Life SEPOSSO (LIFE16 GIE\/IT\/000761), Supporting Environmental governance for the POSidonia oceanica Sustainable transplanting Operations, LIFE16 GIE\/IT\/000761, realizzato con il contributo della Commissione Europea, ha l\u2019obiettivo di migliorare la Governance italiana dei trapianti di Posidonia oceanica, habitat marino prioritario 1120* sensu Direttiva Habitat (1992\/43\/EEC),\u2026","rel":"","context":"Articolo simile","block_context":{"text":"Articolo simile","link":""},"img":{"alt_text":"","src":"https:\/\/i0.wp.com\/lifeseposso.eu\/wp-content\/uploads\/COMPOSIZIONE_LANCIO_small2-300x225.png?resize=350%2C200","width":350,"height":200},"classes":[]},{"id":10627,"url":"https:\/\/lifeseposso.eu\/?page_id=10627","url_meta":{"origin":7112,"position":3},"title":"Azione B.4: Trasferibilit\u00e0 e Replicabilit\u00e0 in Paesi mediterranei","author":"lifeFB","date":"30 Marzo 2021","format":false,"excerpt":"Per garantire la Trasferibilit\u00e0 e la Replicabilit\u00e0 delle soluzioni e dei prodotti maturati nel corso del progetto, Life SEPOSSO ha intrapreso una serie di incontri e di attivit\u00e0 di Networking con i principali attori a livello europeo coinvolti nella gestione e nella Governance delle praterie di Posidonia oceanica. 15-17 settembre\u2026","rel":"","context":"Articolo simile","block_context":{"text":"Articolo simile","link":""},"img":{"alt_text":"","src":"","width":0,"height":0},"classes":[]},{"id":7101,"url":"https:\/\/lifeseposso.eu\/?page_id=7101","url_meta":{"origin":7112,"position":4},"title":"Sosteniamo l\u2019attuazione delle Direttive Europee Ambientali","author":"lifeFB","date":"15 Marzo 2018","format":false,"excerpt":"La Politica Marittima Integrata (PMI) europea cerca di fornire un approccio pi\u00f9 coerente alle questioni marittime, con un maggiore coordinamento tra i diversi settori politici e i diversi attori coinvolti (stakeholders). La direttiva sulla Pianificazione dello Spazio Marittimo (MSP - 2014\/89\/CE) \u00e8 una delle principali azioni condotte dall'UE nel quadro\u2026","rel":"","context":"Articolo simile","block_context":{"text":"Articolo simile","link":""},"img":{"alt_text":"Europe flag","src":"https:\/\/i0.wp.com\/lifeseposso.eu\/wp-content\/uploads\/euflag.jpg?resize=350%2C200","width":350,"height":200},"classes":[]},{"id":7654,"url":"https:\/\/lifeseposso.eu\/?page_id=7654","url_meta":{"origin":7112,"position":5},"title":"Stakeholders &#8211; Table","author":"lifeFB","date":"14 Aprile 2018","format":false,"excerpt":"Nel quadro della pianificazione e gestione sostenibile delle risorse naturali, il ripristino delle praterie di Posidonia oceanica richiede una attenta e specifica pianificazione relativa alla fattibilit\u00e0 e alle modalit\u00e0 di trapianto e al loro controllo. Questo progetto affronta questi temi, in termini di rispetto della legislazione attuale, autorizzazioni necessarie e\u2026","rel":"","context":"Articolo simile","block_context":{"text":"Articolo simile","link":""},"img":{"alt_text":"","src":"","width":0,"height":0},"classes":[]}],"rttpg_featured_image_url":null,"rttpg_author":{"display_name":"lifeFB","author_link":"https:\/\/lifeseposso.eu\/?author=5"},"rttpg_comment":0,"rttpg_category":null,"rttpg_excerpt":"Le praterie di Posidonia oceanica costituiscono uno degli ecosistemi di maggior pregio ambientale dell\u2019ambiente marino costiero mediterraneo ma ad oggi sono in forte regressione maggiormente in prossimit\u00e0 dei grandi centri","_links":{"self":[{"href":"https:\/\/lifeseposso.eu\/index.php?rest_route=\/wp\/v2\/pages\/7112","targetHints":{"allow":["GET"]}}],"collection":[{"href":"https:\/\/lifeseposso.eu\/index.php?rest_route=\/wp\/v2\/pages"}],"about":[{"href":"https:\/\/lifeseposso.eu\/index.php?rest_route=\/wp\/v2\/types\/page"}],"author":[{"embeddable":true,"href":"https:\/\/lifeseposso.eu\/index.php?rest_route=\/wp\/v2\/users\/5"}],"replies":[{"embeddable":true,"href":"https:\/\/lifeseposso.eu\/index.php?rest_route=%2Fwp%2Fv2%2Fcomments&post=7112"}],"version-history":[{"count":15,"href":"https:\/\/lifeseposso.eu\/index.php?rest_route=\/wp\/v2\/pages\/7112\/revisions"}],"predecessor-version":[{"id":11742,"href":"https:\/\/lifeseposso.eu\/index.php?rest_route=\/wp\/v2\/pages\/7112\/revisions\/11742"}],"up":[{"embeddable":true,"href":"https:\/\/lifeseposso.eu\/index.php?rest_route=\/wp\/v2\/pages\/132"}],"wp:attachment":[{"href":"https:\/\/lifeseposso.eu\/index.php?rest_route=%2Fwp%2Fv2%2Fmedia&parent=7112"}],"curies":[{"name":"wp","href":"https:\/\/api.w.org\/{rel}","templated":true}]}}