{"id":7110,"date":"2018-03-15T17:36:39","date_gmt":"2018-03-15T16:36:39","guid":{"rendered":"http:\/\/lifeseposso.eu\/?page_id=7110"},"modified":"2023-01-20T20:29:20","modified_gmt":"2023-01-20T19:29:20","slug":"aumentiamo-lefficienza-della-pianificazione-e-del-controllo","status":"publish","type":"page","link":"https:\/\/lifeseposso.eu\/?page_id=7110","title":{"rendered":"Aumentiamo l\u2019efficienza della pianificazione e del controllo"},"content":{"rendered":"<p><img data-recalc-dims=\"1\" loading=\"lazy\" decoding=\"async\" data-attachment-id=\"7055\" data-permalink=\"https:\/\/lifeseposso.eu\/?attachment_id=7055\" data-orig-file=\"https:\/\/i0.wp.com\/lifeseposso.eu\/wp-content\/uploads\/spot-inq04-e1518449287917.jpg?fit=1280%2C630&amp;ssl=1\" data-orig-size=\"1280,630\" data-comments-opened=\"0\" data-image-meta=\"{&quot;aperture&quot;:&quot;0&quot;,&quot;credit&quot;:&quot;&quot;,&quot;camera&quot;:&quot;&quot;,&quot;caption&quot;:&quot;&quot;,&quot;created_timestamp&quot;:&quot;0&quot;,&quot;copyright&quot;:&quot;&quot;,&quot;focal_length&quot;:&quot;0&quot;,&quot;iso&quot;:&quot;0&quot;,&quot;shutter_speed&quot;:&quot;0&quot;,&quot;title&quot;:&quot;&quot;,&quot;orientation&quot;:&quot;1&quot;}\" data-image-title=\"spot inq04\" data-image-description=\"\" data-image-caption=\"\" data-large-file=\"https:\/\/i0.wp.com\/lifeseposso.eu\/wp-content\/uploads\/spot-inq04-e1518449287917.jpg?fit=848%2C417&amp;ssl=1\" class=\"size-medium wp-image-7055 alignright\" src=\"https:\/\/i0.wp.com\/lifeseposso.eu\/wp-content\/uploads\/spot-inq04-e1518449287917-300x148.jpg?resize=300%2C148&#038;ssl=1\" alt=\"port area\" width=\"300\" height=\"148\" srcset=\"https:\/\/i0.wp.com\/lifeseposso.eu\/wp-content\/uploads\/spot-inq04-e1518449287917.jpg?resize=300%2C148&amp;ssl=1 300w, https:\/\/i0.wp.com\/lifeseposso.eu\/wp-content\/uploads\/spot-inq04-e1518449287917.jpg?resize=768%2C378&amp;ssl=1 768w, https:\/\/i0.wp.com\/lifeseposso.eu\/wp-content\/uploads\/spot-inq04-e1518449287917.jpg?resize=1024%2C504&amp;ssl=1 1024w, https:\/\/i0.wp.com\/lifeseposso.eu\/wp-content\/uploads\/spot-inq04-e1518449287917.jpg?resize=24%2C12&amp;ssl=1 24w, https:\/\/i0.wp.com\/lifeseposso.eu\/wp-content\/uploads\/spot-inq04-e1518449287917.jpg?resize=36%2C18&amp;ssl=1 36w, https:\/\/i0.wp.com\/lifeseposso.eu\/wp-content\/uploads\/spot-inq04-e1518449287917.jpg?resize=48%2C24&amp;ssl=1 48w, https:\/\/i0.wp.com\/lifeseposso.eu\/wp-content\/uploads\/spot-inq04-e1518449287917.jpg?w=1280&amp;ssl=1 1280w\" sizes=\"auto, (max-width: 300px) 100vw, 300px\" \/>Ad oggi, i risultati ottenuti nell\u2019ambito dei trapianti di praterie sono stati a volte negativi e possono essere considerati ancora incerti, soprattutto se riferiti ad ampi settori di prateria e valutati alla scala temporale adeguata, ovvero a lungo termine.<\/p>\n<p>Il <strong>buon esito di un trapianto<\/strong> \u00e8 dovuto a molteplici fattori legati ad una corretta pianificazione delle attivit\u00e0, alle modalit\u00e0 di attuazione del trapianto e al loro controllo. Quando, <strong>nell&#8217;ambito della VIA<\/strong>, il trapianto viene realizzato come misura di compensazione di una prateria di Posidonia danneggiata da un&#8217;attivit\u00e0 antropica, la sua funzione risarcitoria nei confronti dell&#8217;habitat perduto, del suo valore ecologico e dei servizi ecosistemici forniti \u00e8 ancora pi\u00f9 difficile da garantire. In questi casi, il buon esito di un trapianto rischia di essere compromesso anche da una Governance che risente della variabilit\u00e0 delle norme nazionali e regionali, dell&#8217;eterogeneit\u00e0 degli Stakeholders coinvolti e della <strong>mancanza di strumenti univoci per la pianificazione, la gestione e il controllo<\/strong> da parte dei diversi attori coinvolti.<\/p>\n<p>Pertanto per garantire l&#8217;efficacia di un trapianto di <em>P. oceanica<\/em> occorre aumentare l&#8217;efficienza della pianificazione delle attivit\u00e0, delle modalit\u00e0 operative, del monitoraggio e del controllo degli interventi. Specifici strumenti elettronici innovativi e affidabili contribuiranno a tale obiettivo contribuendo, inoltre, a una migliore implementazione delle Direttive sulla Valutazione d&#8217;Impatto Ambientale (EIA 2014\/52\/UE) e sulla Pianificazione dello Spazio Marittimo (MSP 2014\/89\/UE).<\/p>\n<p>Nella gestione del trapianto di <em>P. oceanica<\/em> \u00e8 fondamentale raggiungere sia un&#8217;adeguata pianificazione sulla fattibilit\u00e0 che modalit\u00e0 operative e metodi efficaci di monitoraggio e controllo delle prestazioni degli interventi. Il progetto fornir\u00e0 strumenti per pianificare e controllare le attivit\u00e0 di trapianto delle praterie di <em>P. oceanica<\/em> in un&#8217;ottica integrata, per una gestione sostenibile delle risorse ambientali, mirata alla conservazione delle risorse naturali marine e costiere.<\/p>\n<h3><\/h3>\n<h3>Azione B.3: Sviluppiamo sistemi elettronici per supportare la governance dei trapianti<\/h3>\n<p>Lo scopo di questa azione \u00e8 <strong>sviluppare e implementare sistemi elettronici user-friendly per supportare la Governance<\/strong> del trapianto di <em>P. oceanica<\/em>, stimolando il flusso di dati e informazioni tra i diversi <em>Stakeholders<\/em> coinvolti nel processo. Allo stesso tempo, l&#8217;ampia accessibilit\u00e0 pubblica ai dati e alle informazioni attraverso questi sistemi sar\u00e0 uno strumento utile per promuovere la conoscenza e la consapevolezza su questo tema e per generare sostegno sia delle parti interessate sia del pubblico, in conformit\u00e0 con la legislazione ambientale dell&#8217;UE.<\/p>\n<p>Tra i molteplici fattori che condizionano l&#8217;efficienza del trapianto di Posidonia, la valutazione della sua fattibilit\u00e0, la selezione delle modalit\u00e0 e dei siti operativi insieme all&#8217;attuazione di un controllo efficace delle diverse fasi del processo, rappresentano problemi focali.<\/p>\n<p>La <strong>creazione di una piattaforma web-mobile, Posidonia Transplanting Web Platform (PTWP)<\/strong> e l\u2019implementazione di indici volti alla selezione preliminare di siti idonei al trapianto, consente l\u2019analisi, l\u2019integrazione e la condivisione di informazioni sulle attivit\u00e0 di trapianto e fornisce supporto ai processi autorizzativi e di controllo nell\u2019ambito della VIA. Tale strumento \u00e8 rivolto a tutti gli attori coinvolti, pubblici, privati, politici, controllori e tecnici.<\/p>\n<p><a href=\"https:\/\/lifeseposso.eu\/?page_id=11456\"><span style=\"text-decoration: underline;\"><strong>Sviluppo di una piattaforma web di integrazione, analisi e condivisione di dati ambientali e normativi<\/strong><\/span><\/a><\/p>\n<p><span style=\"text-decoration: underline;\"><strong><a href=\"https:\/\/lifeseposso.eu\/?page_id=10609\" target=\"_blank\" rel=\"noopener\">Implementazione di Preliminary Transplant Suitability Index (PTSI)<\/a><\/strong><br \/>\n<\/span><\/p>\n<p><span style=\"text-decoration: underline;\"><div class=\"clearfix\" style=\"height: 20px\"><\/div><div class=\"clearfix\" style=\"height: 20px\"><\/div><div class=\"clearfix\" style=\"height: 20px\"><\/div>\n<\/span><\/p>\n","protected":false},"excerpt":{"rendered":"<p>Ad oggi, i risultati ottenuti nell\u2019ambito dei trapianti di praterie sono stati a volte negativi e possono essere considerati ancora incerti, soprattutto se riferiti ad ampi settori di prateria e<\/p>\n","protected":false},"author":5,"featured_media":0,"parent":132,"menu_order":3,"comment_status":"closed","ping_status":"closed","template":"","meta":{"jetpack_post_was_ever_published":false,"footnotes":""},"class_list":["post-7110","page","type-page","status-publish","hentry"],"jetpack_sharing_enabled":true,"jetpack_shortlink":"https:\/\/wp.me\/P9BUJq-1QG","jetpack-related-posts":[{"id":10609,"url":"https:\/\/lifeseposso.eu\/?page_id=10609","url_meta":{"origin":7110,"position":0},"title":"Azione B.3.2: Implementazione di Preliminary Transplant Suitability Index (PTSI)","author":"lifeFB","date":"30 Marzo 2021","format":false,"excerpt":"Nell'ambito di questa azione sono stati raccolti nuovi e ulteriori dati utili per l'implementazione di indici volti alla selezione preliminare di siti idonei al trapianto di P. oceanica. La gestione corretta di un intervento di trapianto richiede specifiche competenze tecnico-scientifiche, nonch\u00e9 l\u2019applicazione di un iter procedurale specifico, che permetta la\u2026","rel":"","context":"Articolo simile","block_context":{"text":"Articolo simile","link":""},"img":{"alt_text":"","src":"https:\/\/i0.wp.com\/lifeseposso.eu\/wp-content\/uploads\/DELIVERABLE_B.3.2_Report-of-data-collected-for-Posidonia-oceanica-management-and-transplant_30.04.2020.png?resize=350%2C200","width":350,"height":200},"classes":[]},{"id":9180,"url":"https:\/\/lifeseposso.eu\/?page_id=9180","url_meta":{"origin":7110,"position":1},"title":"Ischia","author":"lifeFB","date":"8 Agosto 2019","format":false,"excerpt":"Contesto Nell\u2019ambito del progetto di metanizzazione dell\u2019isola di Ischia (NA), che prevedeva la realizzazione di un gasdotto che collegasse la terraferma, ovvero il litorale del Lago Fusaro nel comune di Bacoli (NA), a Punta San Pietro, nel comune di Ischia (NA), nel 2009 \u00e8 stata eseguita la posa del gasdotto.\u2026","rel":"","context":"Articolo simile","block_context":{"text":"Articolo simile","link":""},"img":{"alt_text":"","src":"https:\/\/i0.wp.com\/lifeseposso.eu\/wp-content\/uploads\/Fig.1_B.2_Ischia-275x300.png?resize=350%2C200","width":350,"height":200},"classes":[]},{"id":9052,"url":"https:\/\/lifeseposso.eu\/?page_id=9052","url_meta":{"origin":7110,"position":2},"title":"Civitavecchia &#8211; S. Marinella","author":"lifeFB","date":"6 Agosto 2019","format":false,"excerpt":"Contesto Nell\u2019ambito del progetto di conversione a carbone della centrale termoelettrica dell'ENEL di Torrevaldaliga, a nord di Civitavecchia, \u00e8 stato previsto la realizzazione di alcune banchine attrezzate per lo scarico del carbone. Queste hanno richiesto il dragaggio dei fondi antistanti la centrale e la conseguente rimozione di una vasta porzione,\u2026","rel":"","context":"Articolo simile","block_context":{"text":"Articolo simile","link":""},"img":{"alt_text":"","src":"https:\/\/i0.wp.com\/lifeseposso.eu\/wp-content\/uploads\/Fig.1_B.2_Civitavecchia-224x300.png?resize=350%2C200","width":350,"height":200},"classes":[]},{"id":7435,"url":"https:\/\/lifeseposso.eu\/?page_id=7435","url_meta":{"origin":7110,"position":3},"title":"Azione B.4: Manuali tecnici del progetto SEPOSSO","author":"lifeFB","date":"22 Marzo 2018","format":false,"excerpt":"I manuali tecnici sintetizzano le principali informazioni emerse dalle azioni di progetto relativamente alla valutazione della fattibilit\u00e0, modalit\u00e0 operative e monitoraggio del trapianto di Posdonia oceanica. Il \"Manuale per la pianificazione, realizzazione e monitoraggio dei trapianti di Posidonia oceanica\" descrive i vari aspetti di gestione e di valutazione della fattibilit\u00e0\u2026","rel":"","context":"Articolo simile","block_context":{"text":"Articolo simile","link":""},"img":{"alt_text":"","src":"https:\/\/i0.wp.com\/lifeseposso.eu\/wp-content\/uploads\/MANUALE_B.4_pianificazione_ENG.png?resize=350%2C200","width":350,"height":200},"classes":[]},{"id":9184,"url":"https:\/\/lifeseposso.eu\/?page_id=9184","url_meta":{"origin":7110,"position":4},"title":"Piombino","author":"lifeFB","date":"8 Agosto 2019","format":false,"excerpt":"Contesto Nell\u2019ambito del nuovo Piano Regolatore Portuale del Porto di Piombino (LI), per la realizzazione del dragaggio dei fondi antistanti il nuovo canale di accesso del porto era prevista la rimozione di una porzione della prateria di Posidonia oceanica presente nell\u2019area, designata come Sito di Interesse Nazionale (SIN). Nell'ambito del\u2026","rel":"","context":"Articolo simile","block_context":{"text":"Articolo simile","link":""},"img":{"alt_text":"","src":"https:\/\/i0.wp.com\/lifeseposso.eu\/wp-content\/uploads\/Fig.1_B.2_Piombino.png?resize=350%2C200","width":350,"height":200,"srcset":"https:\/\/i0.wp.com\/lifeseposso.eu\/wp-content\/uploads\/Fig.1_B.2_Piombino.png?resize=350%2C200 1x, https:\/\/i0.wp.com\/lifeseposso.eu\/wp-content\/uploads\/Fig.1_B.2_Piombino.png?resize=525%2C300 1.5x"},"classes":[]},{"id":9168,"url":"https:\/\/lifeseposso.eu\/?page_id=9168","url_meta":{"origin":7110,"position":5},"title":"Augusta &#8211; Priolo Gargallo","author":"lifeFB","date":"8 Agosto 2019","format":false,"excerpt":"Contesto L\u2019intervento di riforestazione con Posidonia oceanica \u00e8 stato condotto dal 2012 al 2015 nell\u2019ambito del Progetto di Ricerca e Formazione PON01_03112 \u201cTecnologie avanzate ecosostenibili finalizzate alla bonifica ed al ripristino di aree marine costiere degradate (TETIDE)\u201d (PON R&C 2007-2013, www.progettotetide.it). L\u2019area di intervento si trova all\u2019interno del Sito di\u2026","rel":"","context":"Articolo simile","block_context":{"text":"Articolo simile","link":""},"img":{"alt_text":"","src":"https:\/\/i0.wp.com\/lifeseposso.eu\/wp-content\/uploads\/Fig.1_B.2_Augusta-185x300.png?resize=350%2C200","width":350,"height":200},"classes":[]}],"rttpg_featured_image_url":null,"rttpg_author":{"display_name":"lifeFB","author_link":"https:\/\/lifeseposso.eu\/?author=5"},"rttpg_comment":0,"rttpg_category":null,"rttpg_excerpt":"Ad oggi, i risultati ottenuti nell\u2019ambito dei trapianti di praterie sono stati a volte negativi e possono essere considerati ancora incerti, soprattutto se riferiti ad ampi settori di prateria e","_links":{"self":[{"href":"https:\/\/lifeseposso.eu\/index.php?rest_route=\/wp\/v2\/pages\/7110","targetHints":{"allow":["GET"]}}],"collection":[{"href":"https:\/\/lifeseposso.eu\/index.php?rest_route=\/wp\/v2\/pages"}],"about":[{"href":"https:\/\/lifeseposso.eu\/index.php?rest_route=\/wp\/v2\/types\/page"}],"author":[{"embeddable":true,"href":"https:\/\/lifeseposso.eu\/index.php?rest_route=\/wp\/v2\/users\/5"}],"replies":[{"embeddable":true,"href":"https:\/\/lifeseposso.eu\/index.php?rest_route=%2Fwp%2Fv2%2Fcomments&post=7110"}],"version-history":[{"count":17,"href":"https:\/\/lifeseposso.eu\/index.php?rest_route=\/wp\/v2\/pages\/7110\/revisions"}],"predecessor-version":[{"id":11782,"href":"https:\/\/lifeseposso.eu\/index.php?rest_route=\/wp\/v2\/pages\/7110\/revisions\/11782"}],"up":[{"embeddable":true,"href":"https:\/\/lifeseposso.eu\/index.php?rest_route=\/wp\/v2\/pages\/132"}],"wp:attachment":[{"href":"https:\/\/lifeseposso.eu\/index.php?rest_route=%2Fwp%2Fv2%2Fmedia&parent=7110"}],"curies":[{"name":"wp","href":"https:\/\/api.w.org\/{rel}","templated":true}]}}