{"id":7101,"date":"2018-03-15T16:29:49","date_gmt":"2018-03-15T15:29:49","guid":{"rendered":"http:\/\/lifeseposso.eu\/?page_id=7101"},"modified":"2023-01-20T14:30:38","modified_gmt":"2023-01-20T13:30:38","slug":"sosteniamo-lattuazione-delle-direttive-europee-ambientali","status":"publish","type":"page","link":"https:\/\/lifeseposso.eu\/?page_id=7101","title":{"rendered":"Sosteniamo l\u2019attuazione delle Direttive Europee Ambientali"},"content":{"rendered":"<p><img data-recalc-dims=\"1\" loading=\"lazy\" decoding=\"async\" data-attachment-id=\"7054\" data-permalink=\"https:\/\/lifeseposso.eu\/?attachment_id=7054\" data-orig-file=\"https:\/\/i0.wp.com\/lifeseposso.eu\/wp-content\/uploads\/euflag.jpg?fit=272%2C185&amp;ssl=1\" data-orig-size=\"272,185\" data-comments-opened=\"0\" data-image-meta=\"{&quot;aperture&quot;:&quot;0&quot;,&quot;credit&quot;:&quot;&quot;,&quot;camera&quot;:&quot;&quot;,&quot;caption&quot;:&quot;&quot;,&quot;created_timestamp&quot;:&quot;0&quot;,&quot;copyright&quot;:&quot;&quot;,&quot;focal_length&quot;:&quot;0&quot;,&quot;iso&quot;:&quot;0&quot;,&quot;shutter_speed&quot;:&quot;0&quot;,&quot;title&quot;:&quot;&quot;,&quot;orientation&quot;:&quot;0&quot;}\" data-image-title=\"euflag\" data-image-description=\"\" data-image-caption=\"\" data-large-file=\"https:\/\/i0.wp.com\/lifeseposso.eu\/wp-content\/uploads\/euflag.jpg?fit=272%2C185&amp;ssl=1\" class=\"size-full wp-image-7054 alignright\" src=\"https:\/\/i0.wp.com\/lifeseposso.eu\/wp-content\/uploads\/euflag.jpg?resize=272%2C185&#038;ssl=1\" alt=\"Europe flag\" width=\"272\" height=\"185\" srcset=\"https:\/\/i0.wp.com\/lifeseposso.eu\/wp-content\/uploads\/euflag.jpg?w=272&amp;ssl=1 272w, https:\/\/i0.wp.com\/lifeseposso.eu\/wp-content\/uploads\/euflag.jpg?resize=24%2C16&amp;ssl=1 24w, https:\/\/i0.wp.com\/lifeseposso.eu\/wp-content\/uploads\/euflag.jpg?resize=36%2C24&amp;ssl=1 36w, https:\/\/i0.wp.com\/lifeseposso.eu\/wp-content\/uploads\/euflag.jpg?resize=48%2C33&amp;ssl=1 48w\" sizes=\"auto, (max-width: 272px) 100vw, 272px\" \/><\/p>\n<p>La Politica Marittima Integrata (PMI) europea cerca di fornire un approccio pi\u00f9 coerente alle questioni marittime, con un maggiore coordinamento tra i diversi settori politici e i diversi attori coinvolti (stakeholders).<\/p>\n<p>La direttiva sulla Pianificazione dello Spazio Marittimo (MSP &#8211; 2014\/89\/CE) \u00e8 una delle principali azioni condotte dall&#8217;UE nel quadro della propria PMI. Questa direttiva ha l\u2019obiettivo di promuovere la gestione e lo sfruttamento delle risorse marine basandosi su una conoscenza sempre pi\u00f9 approfondita dei <strong>processi, delle funzioni e dei servizi forniti dagli ecosistemi<\/strong>, oltre che sull&#8217;importanza della loro conservazione. Pianificare quando e dove svolgere le attivit\u00e0 umane in mare, al fine di rendere le pressioni generate quanto pi\u00f9 possibile sostenibili, richieder\u00e0 una stretta <strong>integrazione delle valutazioni ecologiche, sociali ed economiche<\/strong>, nonch\u00e9 un coinvolgimento dei diversi stakeholders interessati e dei responsabili politici. In tale contesto, l\u2019implementazione della MSP necessita di una forte interazione con le direttive relative alla Valutazione di Impatto Ambientale (EIA-2014\/52\/EC) e alla Valutazione Ambientale Strategica (SEA &#8211; 2001\/42\/CE).<\/p>\n<p>Piani o progetti relativi a opere e infrastrutture costiere che potenzialmente influenzano le praterie di <em>P. oceanica<\/em> (habitat prioritario 1120* sensu Direttiva Habitat, 1992\/43\/CEE) <strong>sono soggetti alle procedure di Valutazione di Impatto Ambientale (VIA)<\/strong> incluse quelle di Valutazione d&#8217; Incidenza (VINCA) (Art. 6 Direttiva Habitat, 1992\/43\/CEE). In alcuni casi, il trapianto di Posidonia viene indicato come misura compensativa del danno subito dalle praterie.<\/p>\n<p>Tuttavia, la legislazione sulla VIA risponde sia a norme nazionali che regionali, e coinvolge un elevato numero di stakeholder e di complessi aspetti ambientali. Per questi motivi, si corre il rischio che un danno ambientale in un habitat prioritario (come pu\u00f2 essere la parziale o totale distruzione di una prateria di Posidonia), <strong>possa essere gestito con approcci profondamente diversi<\/strong> a seconda del contesto. Ci\u00f2 rischia di compromettere il buon esito di azioni di mitigazione o di compensazione come il trapianto.<\/p>\n<p>Uno degli obiettivi del progetto Life SEPOSSO \u00e8 stato di fornire chiarezza sia in merito a principi, regole e procedure che riguardano la gestione dei trapianti di Posidonia, sia in merito agli interessi degli attori coinvolti. Ci\u00f2 contribuisce a<strong> migliorare il processo di Governance<\/strong> inerente la gestione delle procedure per il recupero delle praterie danneggiate. Inoltre, consente di <strong>supportare l\u2019implementazione delle Direttive<\/strong> sulla Valutazione di Impatto Ambientale (EIA-2014\/52\/EC) e sulla Pianificazione dello Spazio Marittimo (MSP-2014\/89\/EU) migliorando l&#8217;integrazione degli obiettivi ambientali negli affari marittimi dell&#8217;UE.<\/p>\n<h3>Azione B.1: Il processo di governance dei trapianti di <i>Posidonia oceanica <\/i>in Italia<\/h3>\n<p>Questa azione ha mirato ad analizzare il processo di Governance che regola le operazioni di trapianto di <em>P. oceanica<\/em>, specialmente quando queste ultime vengono indicate come opere di compensazione di un danno nell\u2019ambito della Valutazione di Impatto Ambientale (VIA). L&#8217;analisi ha portato a comprendere le interazioni tra i diversi elementi del processo di VIA e gli stakeholders coinvolti, evidenziando alcune lacune nell\u2019applicazione della procedura di VIA. Inoltre, sono stati identificati gli eventuali conflitti che ostacolano il raggiungimento dei risultati di una Governance ottimale e proposti processi pi\u00f9 efficaci ed efficienti in ottemperanza delle Direttive Ambientali dell&#8217;Unione Europea sulla Valutazione di Impatto Ambientale (EIA-2014\/52\/EC) e sulla Pianificazione dello Spazio Marittimo (MSP-2014\/89\/EU).<\/p>\n<p>Attraverso l&#8217;analisi di tre casi studio, in cui sono stati effettuati trapianti di Posidonia come misura di compensazione a seguito di diversi impatti antropici, Piombino (Toscana), Ischia (Campania) e Civitavecchia (Lazio) e del caso studio di Augusta (Sicilia), in cui \u00e8 stato effettuato un trapianto su base volontaria con la finalit\u00e0 di recuperare l&#8217;habitat Posidonia preesistente, questa azione ha fatto chiarezza su:<\/p>\n<ul>\n<li>il processo di VIA eseguito e la verifica delle ottemperanze<\/li>\n<li>gli aspetti legali e amministrativi legati alla realizzazione dei trapianti di<em> P. oceanica<\/em><\/li>\n<li>i principali stakeholder coinvolti in tali opere e nei processi di VIA<\/li>\n<li>i possibili conflitti insorti tra gli attori coinvolti<\/li>\n<li>i servizi ecosistemici forniti dalle praterie di <em>P. oceanica<\/em> e le conseguenti implicazioni in termini di valutazione economica degli impatti ambientali a scala locale<\/li>\n<\/ul>\n<p>Oltre a questi siti nel corso del Progetto sono stati presi in considerazione anche ulteriori casi studio in cui sono state realizzate le attivit\u00e0 di trapianto come misura di compensazione o per differenti finalit\u00e0.<\/p>\n<div class=\"clearfix\" style=\"height: 20px\"><\/div><div class=\"clearfix\" style=\"height: 20px\"><\/div><div class=\"clearfix\" style=\"height: 20px\"><\/div>\n<h3>Guida ai Servizi Ecosistemici di <em>Posidonia oceanica<\/em><\/h3>\n<p><span class=\"VIiyi\" lang=\"it\"><span class=\"JLqJ4b\" data-language-for-alternatives=\"it\" data-language-to-translate-into=\"en\" data-phrase-index=\"0\">I <strong>Servizi Ecosistemici<\/strong> sono i contributi della struttura e delle funzioni dell&#8217;ecosistema (in combinazione con altri input) al benessere umano. Ci\u00f2 significa che l&#8217;umanit\u00e0 dipende fortemente dal buon funzionamento degli ecosistemi e dal <strong>Capitale Naturale<\/strong> che sono la base per un flusso costante di servizi ecosistemici dalla natura alla societ\u00e0. Le praterie di <em>Posidonia oceanica<\/em> forniscono molti importanti servizi ecosistemici, come la creazione e il mantenimento dell&#8217;habitat, la regolazione della qualit\u00e0 dell&#8217;acqua, la fornitura di cibo e nutrizione, la regolazione del clima. Quando le praterie di <em>Posidonia oceanica<\/em> sono interessate dalle attivit\u00e0 umane, i loro servizi ecosistemici possono essere degradati, con possibile riduzione dei loro contributi al benessere umano, anche in termini economici. <\/span><\/span><\/p>\n<p><span class=\"VIiyi\" lang=\"it\"><span class=\"JLqJ4b\" data-language-for-alternatives=\"it\" data-language-to-translate-into=\"en\" data-phrase-index=\"0\">Life SEPOSSO ha predisposto una &#8220;Guida Tecnica sulla valutazione economica degli degli impatti ambientali sulle praterie di <em>Posidonia oceanica<\/em>&#8220;, basata sul paradigma dei servizi ecosistemici. L&#8217;obiettivo principale \u00e8 quello di supportare l&#8217;elaborazione di documenti tecnici nell&#8217;ambito della Valutazione di Impatto Ambientale e dell&#8217;Appropriate Assessment <em>sensu<\/em> Direttiva Habitat, con l&#8217;obiettivo di contribuire alla governance di questi processi.<\/span><\/span><\/p>\n<p><a href=\"https:\/\/lifeseposso.eu\/wp-content\/uploads\/SEPOSSO_Azione_B.1_Guida_val_economica_imp_ambient_Posidonia.pdf\" target=\"_blank\" rel=\"noopener\"><img data-recalc-dims=\"1\" loading=\"lazy\" decoding=\"async\" data-attachment-id=\"10724\" data-permalink=\"https:\/\/lifeseposso.eu\/?attachment_id=10724\" data-orig-file=\"https:\/\/i0.wp.com\/lifeseposso.eu\/wp-content\/uploads\/DELIVERABLE_B.1_Guida_val_economica_imp_ambient_Posidonia.png?fit=617%2C871&amp;ssl=1\" data-orig-size=\"617,871\" data-comments-opened=\"0\" data-image-meta=\"{&quot;aperture&quot;:&quot;0&quot;,&quot;credit&quot;:&quot;&quot;,&quot;camera&quot;:&quot;&quot;,&quot;caption&quot;:&quot;&quot;,&quot;created_timestamp&quot;:&quot;0&quot;,&quot;copyright&quot;:&quot;&quot;,&quot;focal_length&quot;:&quot;0&quot;,&quot;iso&quot;:&quot;0&quot;,&quot;shutter_speed&quot;:&quot;0&quot;,&quot;title&quot;:&quot;&quot;,&quot;orientation&quot;:&quot;0&quot;}\" data-image-title=\"DELIVERABLE_B.1_Guida_val_economica_imp_ambient_Posidonia\" data-image-description=\"\" data-image-caption=\"\" data-large-file=\"https:\/\/i0.wp.com\/lifeseposso.eu\/wp-content\/uploads\/DELIVERABLE_B.1_Guida_val_economica_imp_ambient_Posidonia.png?fit=617%2C871&amp;ssl=1\" class=\"alignnone wp-image-10724 size-medium\" src=\"https:\/\/i0.wp.com\/lifeseposso.eu\/wp-content\/uploads\/DELIVERABLE_B.1_Guida_val_economica_imp_ambient_Posidonia.png?resize=213%2C300&#038;ssl=1\" alt=\"\" width=\"213\" height=\"300\" srcset=\"https:\/\/i0.wp.com\/lifeseposso.eu\/wp-content\/uploads\/DELIVERABLE_B.1_Guida_val_economica_imp_ambient_Posidonia.png?resize=213%2C300&amp;ssl=1 213w, https:\/\/i0.wp.com\/lifeseposso.eu\/wp-content\/uploads\/DELIVERABLE_B.1_Guida_val_economica_imp_ambient_Posidonia.png?w=617&amp;ssl=1 617w\" sizes=\"auto, (max-width: 213px) 100vw, 213px\" \/><\/a><\/p>\n<p><a href=\"https:\/\/lifeseposso.eu\/wp-content\/uploads\/SEPOSSO_Azione_B.1_Guida_val_economica_imp_ambient_Posidonia.pdf\" target=\"_blank\" rel=\"attachment noopener wp-att-7538\">Guida tecnica sulla valutazione economica degli impatti ambientali sulle praterie di <em>Posidonia oceanica <\/em>(ITA)<\/a><\/p>\n<p><a href=\"https:\/\/lifeseposso.eu\/wp-content\/uploads\/SEPOSSO_Action_B.1_Technical-Guide-for-Economic-Assessment-of-Environmental-Impacts-on-Posidonia-Oceanica-Meadows.pdf\" target=\"_blank\" rel=\"attachment noopener wp-att-7538\">Technical guide for economic assessment of environmental impacts on <em>Posidonia oceanica<\/em> meadows (ENG)<\/a><\/p>\n<div class=\"clearfix\" style=\"height: 20px\"><\/div><div class=\"clearfix\" style=\"height: 20px\"><\/div><div class=\"clearfix\" style=\"height: 20px\"><\/div>\n<h3><strong>SOTTO-AZIONI B.1<\/strong><\/h3>\n<p><strong><a href=\"https:\/\/lifeseposso.eu\/?page_id=7541\">B.1.1 Analisi di Governance<\/a><\/strong><\/p>\n<p><strong><a href=\"https:\/\/lifeseposso.eu\/?page_id=10508\">B.1.2 Dalla Governance all&#8217;efficacia del processo di VIA<\/a><\/strong><\/p>\n<div class=\"clearfix\" style=\"height: 20px\"><\/div><div class=\"clearfix\" style=\"height: 20px\"><\/div><div class=\"clearfix\" style=\"height: 20px\"><\/div>\n<div class=\"clearfix\" style=\"height: 20px\"><\/div><div class=\"clearfix\" style=\"height: 20px\"><\/div><div class=\"clearfix\" style=\"height: 20px\"><\/div>\n","protected":false},"excerpt":{"rendered":"<p>La Politica Marittima Integrata (PMI) europea cerca di fornire un approccio pi\u00f9 coerente alle questioni marittime, con un maggiore coordinamento tra i diversi settori politici e i diversi attori coinvolti<\/p>\n","protected":false},"author":5,"featured_media":0,"parent":132,"menu_order":1,"comment_status":"closed","ping_status":"closed","template":"","meta":{"jetpack_post_was_ever_published":false,"footnotes":""},"class_list":["post-7101","page","type-page","status-publish","hentry"],"jetpack_sharing_enabled":true,"jetpack_shortlink":"https:\/\/wp.me\/P9BUJq-1Qx","jetpack-related-posts":[{"id":7108,"url":"https:\/\/lifeseposso.eu\/?page_id=7108","url_meta":{"origin":7101,"position":0},"title":"Cambiamo l\u2019approccio di governance per le ricerche future","author":"lifeFB","date":"15 Marzo 2018","format":false,"excerpt":"In Italia la maggior parte delle attivit\u00e0 di trapianto di Posidonia oceanica sono indicate, nell\u2019ambito della VIA, come misura di compensazione di danni causati alle praterie da opere e infrastrutture costiere. Il monitoraggio finalizzato a verificare l\u2019efficacia delle misure di compensazione nel tempo, non sempre viene inserito negli Studi di\u2026","rel":"","context":"Articolo simile","block_context":{"text":"Articolo simile","link":""},"img":{"alt_text":"","src":"https:\/\/i0.wp.com\/lifeseposso.eu\/wp-content\/uploads\/Monitoraggio_sub-300x225.jpg?resize=350%2C200","width":350,"height":200},"classes":[]},{"id":7114,"url":"https:\/\/lifeseposso.eu\/?page_id=7114","url_meta":{"origin":7101,"position":1},"title":"Diffondiamo consapevolezza e conoscenza degli habitat prioritari e dei siti marini Natura 2000","author":"lifeFB","date":"15 Marzo 2018","format":false,"excerpt":"Le praterie di Posidonia oceanica sono protette ai sensi della Direttiva Habitat 1992\/43\/CEE, come habitat prioritario (la cui conservazione richiede la designazione di aree speciali di conservazione). La presenza di praterie di P. oceanica comporta l\u2019istituzione di Siti di Importanza Comunitaria (SIC) che costituiscono, insieme alle Zone di Protezione Speciale\u2026","rel":"","context":"Articolo simile","block_context":{"text":"Articolo simile","link":""},"img":{"alt_text":"Prateria di Posidonia","src":"https:\/\/i0.wp.com\/lifeseposso.eu\/wp-content\/uploads\/Posidonia-_Tomasello-Agostino_bassa-300x186.png?resize=350%2C200","width":350,"height":200},"classes":[]},{"id":7110,"url":"https:\/\/lifeseposso.eu\/?page_id=7110","url_meta":{"origin":7101,"position":2},"title":"Aumentiamo l\u2019efficienza della pianificazione e del controllo","author":"lifeFB","date":"15 Marzo 2018","format":false,"excerpt":"Ad oggi, i risultati ottenuti nell\u2019ambito dei trapianti di praterie sono stati a volte negativi e possono essere considerati ancora incerti, soprattutto se riferiti ad ampi settori di prateria e valutati alla scala temporale adeguata, ovvero a lungo termine. Il buon esito di un trapianto \u00e8 dovuto a molteplici fattori\u2026","rel":"","context":"Articolo simile","block_context":{"text":"Articolo simile","link":""},"img":{"alt_text":"port area","src":"https:\/\/i0.wp.com\/lifeseposso.eu\/wp-content\/uploads\/spot-inq04-e1518449287917-300x148.jpg?resize=350%2C200","width":350,"height":200},"classes":[]},{"id":10609,"url":"https:\/\/lifeseposso.eu\/?page_id=10609","url_meta":{"origin":7101,"position":3},"title":"Azione B.3.2: Implementazione di Preliminary Transplant Suitability Index (PTSI)","author":"lifeFB","date":"30 Marzo 2021","format":false,"excerpt":"Nell'ambito di questa azione sono stati raccolti nuovi e ulteriori dati utili per l'implementazione di indici volti alla selezione preliminare di siti idonei al trapianto di P. oceanica. La gestione corretta di un intervento di trapianto richiede specifiche competenze tecnico-scientifiche, nonch\u00e9 l\u2019applicazione di un iter procedurale specifico, che permetta la\u2026","rel":"","context":"Articolo simile","block_context":{"text":"Articolo simile","link":""},"img":{"alt_text":"","src":"https:\/\/i0.wp.com\/lifeseposso.eu\/wp-content\/uploads\/DELIVERABLE_B.3.2_Report-of-data-collected-for-Posidonia-oceanica-management-and-transplant_30.04.2020.png?resize=350%2C200","width":350,"height":200},"classes":[]},{"id":7112,"url":"https:\/\/lifeseposso.eu\/?page_id=7112","url_meta":{"origin":7101,"position":4},"title":"Sviluppiamo buone pratiche replicabili nell\u2019intero bacino del Mediterraneo","author":"lifeFB","date":"15 Marzo 2018","format":false,"excerpt":"Le praterie di Posidonia oceanica costituiscono uno degli ecosistemi di maggior pregio ambientale dell\u2019ambiente marino costiero mediterraneo ma ad oggi sono in forte regressione maggiormente in prossimit\u00e0 dei grandi centri urbanizzati. In Mediterraneo sono diversi gli esempi di reimpianti di P. oceanica, quale misura di compensazione, realizzati, tuttavia, senza tenere\u2026","rel":"","context":"Articolo simile","block_context":{"text":"Articolo simile","link":""},"img":{"alt_text":"","src":"https:\/\/i0.wp.com\/lifeseposso.eu\/wp-content\/uploads\/Trapianto_manuale-300x200.jpg?resize=350%2C200","width":350,"height":200},"classes":[]},{"id":7422,"url":"https:\/\/lifeseposso.eu\/?page_id=7422","url_meta":{"origin":7101,"position":5},"title":"Azione B1: Il processo di governance dei trapianti di Posidonia oceanica in Italia","author":"lifeFB","date":"22 Marzo 2018","format":false,"excerpt":"Questa azione mira ad analizzare il processo di Governance che regola le operazioni di trapianto di P. oceanica, specialmente quando queste ultime vengono indicate come opere di compensazione di un danno nell\u2019ambito della Valutazione di Impatto Ambientale (VIA). L'analisi porter\u00e0 a comprendere le interazioni tra i diversi elementi del processo\u2026","rel":"","context":"Articolo simile","block_context":{"text":"Articolo simile","link":""},"img":{"alt_text":"","src":"","width":0,"height":0},"classes":[]}],"rttpg_featured_image_url":null,"rttpg_author":{"display_name":"lifeFB","author_link":"https:\/\/lifeseposso.eu\/?author=5"},"rttpg_comment":0,"rttpg_category":null,"rttpg_excerpt":"La Politica Marittima Integrata (PMI) europea cerca di fornire un approccio pi\u00f9 coerente alle questioni marittime, con un maggiore coordinamento tra i diversi settori politici e i diversi attori coinvolti","_links":{"self":[{"href":"https:\/\/lifeseposso.eu\/index.php?rest_route=\/wp\/v2\/pages\/7101","targetHints":{"allow":["GET"]}}],"collection":[{"href":"https:\/\/lifeseposso.eu\/index.php?rest_route=\/wp\/v2\/pages"}],"about":[{"href":"https:\/\/lifeseposso.eu\/index.php?rest_route=\/wp\/v2\/types\/page"}],"author":[{"embeddable":true,"href":"https:\/\/lifeseposso.eu\/index.php?rest_route=\/wp\/v2\/users\/5"}],"replies":[{"embeddable":true,"href":"https:\/\/lifeseposso.eu\/index.php?rest_route=%2Fwp%2Fv2%2Fcomments&post=7101"}],"version-history":[{"count":19,"href":"https:\/\/lifeseposso.eu\/index.php?rest_route=\/wp\/v2\/pages\/7101\/revisions"}],"predecessor-version":[{"id":11760,"href":"https:\/\/lifeseposso.eu\/index.php?rest_route=\/wp\/v2\/pages\/7101\/revisions\/11760"}],"up":[{"embeddable":true,"href":"https:\/\/lifeseposso.eu\/index.php?rest_route=\/wp\/v2\/pages\/132"}],"wp:attachment":[{"href":"https:\/\/lifeseposso.eu\/index.php?rest_route=%2Fwp%2Fv2%2Fmedia&parent=7101"}],"curies":[{"name":"wp","href":"https:\/\/api.w.org\/{rel}","templated":true}]}}