{"id":133,"date":"2017-11-11T23:03:15","date_gmt":"2017-11-11T22:03:15","guid":{"rendered":"http:\/\/www.glandarius.org\/?page_id=14"},"modified":"2020-02-27T13:36:16","modified_gmt":"2020-02-27T12:36:16","slug":"i-partner","status":"publish","type":"page","link":"https:\/\/lifeseposso.eu\/?page_id=133","title":{"rendered":"Partners"},"content":{"rendered":"<h2 style=\"text-align: center;\"><strong><span style=\"color: #038fd7;\">Beneficiario coordinatore<\/span><\/strong><\/h2>\n<p style=\"text-align: center;\"><a href=\"http:\/\/www.isprambiente.gov.it\"><img data-recalc-dims=\"1\" loading=\"lazy\" decoding=\"async\" data-attachment-id=\"94\" data-permalink=\"https:\/\/lifeseposso.eu\/?attachment_id=94\" data-orig-file=\"https:\/\/i0.wp.com\/lifeseposso.eu\/wp-content\/uploads\/ISPRA.png?fit=404%2C125&amp;ssl=1\" data-orig-size=\"404,125\" data-comments-opened=\"0\" data-image-meta=\"{&quot;aperture&quot;:&quot;0&quot;,&quot;credit&quot;:&quot;&quot;,&quot;camera&quot;:&quot;&quot;,&quot;caption&quot;:&quot;&quot;,&quot;created_timestamp&quot;:&quot;0&quot;,&quot;copyright&quot;:&quot;&quot;,&quot;focal_length&quot;:&quot;0&quot;,&quot;iso&quot;:&quot;0&quot;,&quot;shutter_speed&quot;:&quot;0&quot;,&quot;title&quot;:&quot;&quot;,&quot;orientation&quot;:&quot;0&quot;}\" data-image-title=\"ISPRA\" data-image-description=\"\" data-image-caption=\"\" data-large-file=\"https:\/\/i0.wp.com\/lifeseposso.eu\/wp-content\/uploads\/ISPRA.png?fit=404%2C125&amp;ssl=1\" class=\"alignnone size-full wp-image-94\" src=\"https:\/\/i0.wp.com\/lifeseposso.eu\/wp-content\/uploads\/ISPRA.png?resize=404%2C125&#038;ssl=1\" alt=\"\" width=\"404\" height=\"125\" srcset=\"https:\/\/i0.wp.com\/lifeseposso.eu\/wp-content\/uploads\/ISPRA.png?w=404&amp;ssl=1 404w, https:\/\/i0.wp.com\/lifeseposso.eu\/wp-content\/uploads\/ISPRA.png?resize=300%2C93&amp;ssl=1 300w\" sizes=\"auto, (max-width: 404px) 100vw, 404px\" \/>\u00a0 \u00a0<img data-recalc-dims=\"1\" loading=\"lazy\" decoding=\"async\" data-attachment-id=\"116\" data-permalink=\"https:\/\/lifeseposso.eu\/?attachment_id=116\" data-orig-file=\"https:\/\/i0.wp.com\/lifeseposso.eu\/wp-content\/uploads\/snpa.jpg?fit=275%2C183&amp;ssl=1\" data-orig-size=\"275,183\" data-comments-opened=\"0\" data-image-meta=\"{&quot;aperture&quot;:&quot;0&quot;,&quot;credit&quot;:&quot;&quot;,&quot;camera&quot;:&quot;&quot;,&quot;caption&quot;:&quot;&quot;,&quot;created_timestamp&quot;:&quot;0&quot;,&quot;copyright&quot;:&quot;&quot;,&quot;focal_length&quot;:&quot;0&quot;,&quot;iso&quot;:&quot;0&quot;,&quot;shutter_speed&quot;:&quot;0&quot;,&quot;title&quot;:&quot;&quot;,&quot;orientation&quot;:&quot;0&quot;}\" data-image-title=\"SNPA logo\" data-image-description=\"&lt;p&gt;SNPA logo&lt;\/p&gt;\n\" data-image-caption=\"\" data-large-file=\"https:\/\/i0.wp.com\/lifeseposso.eu\/wp-content\/uploads\/snpa.jpg?fit=275%2C183&amp;ssl=1\" class=\" wp-image-116\" src=\"https:\/\/i0.wp.com\/lifeseposso.eu\/wp-content\/uploads\/snpa.jpg?resize=185%2C123&#038;ssl=1\" alt=\"\" width=\"185\" height=\"123\" \/><\/a><\/p>\n<p>&nbsp;<\/p>\n<h2 style=\"text-align: center;\"><span style=\"color: #038fd7;\"><strong>Beneficiari associati<\/strong><\/span><\/h2>\n<h2 style=\"text-align: center;\"><span style=\"color: #038fd7;\"><strong><a href=\"http:\/\/www.arpat.toscana.it\/\"><img data-recalc-dims=\"1\" loading=\"lazy\" decoding=\"async\" data-attachment-id=\"105\" data-permalink=\"https:\/\/lifeseposso.eu\/?attachment_id=105\" data-orig-file=\"https:\/\/i0.wp.com\/lifeseposso.eu\/wp-content\/uploads\/logo-verticale-colori.jpg?fit=200%2C190&amp;ssl=1\" data-orig-size=\"200,190\" data-comments-opened=\"0\" data-image-meta=\"{&quot;aperture&quot;:&quot;0&quot;,&quot;credit&quot;:&quot;&quot;,&quot;camera&quot;:&quot;&quot;,&quot;caption&quot;:&quot;&quot;,&quot;created_timestamp&quot;:&quot;0&quot;,&quot;copyright&quot;:&quot;&quot;,&quot;focal_length&quot;:&quot;0&quot;,&quot;iso&quot;:&quot;0&quot;,&quot;shutter_speed&quot;:&quot;0&quot;,&quot;title&quot;:&quot;&quot;,&quot;orientation&quot;:&quot;1&quot;}\" data-image-title=\"logo-verticale-colori\" data-image-description=\"\" data-image-caption=\"\" data-large-file=\"https:\/\/i0.wp.com\/lifeseposso.eu\/wp-content\/uploads\/logo-verticale-colori.jpg?fit=200%2C190&amp;ssl=1\" class=\"size-full wp-image-105\" src=\"https:\/\/i0.wp.com\/lifeseposso.eu\/wp-content\/uploads\/logo-verticale-colori.jpg?resize=200%2C190&#038;ssl=1\" alt=\"\" width=\"200\" height=\"190\" \/><\/a><\/strong><\/span><\/h2>\n<h2 style=\"text-align: center;\"><img data-recalc-dims=\"1\" loading=\"lazy\" decoding=\"async\" data-attachment-id=\"116\" data-permalink=\"https:\/\/lifeseposso.eu\/?attachment_id=116\" data-orig-file=\"https:\/\/i0.wp.com\/lifeseposso.eu\/wp-content\/uploads\/snpa.jpg?fit=275%2C183&amp;ssl=1\" data-orig-size=\"275,183\" data-comments-opened=\"0\" data-image-meta=\"{&quot;aperture&quot;:&quot;0&quot;,&quot;credit&quot;:&quot;&quot;,&quot;camera&quot;:&quot;&quot;,&quot;caption&quot;:&quot;&quot;,&quot;created_timestamp&quot;:&quot;0&quot;,&quot;copyright&quot;:&quot;&quot;,&quot;focal_length&quot;:&quot;0&quot;,&quot;iso&quot;:&quot;0&quot;,&quot;shutter_speed&quot;:&quot;0&quot;,&quot;title&quot;:&quot;&quot;,&quot;orientation&quot;:&quot;0&quot;}\" data-image-title=\"SNPA logo\" data-image-description=\"&lt;p&gt;SNPA logo&lt;\/p&gt;\n\" data-image-caption=\"\" data-large-file=\"https:\/\/i0.wp.com\/lifeseposso.eu\/wp-content\/uploads\/snpa.jpg?fit=275%2C183&amp;ssl=1\" class=\"alignnone size-full wp-image-116\" src=\"https:\/\/i0.wp.com\/lifeseposso.eu\/wp-content\/uploads\/snpa.jpg?resize=275%2C183&#038;ssl=1\" alt=\"\" width=\"275\" height=\"183\" \/><\/h2>\n<h2 style=\"text-align: center;\"><a href=\"https:\/\/www.portialtotirreno.it\/\"><img data-recalc-dims=\"1\" loading=\"lazy\" decoding=\"async\" data-attachment-id=\"89\" data-permalink=\"https:\/\/lifeseposso.eu\/?attachment_id=89\" data-orig-file=\"https:\/\/i0.wp.com\/lifeseposso.eu\/wp-content\/uploads\/logo-ADSP-completo-2000x470.png?fit=2000%2C470&amp;ssl=1\" data-orig-size=\"2000,470\" data-comments-opened=\"0\" data-image-meta=\"{&quot;aperture&quot;:&quot;0&quot;,&quot;credit&quot;:&quot;&quot;,&quot;camera&quot;:&quot;&quot;,&quot;caption&quot;:&quot;&quot;,&quot;created_timestamp&quot;:&quot;0&quot;,&quot;copyright&quot;:&quot;&quot;,&quot;focal_length&quot;:&quot;0&quot;,&quot;iso&quot;:&quot;0&quot;,&quot;shutter_speed&quot;:&quot;0&quot;,&quot;title&quot;:&quot;&quot;,&quot;orientation&quot;:&quot;0&quot;}\" data-image-title=\"logo-ADSP-completo-2000&amp;#215;470\" data-image-description=\"\" data-image-caption=\"\" data-large-file=\"https:\/\/i0.wp.com\/lifeseposso.eu\/wp-content\/uploads\/logo-ADSP-completo-2000x470.png?fit=848%2C200&amp;ssl=1\" class=\"wp-image-89 aligncenter\" src=\"https:\/\/i0.wp.com\/lifeseposso.eu\/wp-content\/uploads\/logo-ADSP-completo-2000x470.png?resize=341%2C80&#038;ssl=1\" alt=\"\" width=\"341\" height=\"80\" srcset=\"https:\/\/i0.wp.com\/lifeseposso.eu\/wp-content\/uploads\/logo-ADSP-completo-2000x470.png?resize=2000%2C470&amp;ssl=1 2000w, https:\/\/i0.wp.com\/lifeseposso.eu\/wp-content\/uploads\/logo-ADSP-completo-2000x470.png?resize=300%2C71&amp;ssl=1 300w, https:\/\/i0.wp.com\/lifeseposso.eu\/wp-content\/uploads\/logo-ADSP-completo-2000x470.png?resize=768%2C180&amp;ssl=1 768w, https:\/\/i0.wp.com\/lifeseposso.eu\/wp-content\/uploads\/logo-ADSP-completo-2000x470.png?resize=1024%2C241&amp;ssl=1 1024w, https:\/\/i0.wp.com\/lifeseposso.eu\/wp-content\/uploads\/logo-ADSP-completo-2000x470.png?w=1696&amp;ssl=1 1696w\" sizes=\"auto, (max-width: 341px) 100vw, 341px\" \/><\/a><\/h2>\n<p>&nbsp;<\/p>\n<h2 style=\"text-align: center;\"><a href=\"http:\/\/www.iamc.cnr.it\/\"><img data-recalc-dims=\"1\" loading=\"lazy\" decoding=\"async\" data-attachment-id=\"106\" data-permalink=\"https:\/\/lifeseposso.eu\/?attachment_id=106\" data-orig-file=\"https:\/\/i0.wp.com\/lifeseposso.eu\/wp-content\/uploads\/logo-cnr-1.png?fit=534%2C443&amp;ssl=1\" data-orig-size=\"534,443\" data-comments-opened=\"0\" data-image-meta=\"{&quot;aperture&quot;:&quot;0&quot;,&quot;credit&quot;:&quot;&quot;,&quot;camera&quot;:&quot;&quot;,&quot;caption&quot;:&quot;&quot;,&quot;created_timestamp&quot;:&quot;0&quot;,&quot;copyright&quot;:&quot;&quot;,&quot;focal_length&quot;:&quot;0&quot;,&quot;iso&quot;:&quot;0&quot;,&quot;shutter_speed&quot;:&quot;0&quot;,&quot;title&quot;:&quot;&quot;,&quot;orientation&quot;:&quot;0&quot;}\" data-image-title=\"logo cnr\" data-image-description=\"\" data-image-caption=\"\" data-large-file=\"https:\/\/i0.wp.com\/lifeseposso.eu\/wp-content\/uploads\/logo-cnr-1.png?fit=534%2C443&amp;ssl=1\" class=\"wp-image-106 aligncenter\" src=\"https:\/\/i0.wp.com\/lifeseposso.eu\/wp-content\/uploads\/logo-cnr-1.png?resize=215%2C178&#038;ssl=1\" alt=\"\" width=\"215\" height=\"178\" srcset=\"https:\/\/i0.wp.com\/lifeseposso.eu\/wp-content\/uploads\/logo-cnr-1.png?w=534&amp;ssl=1 534w, https:\/\/i0.wp.com\/lifeseposso.eu\/wp-content\/uploads\/logo-cnr-1.png?resize=300%2C249&amp;ssl=1 300w\" sizes=\"auto, (max-width: 215px) 100vw, 215px\" \/><\/a><\/h2>\n<h2 style=\"text-align: center;\"><a href=\"https:\/\/www.unipa.it\/dipartimenti\/distem\"><img data-recalc-dims=\"1\" loading=\"lazy\" decoding=\"async\" data-attachment-id=\"91\" data-permalink=\"https:\/\/lifeseposso.eu\/?attachment_id=91\" data-orig-file=\"https:\/\/i0.wp.com\/lifeseposso.eu\/wp-content\/uploads\/Logo_Unipa.jpg?fit=2132%2C1141&amp;ssl=1\" data-orig-size=\"2132,1141\" data-comments-opened=\"0\" data-image-meta=\"{&quot;aperture&quot;:&quot;0&quot;,&quot;credit&quot;:&quot;&quot;,&quot;camera&quot;:&quot;&quot;,&quot;caption&quot;:&quot;&quot;,&quot;created_timestamp&quot;:&quot;0&quot;,&quot;copyright&quot;:&quot;&quot;,&quot;focal_length&quot;:&quot;0&quot;,&quot;iso&quot;:&quot;0&quot;,&quot;shutter_speed&quot;:&quot;0&quot;,&quot;title&quot;:&quot;&quot;,&quot;orientation&quot;:&quot;0&quot;}\" data-image-title=\"Logo_Unipa\" data-image-description=\"\" data-image-caption=\"\" data-large-file=\"https:\/\/i0.wp.com\/lifeseposso.eu\/wp-content\/uploads\/Logo_Unipa.jpg?fit=848%2C454&amp;ssl=1\" class=\"wp-image-91 alignnone aligncenter\" src=\"https:\/\/i0.wp.com\/lifeseposso.eu\/wp-content\/uploads\/Logo_Unipa.jpg?resize=339%2C181&#038;ssl=1\" alt=\"\" width=\"339\" height=\"181\" srcset=\"https:\/\/i0.wp.com\/lifeseposso.eu\/wp-content\/uploads\/Logo_Unipa.jpg?w=2132&amp;ssl=1 2132w, https:\/\/i0.wp.com\/lifeseposso.eu\/wp-content\/uploads\/Logo_Unipa.jpg?resize=300%2C161&amp;ssl=1 300w, https:\/\/i0.wp.com\/lifeseposso.eu\/wp-content\/uploads\/Logo_Unipa.jpg?resize=768%2C411&amp;ssl=1 768w, https:\/\/i0.wp.com\/lifeseposso.eu\/wp-content\/uploads\/Logo_Unipa.jpg?resize=1024%2C548&amp;ssl=1 1024w, https:\/\/i0.wp.com\/lifeseposso.eu\/wp-content\/uploads\/Logo_Unipa.jpg?w=1696&amp;ssl=1 1696w\" sizes=\"auto, (max-width: 339px) 100vw, 339px\" \/><\/a><\/h2>\n<h2 style=\"text-align: center;\"><a href=\"http:\/\/web.uniroma2.it\/\"><img data-recalc-dims=\"1\" loading=\"lazy\" decoding=\"async\" data-attachment-id=\"92\" data-permalink=\"https:\/\/lifeseposso.eu\/?attachment_id=92\" data-orig-file=\"https:\/\/i0.wp.com\/lifeseposso.eu\/wp-content\/uploads\/logo_tor_vergata.jpg?fit=880%2C960&amp;ssl=1\" data-orig-size=\"880,960\" data-comments-opened=\"0\" data-image-meta=\"{&quot;aperture&quot;:&quot;0&quot;,&quot;credit&quot;:&quot;&quot;,&quot;camera&quot;:&quot;&quot;,&quot;caption&quot;:&quot;&quot;,&quot;created_timestamp&quot;:&quot;0&quot;,&quot;copyright&quot;:&quot;&quot;,&quot;focal_length&quot;:&quot;0&quot;,&quot;iso&quot;:&quot;0&quot;,&quot;shutter_speed&quot;:&quot;0&quot;,&quot;title&quot;:&quot;&quot;,&quot;orientation&quot;:&quot;0&quot;}\" data-image-title=\"logo_tor_vergata\" data-image-description=\"\" data-image-caption=\"\" data-large-file=\"https:\/\/i0.wp.com\/lifeseposso.eu\/wp-content\/uploads\/logo_tor_vergata.jpg?fit=848%2C925&amp;ssl=1\" class=\"wp-image-92 alignnone aligncenter\" src=\"https:\/\/i0.wp.com\/lifeseposso.eu\/wp-content\/uploads\/logo_tor_vergata.jpg?resize=149%2C163&#038;ssl=1\" alt=\"\" width=\"149\" height=\"163\" srcset=\"https:\/\/i0.wp.com\/lifeseposso.eu\/wp-content\/uploads\/logo_tor_vergata.jpg?w=880&amp;ssl=1 880w, https:\/\/i0.wp.com\/lifeseposso.eu\/wp-content\/uploads\/logo_tor_vergata.jpg?resize=275%2C300&amp;ssl=1 275w, https:\/\/i0.wp.com\/lifeseposso.eu\/wp-content\/uploads\/logo_tor_vergata.jpg?resize=768%2C838&amp;ssl=1 768w\" sizes=\"auto, (max-width: 149px) 100vw, 149px\" \/><\/a><\/h2>\n<p>&nbsp;<\/p>\n<h2 style=\"text-align: center;\"><a href=\"http:\/\/www.setinsrl.eu\/\"><img data-recalc-dims=\"1\" loading=\"lazy\" decoding=\"async\" data-attachment-id=\"90\" data-permalink=\"https:\/\/lifeseposso.eu\/?attachment_id=90\" data-orig-file=\"https:\/\/i0.wp.com\/lifeseposso.eu\/wp-content\/uploads\/logo-setin-01.jpg?fit=1198%2C265&amp;ssl=1\" data-orig-size=\"1198,265\" data-comments-opened=\"0\" data-image-meta=\"{&quot;aperture&quot;:&quot;0&quot;,&quot;credit&quot;:&quot;&quot;,&quot;camera&quot;:&quot;&quot;,&quot;caption&quot;:&quot;&quot;,&quot;created_timestamp&quot;:&quot;0&quot;,&quot;copyright&quot;:&quot;&quot;,&quot;focal_length&quot;:&quot;0&quot;,&quot;iso&quot;:&quot;0&quot;,&quot;shutter_speed&quot;:&quot;0&quot;,&quot;title&quot;:&quot;&quot;,&quot;orientation&quot;:&quot;1&quot;}\" data-image-title=\"logo setin 01\" data-image-description=\"\" data-image-caption=\"\" data-large-file=\"https:\/\/i0.wp.com\/lifeseposso.eu\/wp-content\/uploads\/logo-setin-01.jpg?fit=848%2C188&amp;ssl=1\" class=\"wp-image-90 aligncenter\" src=\"https:\/\/i0.wp.com\/lifeseposso.eu\/wp-content\/uploads\/logo-setin-01.jpg?resize=338%2C75&#038;ssl=1\" alt=\"\" width=\"338\" height=\"75\" srcset=\"https:\/\/i0.wp.com\/lifeseposso.eu\/wp-content\/uploads\/logo-setin-01.jpg?w=1198&amp;ssl=1 1198w, https:\/\/i0.wp.com\/lifeseposso.eu\/wp-content\/uploads\/logo-setin-01.jpg?resize=300%2C66&amp;ssl=1 300w, https:\/\/i0.wp.com\/lifeseposso.eu\/wp-content\/uploads\/logo-setin-01.jpg?resize=768%2C170&amp;ssl=1 768w, https:\/\/i0.wp.com\/lifeseposso.eu\/wp-content\/uploads\/logo-setin-01.jpg?resize=1024%2C227&amp;ssl=1 1024w\" sizes=\"auto, (max-width: 338px) 100vw, 338px\" \/><\/a><\/h2>\n<p>&nbsp;<\/p>\n<h2 style=\"text-align: center;\"><a href=\"http:\/\/www.vesenda.com\"><img data-recalc-dims=\"1\" loading=\"lazy\" decoding=\"async\" data-attachment-id=\"93\" data-permalink=\"https:\/\/lifeseposso.eu\/?attachment_id=93\" data-orig-file=\"https:\/\/i0.wp.com\/lifeseposso.eu\/wp-content\/uploads\/marchio_vesenda_registrato.png?fit=1714%2C566&amp;ssl=1\" data-orig-size=\"1714,566\" data-comments-opened=\"0\" data-image-meta=\"{&quot;aperture&quot;:&quot;0&quot;,&quot;credit&quot;:&quot;&quot;,&quot;camera&quot;:&quot;&quot;,&quot;caption&quot;:&quot;&quot;,&quot;created_timestamp&quot;:&quot;0&quot;,&quot;copyright&quot;:&quot;&quot;,&quot;focal_length&quot;:&quot;0&quot;,&quot;iso&quot;:&quot;0&quot;,&quot;shutter_speed&quot;:&quot;0&quot;,&quot;title&quot;:&quot;&quot;,&quot;orientation&quot;:&quot;0&quot;}\" data-image-title=\"marchio_vesenda_registrato\" data-image-description=\"\" data-image-caption=\"\" data-large-file=\"https:\/\/i0.wp.com\/lifeseposso.eu\/wp-content\/uploads\/marchio_vesenda_registrato.png?fit=848%2C280&amp;ssl=1\" class=\"wp-image-93 aligncenter\" src=\"https:\/\/i0.wp.com\/lifeseposso.eu\/wp-content\/uploads\/marchio_vesenda_registrato.png?resize=309%2C102&#038;ssl=1\" alt=\"\" width=\"309\" height=\"102\" srcset=\"https:\/\/i0.wp.com\/lifeseposso.eu\/wp-content\/uploads\/marchio_vesenda_registrato.png?w=1714&amp;ssl=1 1714w, https:\/\/i0.wp.com\/lifeseposso.eu\/wp-content\/uploads\/marchio_vesenda_registrato.png?resize=300%2C99&amp;ssl=1 300w, https:\/\/i0.wp.com\/lifeseposso.eu\/wp-content\/uploads\/marchio_vesenda_registrato.png?resize=768%2C254&amp;ssl=1 768w, https:\/\/i0.wp.com\/lifeseposso.eu\/wp-content\/uploads\/marchio_vesenda_registrato.png?resize=1024%2C338&amp;ssl=1 1024w\" sizes=\"auto, (max-width: 309px) 100vw, 309px\" \/><\/a><\/h2>\n<p>&nbsp;<\/p>\n<p>&nbsp;<\/p>\n<p>&nbsp;<\/p>\n<div id=\"selenium-highlight\"><\/div>\n","protected":false},"excerpt":{"rendered":"<p>Beneficiario coordinatore \u00a0 \u00a0 &nbsp; Beneficiari associati &nbsp; &nbsp; &nbsp; &nbsp; &nbsp; &nbsp;<\/p>\n","protected":false},"author":1,"featured_media":0,"parent":0,"menu_order":0,"comment_status":"closed","ping_status":"closed","template":"","meta":{"jetpack_post_was_ever_published":false,"footnotes":""},"class_list":["post-133","page","type-page","status-publish","hentry"],"jetpack_sharing_enabled":true,"jetpack_shortlink":"https:\/\/wp.me\/P9BUJq-29","jetpack-related-posts":[{"id":11038,"url":"https:\/\/lifeseposso.eu\/?page_id=11038","url_meta":{"origin":133,"position":0},"title":"Photogallery6","author":"lifeFB","date":"21 Novembre 2021","format":false,"excerpt":"Photogallery > Photogallery2 > Photogallery3 > Photogallery4 > Photogallery5 > Photogallery6","rel":"","context":"Articolo simile","block_context":{"text":"Articolo simile","link":""},"img":{"alt_text":"","src":"","width":0,"height":0},"classes":[]},{"id":7114,"url":"https:\/\/lifeseposso.eu\/?page_id=7114","url_meta":{"origin":133,"position":1},"title":"Diffondiamo consapevolezza e conoscenza degli habitat prioritari e dei siti marini Natura 2000","author":"lifeFB","date":"15 Marzo 2018","format":false,"excerpt":"Le praterie di Posidonia oceanica sono protette ai sensi della Direttiva Habitat 1992\/43\/CEE, come habitat prioritario (la cui conservazione richiede la designazione di aree speciali di conservazione). La presenza di praterie di P. oceanica comporta l\u2019istituzione di Siti di Importanza Comunitaria (SIC) che costituiscono, insieme alle Zone di Protezione Speciale\u2026","rel":"","context":"Articolo simile","block_context":{"text":"Articolo simile","link":""},"img":{"alt_text":"Prateria di Posidonia","src":"https:\/\/i0.wp.com\/lifeseposso.eu\/wp-content\/uploads\/Posidonia-_Tomasello-Agostino_bassa-300x186.png?resize=350%2C200","width":350,"height":200},"classes":[]},{"id":8708,"url":"https:\/\/lifeseposso.eu\/?page_id=8708","url_meta":{"origin":133,"position":2},"title":"Le praterie di Posidonia oceanica","author":"lifeFB","date":"6 Novembre 2018","format":false,"excerpt":"Posidonia oceanica 1. Caratteristiche biologiche \u00a0 Posidonia oceanica (L.) Delile, sebbene spesso confusa con le alghe, \u00e8 una fanerogama marina, ovvero una pianta che produce fiori e frutti. La specie \u00e8 endemica del mar Mediterraneo. La pianta \u00e8 organizzata in radici, fusto - detto rizoma a causa dell'habitus ipogeo -\u2026","rel":"","context":"Articolo simile","block_context":{"text":"Articolo simile","link":""},"img":{"alt_text":"","src":"https:\/\/i0.wp.com\/lifeseposso.eu\/wp-content\/uploads\/infiorescenza_3-e1553781647235-300x238.jpg?resize=350%2C200","width":350,"height":200},"classes":[]},{"id":7325,"url":"https:\/\/lifeseposso.eu\/?page_id=7325","url_meta":{"origin":133,"position":3},"title":"Networking","author":"lifeFB","date":"18 Marzo 2018","format":false,"excerpt":"Nell'ambito del progetto SEPOSSO viene promosso lo scambio di informazioni, di esperienze e di buone pratiche riguardanti la protezione e il ripristino delle praterie di Posidonia oceanica attraverso una specifica azione di networking tra i diversi attori coinvolti (Stakeholder & Target Audience) e i diversi progetti nazionali ed europei inerenti\u2026","rel":"","context":"Articolo simile","block_context":{"text":"Articolo simile","link":""},"img":{"alt_text":"","src":"https:\/\/i0.wp.com\/lifeseposso.eu\/wp-content\/uploads\/Deliverable_D.2_minutes.png?resize=350%2C200","width":350,"height":200},"classes":[]}],"rttpg_featured_image_url":null,"rttpg_author":{"display_name":"life","author_link":"https:\/\/lifeseposso.eu\/?author=1"},"rttpg_comment":0,"rttpg_category":null,"rttpg_excerpt":"Beneficiario coordinatore \u00a0 \u00a0 &nbsp; Beneficiari associati &nbsp; &nbsp; &nbsp; &nbsp; &nbsp; &nbsp;","_links":{"self":[{"href":"https:\/\/lifeseposso.eu\/index.php?rest_route=\/wp\/v2\/pages\/133","targetHints":{"allow":["GET"]}}],"collection":[{"href":"https:\/\/lifeseposso.eu\/index.php?rest_route=\/wp\/v2\/pages"}],"about":[{"href":"https:\/\/lifeseposso.eu\/index.php?rest_route=\/wp\/v2\/types\/page"}],"author":[{"embeddable":true,"href":"https:\/\/lifeseposso.eu\/index.php?rest_route=\/wp\/v2\/users\/1"}],"replies":[{"embeddable":true,"href":"https:\/\/lifeseposso.eu\/index.php?rest_route=%2Fwp%2Fv2%2Fcomments&post=133"}],"version-history":[{"count":9,"href":"https:\/\/lifeseposso.eu\/index.php?rest_route=\/wp\/v2\/pages\/133\/revisions"}],"predecessor-version":[{"id":10146,"href":"https:\/\/lifeseposso.eu\/index.php?rest_route=\/wp\/v2\/pages\/133\/revisions\/10146"}],"wp:attachment":[{"href":"https:\/\/lifeseposso.eu\/index.php?rest_route=%2Fwp%2Fv2%2Fmedia&parent=133"}],"curies":[{"name":"wp","href":"https:\/\/api.w.org\/{rel}","templated":true}]}}