{"id":132,"date":"2017-11-11T23:02:47","date_gmt":"2017-11-11T22:02:47","guid":{"rendered":"http:\/\/www.glandarius.org\/?page_id=12"},"modified":"2018-04-18T18:06:08","modified_gmt":"2018-04-18T16:06:08","slug":"il-progetto","status":"publish","type":"page","link":"https:\/\/lifeseposso.eu\/?page_id=132","title":{"rendered":"Il Progetto Life SEPOSSO"},"content":{"rendered":"<p>Il progetto Life SEPOSSO,\u00a0<em>Supporting Environmental governance for the POSidonia oceanica Sustainable transplanting Operations<\/em>, realizzato con il contributo della Commissione Europea, ha l\u2019obiettivo di migliorare la Governance italiana dei trapianti di\u00a0<em>Posidonia oceanica<\/em>, habitat marino prioritario\u00a01120* <em>sensu<\/em> Direttiva Habitat (1992\/43\/EEC), eseguiti per compensare i danni causati da opere e infrastrutture costiere. Il progetto si avvale della collaborazione di numerosi stakeholder con cui ideare e applicare buone pratiche e strumenti software innovativi, che permetteranno di aumentare l\u2019efficacia della pianificazione e del controllo delle attivit\u00e0 di trapianto. Ci\u00f2 permetter\u00e0 di contribuire all&#8217;applicazione della legislazione ambientale europea (EIA-2014\/52\/EU e MSP-2014\/89\/EU) e di sensibilizzare i cittadini sull&#8217;importanza e sul rispetto delle praterie di\u00a0<em>P. oceanica<\/em>\u00a0e dei siti marini della Rete Natura 2000.<\/p>\n<p>&nbsp;<\/p>\n","protected":false},"excerpt":{"rendered":"<p>Il progetto Life SEPOSSO,\u00a0Supporting Environmental governance for the POSidonia oceanica Sustainable transplanting Operations, realizzato con il contributo della Commissione Europea, ha l\u2019obiettivo di migliorare la Governance italiana dei trapianti di\u00a0Posidonia<\/p>\n","protected":false},"author":1,"featured_media":0,"parent":0,"menu_order":0,"comment_status":"closed","ping_status":"closed","template":"","meta":{"jetpack_post_was_ever_published":false,"footnotes":""},"class_list":["post-132","page","type-page","status-publish","hentry"],"jetpack_sharing_enabled":true,"jetpack_shortlink":"https:\/\/wp.me\/P9BUJq-28","jetpack-related-posts":[{"id":3615,"url":"https:\/\/lifeseposso.eu\/","url_meta":{"origin":132,"position":0},"title":"Home","author":"life","date":"14 Maggio 2014","format":false,"excerpt":"[vc_row][\/vc_row][vc_row][vc_column][vc_column_text] Il progetto Life SEPOSSO [\/vc_column_text][vc_column_text]Il progetto Life SEPOSSO (LIFE16 GIE\/IT\/000761), Supporting Environmental governance for the POSidonia oceanica Sustainable transplanting Operations, LIFE16 GIE\/IT\/000761, realizzato con il contributo della Commissione Europea, ha l\u2019obiettivo di migliorare la Governance italiana dei trapianti di Posidonia oceanica, habitat marino prioritario 1120* sensu Direttiva Habitat (1992\/43\/EEC),\u2026","rel":"","context":"Articolo simile","block_context":{"text":"Articolo simile","link":""},"img":{"alt_text":"","src":"https:\/\/i0.wp.com\/lifeseposso.eu\/wp-content\/uploads\/COMPOSIZIONE_LANCIO_small2-300x225.png?resize=350%2C200","width":350,"height":200},"classes":[]},{"id":7101,"url":"https:\/\/lifeseposso.eu\/?page_id=7101","url_meta":{"origin":132,"position":1},"title":"Sosteniamo l\u2019attuazione delle Direttive Europee Ambientali","author":"lifeFB","date":"15 Marzo 2018","format":false,"excerpt":"La Politica Marittima Integrata (PMI) europea cerca di fornire un approccio pi\u00f9 coerente alle questioni marittime, con un maggiore coordinamento tra i diversi settori politici e i diversi attori coinvolti (stakeholders). La direttiva sulla Pianificazione dello Spazio Marittimo (MSP - 2014\/89\/CE) \u00e8 una delle principali azioni condotte dall'UE nel quadro\u2026","rel":"","context":"Articolo simile","block_context":{"text":"Articolo simile","link":""},"img":{"alt_text":"Europe flag","src":"https:\/\/i0.wp.com\/lifeseposso.eu\/wp-content\/uploads\/euflag.jpg?resize=350%2C200","width":350,"height":200},"classes":[]},{"id":7325,"url":"https:\/\/lifeseposso.eu\/?page_id=7325","url_meta":{"origin":132,"position":2},"title":"Networking","author":"lifeFB","date":"18 Marzo 2018","format":false,"excerpt":"Nell'ambito del progetto SEPOSSO viene promosso lo scambio di informazioni, di esperienze e di buone pratiche riguardanti la protezione e il ripristino delle praterie di Posidonia oceanica attraverso una specifica azione di networking tra i diversi attori coinvolti (Stakeholder & Target Audience) e i diversi progetti nazionali ed europei inerenti\u2026","rel":"","context":"Articolo simile","block_context":{"text":"Articolo simile","link":""},"img":{"alt_text":"","src":"https:\/\/i0.wp.com\/lifeseposso.eu\/wp-content\/uploads\/Deliverable_D.2_minutes.png?resize=350%2C200","width":350,"height":200},"classes":[]},{"id":10508,"url":"https:\/\/lifeseposso.eu\/?page_id=10508","url_meta":{"origin":132,"position":3},"title":"Azione B.1.2: Dalla Governance all&#8217;efficacia del processo di VIA","author":"lifeFB","date":"24 Febbraio 2021","format":false,"excerpt":"Nell\u2019ambito del progetto SEPOSSO, l\u2019azione B1.2 prevedeva di realizzare una ricognizione di progetti sottoposti a VIA, che contenevano prescrizioni riguardanti interventi sull\u2019habitat prioritario 1120* (sensu Direttiva 92\/43\/CEE \"Habitat\" ) praterie di Posidonia oceanica ed eventuali operazioni di trapianto della stessa. La ricognizione \u00e8 stata effettuata utilizzando il database denominato I.De.A.\u2026","rel":"","context":"Articolo simile","block_context":{"text":"Articolo simile","link":""},"img":{"alt_text":"","src":"https:\/\/i0.wp.com\/lifeseposso.eu\/wp-content\/uploads\/DELIVERABLE_B.1.2_Basic_information_legislative_context.png?resize=350%2C200","width":350,"height":200},"classes":[]},{"id":7435,"url":"https:\/\/lifeseposso.eu\/?page_id=7435","url_meta":{"origin":132,"position":4},"title":"Azione B.4: Manuali tecnici del progetto SEPOSSO","author":"lifeFB","date":"22 Marzo 2018","format":false,"excerpt":"I manuali tecnici sintetizzano le principali informazioni emerse dalle azioni di progetto relativamente alla valutazione della fattibilit\u00e0, modalit\u00e0 operative e monitoraggio del trapianto di Posdonia oceanica. Il \"Manuale per la pianificazione, realizzazione e monitoraggio dei trapianti di Posidonia oceanica\" descrive i vari aspetti di gestione e di valutazione della fattibilit\u00e0\u2026","rel":"","context":"Articolo simile","block_context":{"text":"Articolo simile","link":""},"img":{"alt_text":"","src":"https:\/\/i0.wp.com\/lifeseposso.eu\/wp-content\/uploads\/MANUALE_B.4_pianificazione_ENG.png?resize=350%2C200","width":350,"height":200},"classes":[]},{"id":7541,"url":"https:\/\/lifeseposso.eu\/?page_id=7541","url_meta":{"origin":132,"position":5},"title":"Azione B.1.1: Analisi di Governance","author":"lifeFB","date":"30 Marzo 2018","format":false,"excerpt":"Il Panelist di Stakeholders, definito per il progetto LIFE SEPOSSO, \u00e8 composto dalle principali categorie di portatori d\u2019interesse coinvolti, in base al proprio ruolo, nella gestione dei trapianti di Posidonia oceanica. Sono stati pianificati incontri periodici nell\u2019ambito dei quali sono stati affrontati gli aspetti necessari a fornire chiarezza in merito\u2026","rel":"","context":"Articolo simile","block_context":{"text":"Articolo simile","link":""},"img":{"alt_text":"","src":"https:\/\/i0.wp.com\/lifeseposso.eu\/wp-content\/uploads\/panelist_stakeholders-150x150.jpg?resize=350%2C200","width":350,"height":200},"classes":[]}],"rttpg_featured_image_url":null,"rttpg_author":{"display_name":"life","author_link":"https:\/\/lifeseposso.eu\/?author=1"},"rttpg_comment":0,"rttpg_category":null,"rttpg_excerpt":"Il progetto Life SEPOSSO,\u00a0Supporting Environmental governance for the POSidonia oceanica Sustainable transplanting Operations, realizzato con il contributo della Commissione Europea, ha l\u2019obiettivo di migliorare la Governance italiana dei trapianti di\u00a0Posidonia","_links":{"self":[{"href":"https:\/\/lifeseposso.eu\/index.php?rest_route=\/wp\/v2\/pages\/132","targetHints":{"allow":["GET"]}}],"collection":[{"href":"https:\/\/lifeseposso.eu\/index.php?rest_route=\/wp\/v2\/pages"}],"about":[{"href":"https:\/\/lifeseposso.eu\/index.php?rest_route=\/wp\/v2\/types\/page"}],"author":[{"embeddable":true,"href":"https:\/\/lifeseposso.eu\/index.php?rest_route=\/wp\/v2\/users\/1"}],"replies":[{"embeddable":true,"href":"https:\/\/lifeseposso.eu\/index.php?rest_route=%2Fwp%2Fv2%2Fcomments&post=132"}],"version-history":[{"count":5,"href":"https:\/\/lifeseposso.eu\/index.php?rest_route=\/wp\/v2\/pages\/132\/revisions"}],"predecessor-version":[{"id":7819,"href":"https:\/\/lifeseposso.eu\/index.php?rest_route=\/wp\/v2\/pages\/132\/revisions\/7819"}],"wp:attachment":[{"href":"https:\/\/lifeseposso.eu\/index.php?rest_route=%2Fwp%2Fv2%2Fmedia&parent=132"}],"curies":[{"name":"wp","href":"https:\/\/api.w.org\/{rel}","templated":true}]}}