{"id":10627,"date":"2021-03-30T21:41:50","date_gmt":"2021-03-30T19:41:50","guid":{"rendered":"http:\/\/lifeseposso.eu\/?page_id=10627"},"modified":"2023-01-22T17:13:00","modified_gmt":"2023-01-22T16:13:00","slug":"sviluppiamo-buone-pratiche-replicabili-nellintero-bacino-del-mediterraneo-_copy-2","status":"publish","type":"page","link":"https:\/\/lifeseposso.eu\/?page_id=10627","title":{"rendered":"Azione B.4: Trasferibilit\u00e0 e Replicabilit\u00e0 in Paesi mediterranei"},"content":{"rendered":"<p>Per garantire la <strong>Trasferibilit\u00e0<\/strong> e la <strong>Replicabilit\u00e0<\/strong> delle soluzioni e dei prodotti maturati nel corso del progetto, Life SEPOSSO ha intrapreso una serie di incontri e di attivit\u00e0 di Networking con i principali attori a livello europeo coinvolti nella gestione e nella <em>Governance<\/em> delle praterie di<em> Posidonia oceanica<\/em>.<\/p>\n<div class=\"clearfix\" style=\"height: 20px\"><\/div><div class=\"clearfix\" style=\"height: 20px\"><\/div>\n<h3>15-17 settembre 2020 &#8211; Workshop internazionale \u201c<span class=\"css-901oao css-16my406 r-1qd0xha r-ad9z0x r-bcqeeo r-qvutc0\">Training workshop in coastal wetlands and seagrass meadows restoration, based in <\/span><span class=\"r-18u37iz\">Blue Carbon<\/span><span class=\"css-901oao css-16my406 r-1qd0xha r-ad9z0x r-bcqeeo r-qvutc0\"> actions\u201d<\/span><\/h3>\n<p>Life Seposso ha partecipato nei giorni 15-17 settembre 2020 al workshop internazionale \u201c<span class=\"css-901oao css-16my406 r-1qd0xha r-ad9z0x r-bcqeeo r-qvutc0\">Training workshop in coastal wetlands and seagrass meadows restoration, based in <\/span><span class=\"r-18u37iz\">Blue Carbon<\/span><span class=\"css-901oao css-16my406 r-1qd0xha r-ad9z0x r-bcqeeo r-qvutc0\"> actions\u201d<\/span> organizzato da <strong>IUCN <span class=\"css-901oao css-16my406 r-1qd0xha r-ad9z0x r-bcqeeo r-qvutc0\">Mediterranean Cooperation Centre<\/span><\/strong> e da <strong>Life Blue Natura.<\/strong><\/p>\n<p>L\u2019obiettivo del workshop si \u00e8 concentrato nell&#8217;aumento della conoscenza dei partecipanti in diverse azioni, tra cui il ripristino e la protezione di ecosistemi quali le zone umide costiere e le <strong>praterie di fanerogame<\/strong>, che catturando la CO2, aiutano\u00a0a mitigare il cambiamento climatico globale.<\/p>\n<p>I coordinatori scientifici di Life SEPOSSO hanno partecipato al workshop in veste di relatori trasferendo le esperienze maturate dal progetto Life SEPOSSO ai partecipanti al workshop. Si \u00e8 esplorato il tema centrale del restauro delle <strong>praterie di fanerogame<\/strong> in ambiente costiero, e dei relativi strumenti di gestione, guidando i partecipanti attraverso gli aspetti della pianificazione, la progettazione, lo sviluppo e la manutenzione di questi ecosistemi.<\/p>\n<p>Durante il workshop, svolto con modalit\u00e0 online, i coordinatori scientifici di Life SEPOSSO hanno presentato i seguenti contributi:<\/p>\n<ul>\n<li>\u201c<strong>Overview of <em>Posidonia oceanica<\/em> restoration projects in Italy: results and lessons learnt from project implementation<\/strong>\u201d di Tiziano Bacci, ISPRA.<\/li>\n<li>\u201c<strong>The governance process regulating an effectiveness seagrass restoration<\/strong>\u201d di Barbara la Porta, ISPRA.<\/li>\n<\/ul>\n<p>Il programma del workshop:<\/p>\n<p><a href=\"https:\/\/lifeseposso.eu\/wp-content\/uploads\/Agenda-training-workshop-coastal-wetlands-and-seagrass-meadows-restoration-EN.pdf\">Agenda training workshop coastal wetlands and seagrass meadows restoration EN<\/a><\/p>\n<div class=\"clearfix\" style=\"height: 20px\"><\/div><div class=\"clearfix\" style=\"height: 20px\"><\/div>\n<h3>6 maggio 2021 &#8211; Knowledge Market: 3\u00b0 seminario Natura 2000 per la regione Mediterranea<\/h3>\n<p>Gioved\u00ec 6 maggio 2021, Life SEPOSSO ha partecipato al <strong>3 \u00b0 seminario Natura 2000 per la regione biogeografica mediterranea<\/strong> per il <strong>Knowledge Market Programme<\/strong>. La partecipazione \u00e8 prevista dalle Azioni B.4 &#8220;Trasferibilit\u00e0 e replicabilit\u00e0 dei risultati e delle soluzioni SEPOSSO&#8221; e D.2 &#8220;Networking&#8221;.<\/p>\n<p>Nell&#8217;ambito del Natura 2000 Biogeographical Process, questi seminari sono considerati tappe fondamentali in un processo continuo di creazione di reti, condivisione di informazioni e costruzione di conoscenze. Le conoscenze acquisite in questi eventi <strong>contribuiscono a garantire il progresso verso gli obiettivi chiave di conservazione<\/strong> e di cui beneficiano direttamente le parti interessate in tutta la regione biogeografica del Mediterraneo.<\/p>\n<p>Il documento introduttivo pu\u00f2 essere scaricato\u00a0 <a href=\"https:\/\/ec.europa.eu\/environment\/nature\/natura2000\/platform\/events\/pdf\/Med_Input doc.pdf\" target=\"_blank\" rel=\"noopener\">qui<\/a>.<\/p>\n<p>Il programma del seminario pu\u00f2 essere trovato <a href=\"https:\/\/ec.europa.eu\/environment\/nature\/natura2000\/platform\/events\/pdf\/Med_Programme.pdf\" target=\"_blank\" rel=\"noopener\">qui<\/a>.<\/p>\n<p>Il seminario biogeografico per la Regione Mediterranea \u00e8 stato ospitato dalla <strong>Regione Calabria<\/strong> e <strong>Parco Nazionale della Sila<\/strong> e si \u00e8 svolto in modalit\u00e0 webinar.<\/p>\n<p>LIFE SEPOSSO ha presentato un contributo dal titolo: <strong>Good governance and best practices for an effective and sustainable restoration of <em>Posidonia oceanica<\/em> meadows: a lesson from the project<\/strong> &#8211; Barbara La Porta and Tiziano Bacci, ISPRA &#8220;Istituto Superiore per la Protezione e la Ricerca Ambientale&#8221;<\/p>\n<p>Gli organizzatori hanno riferito che il numero di partecipanti all&#8217;evento \u00e8 stato eccezionale. L&#8217;incontro \u00e8 stato un&#8217;opportunit\u00e0 per avere una prima visione di ci\u00f2 che si sta facendo nella regione del Mediterraneo e per<strong> stabilire contatti con conservazionisti che lavorano in questa regione per condividere e sviluppare approcci comuni<\/strong>.<\/p>\n<div class=\"clearfix\" style=\"height: 20px\"><\/div><div class=\"clearfix\" style=\"height: 20px\"><\/div>\n<h3>19 gennaio 2022 &#8211; Webinar Q-Methodology al Interdisciplinary Centre of Marine and Environmental Research, Porto<\/h3>\n<p>Nell\u2019ambito delle attivit\u00e0 organizzate per l\u2019<strong>azione B.4<\/strong> \u201cTransferability and replicability of SEPOSSO results and solutions\u201d, LIFESEPOSSO ha partecipato il giorno 19 gennaio 2022 all\u2019evento organizzato dal CIIMAR (Interdisciplinary Centre of Marine and Environmental Research), Porto (Portogallo), nell\u2019ambito dell\u2019iniziativa <strong>Oceanus Seminar Series, Online edition<\/strong>.<\/p>\n<p>Per trasferire i risultati di LIFE SEPOSSO e replicare le soluzioni del progetto a livello nazionale ed europeo, Life SEPOSSO ha realizzato un webinar sulle soluzioni proposte nell\u2019ambito del progetto per<strong> aumentare il coinvolgimento di diverse categorie di <em>stakeholder<\/em> nelle future iniziative che riguardano i trapianti di <em>Posidonia oceanica<\/em><\/strong>. La visione degli stakeholder \u00e8 un presupposto fondamentale per una buona <em>governance<\/em> ambientale.<\/p>\n<p>Il webinar intitolato \u201c<strong>STAKEHOLDERS\u2019 VISIONS ABOUT ENVIRONMENTAL INITIATIVES: AN ITALIAN CASE STUDY<\/strong>\u201d \u00e8 stato presentato dal Dr. Carlo Pipitone del CNR-IAS di Palermo, partner del progetto Life SEPOSSO.<\/p>\n<p>L\u2019obiettivo del seminario \u00e8 quello di <strong>trasferire le metodologie<\/strong> utilizzate per valutare i punti di vista e gli atteggiamenti di <em>stakeholder<\/em> selezionati sugli obiettivi, le caratteristiche e i risultati dei trapianti di <em>P. oceanica<\/em> realizzati come misura di compensazione dopo gli impatti umani.<\/p>\n<p>Il webinar ha trattato i seguenti temi:<\/p>\n<ul>\n<li>La visione degli <em>stakeholder<\/em> come presupposto fondamentale per una <strong>buona <em>governance<\/em> ambientale<\/strong>.<\/li>\n<li><strong>Approccio analitico basato su interviste<\/strong> focalizzate sulla conoscenza di <em>Posidonia oceanica<\/em>, le tecniche di trapianto, la selezione dei siti riceventi, il monitoraggio e l\u2019accesso ai dati raccolti, e l\u2019accesso ai risultati sull\u2019efficacia del trapianto.<\/li>\n<li>Applicazione della <strong>Q-Methodology<\/strong>.<\/li>\n<li><strong>Analisi dei punti di consenso e dei conflitti<\/strong> che devono essere affrontati e risolti prima dei trapianti al fine di assicurare un\u2019elevata accettabilit\u00e0 sociale in qualsiasi iniziativa futura riguardante i trapianti di <em>P. oceanica<\/em>.<\/li>\n<li>Trasferibilit\u00e0 del metodo per tutte le iniziative legate all\u2019ambiente (<strong>Convenzione di Aarhus<\/strong>)<\/li>\n<\/ul>\n<p>Scarica qui le slide del webinar: <a href=\"https:\/\/lifeseposso.eu\/wp-content\/uploads\/Webinar_CIIMAR_SEPOSSO.pdf\" target=\"_blank\" rel=\"noopener\">Webinar_CIIMAR_SEPOSSO.pdf<\/a><\/p>\n","protected":false},"excerpt":{"rendered":"<p>Per garantire la Trasferibilit\u00e0 e la Replicabilit\u00e0 delle soluzioni e dei prodotti maturati nel corso del progetto, Life SEPOSSO ha intrapreso una serie di incontri e di attivit\u00e0 di Networking<\/p>\n","protected":false},"author":5,"featured_media":0,"parent":7112,"menu_order":4,"comment_status":"closed","ping_status":"closed","template":"","meta":{"jetpack_post_was_ever_published":false,"footnotes":""},"class_list":["post-10627","page","type-page","status-publish","hentry"],"jetpack_sharing_enabled":true,"jetpack_shortlink":"https:\/\/wp.me\/P9BUJq-2Lp","jetpack-related-posts":[{"id":7112,"url":"https:\/\/lifeseposso.eu\/?page_id=7112","url_meta":{"origin":10627,"position":0},"title":"Sviluppiamo buone pratiche replicabili nell\u2019intero bacino del Mediterraneo","author":"lifeFB","date":"15 Marzo 2018","format":false,"excerpt":"Le praterie di Posidonia oceanica costituiscono uno degli ecosistemi di maggior pregio ambientale dell\u2019ambiente marino costiero mediterraneo ma ad oggi sono in forte regressione maggiormente in prossimit\u00e0 dei grandi centri urbanizzati. In Mediterraneo sono diversi gli esempi di reimpianti di P. oceanica, quale misura di compensazione, realizzati, tuttavia, senza tenere\u2026","rel":"","context":"Articolo simile","block_context":{"text":"Articolo simile","link":""},"img":{"alt_text":"","src":"https:\/\/i0.wp.com\/lifeseposso.eu\/wp-content\/uploads\/Trapianto_manuale-300x200.jpg?resize=350%2C200","width":350,"height":200},"classes":[]},{"id":7325,"url":"https:\/\/lifeseposso.eu\/?page_id=7325","url_meta":{"origin":10627,"position":1},"title":"Networking","author":"lifeFB","date":"18 Marzo 2018","format":false,"excerpt":"Nell'ambito del progetto SEPOSSO viene promosso lo scambio di informazioni, di esperienze e di buone pratiche riguardanti la protezione e il ripristino delle praterie di Posidonia oceanica attraverso una specifica azione di networking tra i diversi attori coinvolti (Stakeholder & Target Audience) e i diversi progetti nazionali ed europei inerenti\u2026","rel":"","context":"Articolo simile","block_context":{"text":"Articolo simile","link":""},"img":{"alt_text":"","src":"https:\/\/i0.wp.com\/lifeseposso.eu\/wp-content\/uploads\/Deliverable_D.2_minutes.png?resize=350%2C200","width":350,"height":200},"classes":[]},{"id":110,"url":"https:\/\/lifeseposso.eu\/?page_id=110","url_meta":{"origin":10627,"position":2},"title":"Comunicazione","author":"life","date":"13 Novembre 2017","format":false,"excerpt":"PRODOTTI A STAMPA Layman's Report - Life SEPOSSO Fumetto GRECO \"\u0391\u03bd\u03b1\u03ba\u03b1\u03bb\u03cd\u03c0\u03c4\u03bf\u03bd\u03c4\u03b1\u03c2 \u03c4\u03b1 \u03bb\u03b9\u03b2\u03ac\u03b4\u03b9\u03b1 \u03c0\u03bf\u03c3\u03b5\u03b9\u03b4\u03c9\u03bd\u03af\u03b1\u03c2\" Fumetto INGLESE \"Discovering Posidonia oceanica seagrass meadows\" Brochure Life SEPOSSO 21x21 cm ITA Brochure Life SEPOSSO 21x21 cm ENG Notice board Piombino 120x80 cm Notice board Ischia 120x80 cm Notice board Augusta\/Priolo 120x80 cm Notice board\u2026","rel":"","context":"Articolo simile","block_context":{"text":"Articolo simile","link":""},"img":{"alt_text":"","src":"https:\/\/i0.wp.com\/lifeseposso.eu\/wp-content\/uploads\/LAYMANS_REPORT_LifeSEPOSSO.png?resize=350%2C200","width":350,"height":200},"classes":[]},{"id":8708,"url":"https:\/\/lifeseposso.eu\/?page_id=8708","url_meta":{"origin":10627,"position":3},"title":"Le praterie di Posidonia oceanica","author":"lifeFB","date":"6 Novembre 2018","format":false,"excerpt":"Posidonia oceanica 1. Caratteristiche biologiche \u00a0 Posidonia oceanica (L.) Delile, sebbene spesso confusa con le alghe, \u00e8 una fanerogama marina, ovvero una pianta che produce fiori e frutti. La specie \u00e8 endemica del mar Mediterraneo. La pianta \u00e8 organizzata in radici, fusto - detto rizoma a causa dell'habitus ipogeo -\u2026","rel":"","context":"Articolo simile","block_context":{"text":"Articolo simile","link":""},"img":{"alt_text":"","src":"https:\/\/i0.wp.com\/lifeseposso.eu\/wp-content\/uploads\/infiorescenza_3-e1553781647235-300x238.jpg?resize=350%2C200","width":350,"height":200},"classes":[]},{"id":8844,"url":"https:\/\/lifeseposso.eu\/?page_id=8844","url_meta":{"origin":10627,"position":4},"title":"KIT DIDATTICO SEPOSSO","author":"lifeFB","date":"29 Marzo 2019","format":false,"excerpt":"Da questa pagina \u00e8 possibile scaricare il Kit didattico del progetto LIFE SEPOSSO e il materiale necessario per svolgere le attivit\u00e0 illustrate nei diversi moduli. Cos'\u00e8 il Kit Didattico SEPOSSO? Il Kit \u00e8 uno strumento didattico per gli studenti delle scuole primarie e secondarie di 1\u00b0 grado, ideato per far\u2026","rel":"","context":"Articolo simile","block_context":{"text":"Articolo simile","link":""},"img":{"alt_text":"","src":"https:\/\/i0.wp.com\/lifeseposso.eu\/wp-content\/uploads\/pagina_1_kit-212x300.png?resize=350%2C200","width":350,"height":200},"classes":[]},{"id":3615,"url":"https:\/\/lifeseposso.eu\/","url_meta":{"origin":10627,"position":5},"title":"Home","author":"life","date":"14 Maggio 2014","format":false,"excerpt":"[vc_row][\/vc_row][vc_row][vc_column][vc_column_text] Il progetto Life SEPOSSO [\/vc_column_text][vc_column_text]Il progetto Life SEPOSSO (LIFE16 GIE\/IT\/000761), Supporting Environmental governance for the POSidonia oceanica Sustainable transplanting Operations, LIFE16 GIE\/IT\/000761, realizzato con il contributo della Commissione Europea, ha l\u2019obiettivo di migliorare la Governance italiana dei trapianti di Posidonia oceanica, habitat marino prioritario 1120* sensu Direttiva Habitat (1992\/43\/EEC),\u2026","rel":"","context":"Articolo simile","block_context":{"text":"Articolo simile","link":""},"img":{"alt_text":"","src":"https:\/\/i0.wp.com\/lifeseposso.eu\/wp-content\/uploads\/COMPOSIZIONE_LANCIO_small2-300x225.png?resize=350%2C200","width":350,"height":200},"classes":[]}],"rttpg_featured_image_url":null,"rttpg_author":{"display_name":"lifeFB","author_link":"https:\/\/lifeseposso.eu\/?author=5"},"rttpg_comment":0,"rttpg_category":null,"rttpg_excerpt":"Per garantire la Trasferibilit\u00e0 e la Replicabilit\u00e0 delle soluzioni e dei prodotti maturati nel corso del progetto, Life SEPOSSO ha intrapreso una serie di incontri e di attivit\u00e0 di Networking","_links":{"self":[{"href":"https:\/\/lifeseposso.eu\/index.php?rest_route=\/wp\/v2\/pages\/10627","targetHints":{"allow":["GET"]}}],"collection":[{"href":"https:\/\/lifeseposso.eu\/index.php?rest_route=\/wp\/v2\/pages"}],"about":[{"href":"https:\/\/lifeseposso.eu\/index.php?rest_route=\/wp\/v2\/types\/page"}],"author":[{"embeddable":true,"href":"https:\/\/lifeseposso.eu\/index.php?rest_route=\/wp\/v2\/users\/5"}],"replies":[{"embeddable":true,"href":"https:\/\/lifeseposso.eu\/index.php?rest_route=%2Fwp%2Fv2%2Fcomments&post=10627"}],"version-history":[{"count":10,"href":"https:\/\/lifeseposso.eu\/index.php?rest_route=\/wp\/v2\/pages\/10627\/revisions"}],"predecessor-version":[{"id":11792,"href":"https:\/\/lifeseposso.eu\/index.php?rest_route=\/wp\/v2\/pages\/10627\/revisions\/11792"}],"up":[{"embeddable":true,"href":"https:\/\/lifeseposso.eu\/index.php?rest_route=\/wp\/v2\/pages\/7112"}],"wp:attachment":[{"href":"https:\/\/lifeseposso.eu\/index.php?rest_route=%2Fwp%2Fv2%2Fmedia&parent=10627"}],"curies":[{"name":"wp","href":"https:\/\/api.w.org\/{rel}","templated":true}]}}