{"id":10609,"date":"2021-03-30T16:57:04","date_gmt":"2021-03-30T14:57:04","guid":{"rendered":"http:\/\/lifeseposso.eu\/?page_id=10609"},"modified":"2023-01-20T20:28:43","modified_gmt":"2023-01-20T19:28:43","slug":"cambiamo-lapproccio-di-governance-per-le-ricerche-future-_copy-2","status":"publish","type":"page","link":"https:\/\/lifeseposso.eu\/?page_id=10609","title":{"rendered":"Azione B.3.2: Implementazione di Preliminary Transplant Suitability Index (PTSI)"},"content":{"rendered":"<p>Nell&#8217;ambito di questa azione sono stati raccolti nuovi e ulteriori dati utili per l&#8217;implementazione di indici volti alla selezione preliminare di siti idonei al trapianto di <em>P. oceanica.<\/em><\/p>\n<p>La gestione corretta di un intervento di trapianto richiede specifiche competenze tecnico-scientifiche, nonch\u00e9 l\u2019applicazione di un iter procedurale specifico, che permetta la corretta gestione di tutte le fasi in cui \u00e8 articolato l\u2019intervento. A tal riguardo, numerosi studi hanno rilevato che un\u2019attenta <strong>selezione dell\u2019habitat ricevente<\/strong> ha una grande importanza per la buona riuscita di un trapianto. Infatti, la scelta della prateria ricevente in cui realizzare un intervento di trapianto dovrebbe essere sempre sostenuta dalla <strong>buona conoscenza degli aspetti ambientali e geografici locali<\/strong>. In particolare, questi sono importanti al fine di ampliare, alla scala del sito di indagine, lo stato delle conoscenze dell\u2019ecosistema considerato.<\/p>\n<p>Recentemente sono stati sviluppati dei modelli qualitativi e quantitativi per l\u2019individuazione di potenziali aree dove effettuare il trapianto di fanerogame. Di recente il modello P.T.S.I. (Preliminary Transplant Suitability Index), originariamente sviluppato per <em>Zostera marina<\/em>, \u00e8 stato applicato per selezionare aree idonee al trapianto di <em>Posidonia oceanica<\/em> nel Golfo di Palermo (Pirrotta et al., 2015).<\/p>\n<h3><strong>Report of data collected for <em>Posidonia oceanica<\/em> management and transplant <\/strong><\/h3>\n<p>Il Report riporta la <strong>ricognizione di dati ambientali<\/strong> ritenuti utili alla gestione dell&#8217;habitat praterie di <em>Posidonia oceanica<\/em> e alla pianificazione di attivit\u00e0 di trapianto di <em>P. oceanica<\/em>. I<strong> dati ambientali raccolti,<\/strong> derivanti da ricerche e analisi di settore, sono stati selezionati tra i dati resi disponibili dalle Pubbliche Amministrazioni, sia a livello nazionale sia locale, oppure a livello europeo, attraverso infrastrutture di dati e servizi. Oltre ai dati ambientali pubblici, \u00e8 stata effettuata una ricognizione di tutte le informazioni ambientali disponibili tra quelle raccolte da una variet\u00e0 di soggetti, pubblici e privati per le procedure di Valutazione di Impatto Ambientale (VIA) o per progetti di altra natura (es. progetti di ricerca orientati al ripristino ambientale). Nel report si \u00e8 ristretta la ricerca ai dati relativi alle Regioni interessate dai 4 casi studio: Toscana (caso studio Piombino), Lazio (caso studio Civitavecchia\/S. Marinella), Campania (caso studio Ischia) e Sicilia (Caso studio Augusta\/Priolo).<\/p>\n<p>La ricognizione dei dati ambientali, congiuntamente ai risultati ottenuti dall\u2019Azione B2 (Il monitoraggio della performance dei trapianti di <em>Posidonia oceanica<\/em> esistenti) costituiranno la base informativa per l\u2019implementazione dell\u2019indice PTSI. Una applicazione dell\u2019indice sar\u00e0 effettuata nei quattro casi di studio citati.<\/p>\n<p>Inoltre, \u00e8 stata condotta un&#8217;analisi delle <strong>criticit\u00e0 relative ai dati selezionati<\/strong> (reperibilit\u00e0, accessibilit\u00e0 e utilizzabilit\u00e0), per ottenere informazioni utili alla strutturazione delle informazioni nella Posidonia Transplanting Web Platform (PTWP) e alla implementazione della struttura dei metadati in conformit\u00e0 con la Direttiva 2\/2007\/EU &#8220;INSPIRE&#8221;.<\/p>\n<p><a href=\"https:\/\/lifeseposso.eu\/wp-content\/uploads\/REPORT_Azione_B.3.2_Data_collected_for_Posidonia_30.04.2020.pdf\" target=\"_blank\" rel=\"noopener\"><img data-recalc-dims=\"1\" loading=\"lazy\" decoding=\"async\" data-attachment-id=\"10153\" data-permalink=\"https:\/\/lifeseposso.eu\/?attachment_id=10153\" data-orig-file=\"https:\/\/i0.wp.com\/lifeseposso.eu\/wp-content\/uploads\/Deliverable_D.2_minutes_28.02.2020.png?fit=588%2C825&amp;ssl=1\" data-orig-size=\"588,825\" data-comments-opened=\"0\" data-image-meta=\"{&quot;aperture&quot;:&quot;0&quot;,&quot;credit&quot;:&quot;&quot;,&quot;camera&quot;:&quot;&quot;,&quot;caption&quot;:&quot;&quot;,&quot;created_timestamp&quot;:&quot;0&quot;,&quot;copyright&quot;:&quot;&quot;,&quot;focal_length&quot;:&quot;0&quot;,&quot;iso&quot;:&quot;0&quot;,&quot;shutter_speed&quot;:&quot;0&quot;,&quot;title&quot;:&quot;&quot;,&quot;orientation&quot;:&quot;0&quot;}\" data-image-title=\"Deliverable_D.2_minutes_28.02.2020\" data-image-description=\"\" data-image-caption=\"\" data-large-file=\"https:\/\/i0.wp.com\/lifeseposso.eu\/wp-content\/uploads\/Deliverable_D.2_minutes_28.02.2020.png?fit=588%2C825&amp;ssl=1\" class=\"alignnone size-medium wp-image-10153\" style=\"border: solid 1px #cccccc;\" src=\"https:\/\/i0.wp.com\/lifeseposso.eu\/wp-content\/uploads\/DELIVERABLE_B.3.2_Report-of-data-collected-for-Posidonia-oceanica-management-and-transplant_30.04.2020.png?resize=214%2C300&#038;ssl=1\" alt=\"\" width=\"214\" height=\"300\"><\/a><br \/>\n<a href=\"https:\/\/lifeseposso.eu\/wp-content\/uploads\/REPORT_Azione_B.3.2_Data_collected_for_Posidonia_30.04.2020.pdf\" target=\"_blank\" rel=\"attachment noopener wp-att-7538\">DELIVERABLE Azione B.3.2 &#8211; Report of data collected for <i>Posidonia oceanica<\/i> management and transplant &#8211; 30.04.2020<\/a><\/p>\n<p><a href=\"https:\/\/lifeseposso.eu\/wp-content\/uploads\/Report_B.3.2_ALLEGATO_1.xls\" target=\"_blank\" rel=\"noopener\">Report_B.3.2_ALLEGATO_1 &#8211; Catalogo dati ambientali da fonti pubbliche<\/a><\/p>\n<p><a href=\"https:\/\/lifeseposso.eu\/wp-content\/uploads\/Report_B.3.2_ALLEGATO_2.xls\" target=\"_blank\" rel=\"noopener\">Report_B.3.2_ALLEGATO_2 &#8211; Catalogo dati ambientali dai casi studio<\/a><\/p>\n<h3><strong>Report implementazione dell\u2019Indice Preliminare di Idoneit\u00e0 al Trapianto (PTSI)<\/strong><\/h3>\n<p>Il documento \u00e8 stato realizzato nell\u2019intento di fornire un contributo all\u2019implementazione dell\u2019indice Preliminare di Idoneit\u00e0 al Trapianto (PTSI) sensu Pirrotta et al. (2015), nell\u2019ambito dell\u2019azione B.3 (Electronic systems to support transplanting governance) del progetto LIFE<br \/>\nS.E.POS.S.O, come strumento a supporto dell\u2019individuazione dei potenziali siti idonei ad accogliere<strong> i trapianti pilota di <em>Posidonia oceanica<\/em><\/strong>.<\/p>\n<p>Tra i possibili fattori che possono influenzare direttamente il buon esito dei trapianti, l\u2019idoneit\u00e0 dei siti destinati a riceverli viene considerata tra i pi\u00f9 rilevanti. Particolare attenzione \u00e8 stata recentemente posta nelle modalit\u00e0 con cui i siti vengono selezionati, attraverso modelli multicriteriali in grado di tener conto simulatamente delle varie caratteristiche che nel loro insieme conferiscono l\u2019idoneit\u00e0 ad un sito.<\/p>\n<p>La prima parte del documento \u00e8 stato dedicato alla descrizione dello stato dell\u2019arte relativo all\u2019indice PTSI inserito in un contesto pi\u00f9 generale di modellazione. Nella seconda parte sono state esaminate le informazioni presenti in letteratura o scaturite dalle attivit\u00e0 stesse del progetto LIFE S.E.POS.S.O. Inoltre, sono stati trattati gli aspetti relativi alla raccolta, trattamento ed elaborazione dei dati disponibili nei principali siti di studio (Piombino, Ischia, Augusta-Priolo, Santa Marinella) dell&#8217;azione B.2 (Monitoring performance of existing<em> Posidonia oceanica<\/em> transplanting), dove il trapianto esiste gi\u00e0 con esiti diversi.<\/p>\n<p>Nell\u2019ultima parte, infine, \u00e8 stato calcolato il PTSI fornendo un esempio dei risultati ottenuti nelle quattro aree di studio considerate nell\u2019ambito del progetto LIFE S.E.POS.S.O (Piombino, Ischia, Augusta-Priolo, Santa Marinella); le mappe di distribuzione di ciascun parametro per il calcolo del PTSI, cos\u00ec come la mappa di distribuzione dei valori di PTSI sono riportate in Allegato 1.<\/p>\n<p><a href=\"https:\/\/lifeseposso.eu\/wp-content\/uploads\/SEPOSSO_Azione_B.3.2_Implementazione_PTSI.pdf\" target=\"_blank\" rel=\"noopener\"><img data-recalc-dims=\"1\" loading=\"lazy\" decoding=\"async\" data-attachment-id=\"10729\" data-permalink=\"https:\/\/lifeseposso.eu\/?attachment_id=10729\" data-orig-file=\"https:\/\/i0.wp.com\/lifeseposso.eu\/wp-content\/uploads\/DELIVERABLE_B.1.2_Basic_information_legislative_context_Extension.png?fit=618%2C868&amp;ssl=1\" data-orig-size=\"618,868\" data-comments-opened=\"0\" data-image-meta=\"{&quot;aperture&quot;:&quot;0&quot;,&quot;credit&quot;:&quot;&quot;,&quot;camera&quot;:&quot;&quot;,&quot;caption&quot;:&quot;&quot;,&quot;created_timestamp&quot;:&quot;0&quot;,&quot;copyright&quot;:&quot;&quot;,&quot;focal_length&quot;:&quot;0&quot;,&quot;iso&quot;:&quot;0&quot;,&quot;shutter_speed&quot;:&quot;0&quot;,&quot;title&quot;:&quot;&quot;,&quot;orientation&quot;:&quot;0&quot;}\" data-image-title=\"DELIVERABLE_B.1.2_Basic_information_legislative_context_Extension\" data-image-description=\"\" data-image-caption=\"\" data-large-file=\"https:\/\/i0.wp.com\/lifeseposso.eu\/wp-content\/uploads\/DELIVERABLE_B.1.2_Basic_information_legislative_context_Extension.png?fit=618%2C868&amp;ssl=1\" class=\"alignnone wp-image-10729 size-medium\" style=\"border: solid 1px #cccccc;\" src=\"https:\/\/i0.wp.com\/lifeseposso.eu\/wp-content\/uploads\/DELIVERABLE_B.3.2_Implementation_of_PTSI.png?resize=214%2C300&#038;ssl=1\" alt=\"\" width=\"214\" height=\"300\"><\/a><\/p>\n<p><a href=\"https:\/\/lifeseposso.eu\/wp-content\/uploads\/SEPOSSO_Azione_B.3.2_Implementazione_PTSI.pdf\" target=\"_blank\" rel=\"attachment noopener wp-att-7538\">DELIVERABLE Azione B.3.2 &#8211; Implementazione dell\u2019Indice Preliminare di Idoneit\u00e0 al Trapianto (PTSI) &#8211; 28.05.2021<\/a><\/p>\n<p><a href=\"https:\/\/lifeseposso.eu\/wp-content\/uploads\/ALL.1_Mappe_punteggi_parametri_calcolo_PTSI.pdf\" target=\"_blank\" rel=\"noopener\">ALLEGATO_1 &#8211; Mappe dei punteggi ottenuti sulla base dei parametri selezioni e calcolo del PTSI<\/a><\/p>\n<h3><\/h3>\n<h3><strong>Manuale tecnico plugin PTSI<br \/>\n<\/strong><\/h3>\n<p>Questo documento costituisce il manuale tecnico del plugin QGIS che permette di calcolare il Preliminary Transplant Suitability Index (PTSI), frutto del lavoro svolto nell&#8217;ambito dell&#8217;Azione B.3, che ha riguardato la sua implementazione come strumento elettronico di supporto alla selezione preliminare dei siti destinati a ricevere interventi di trapianto con <em>Posidonia oceanica<\/em>. Solo dopo aver verificato l&#8217;esito dei trapianti pilota, \u00e8 possibile definire l&#8217;idoneit\u00e0 di un sito ad accogliere un intervento di trapianto con <em>P. oceanica<\/em>. PTSI \u00e8 stato sviluppato in codice Python come plug-in per QGIS (per versioni di QGIS \u2265 3.16.0) nell&#8217;ambito del progetto. Sono state calcolate le mappe dei singoli parametri e la mappa finale della distribuzione dei valori PTSI nel sito. Poich\u00e9 l&#8217;idoneit\u00e0 del sito ricevente aumenta all&#8217;aumentare del PTSI, quando si selezionano le aree da sottoporre a un test pilota si raccomanda di scegliere quelle con punteggi pi\u00f9 elevati all&#8217;interno delle quali replicare i test pilota di trapianto in pi\u00f9 aree.<\/p>\n<p><a href=\"https:\/\/lifeseposso.eu\/wp-content\/uploads\/SEPOSSO_Action_B.3.2_PTSI_plugin_tecnical_manual.pdf\" target=\"_blank\" rel=\"noopener\"><img data-recalc-dims=\"1\" loading=\"lazy\" decoding=\"async\" data-attachment-id=\"11394\" data-permalink=\"https:\/\/lifeseposso.eu\/?attachment_id=11394\" data-orig-file=\"https:\/\/i0.wp.com\/lifeseposso.eu\/wp-content\/uploads\/DELIVERABLE_B.3.3_PWP_vademecum.png?fit=588%2C825&amp;ssl=1\" data-orig-size=\"588,825\" data-comments-opened=\"0\" data-image-meta=\"{&quot;aperture&quot;:&quot;0&quot;,&quot;credit&quot;:&quot;&quot;,&quot;camera&quot;:&quot;&quot;,&quot;caption&quot;:&quot;&quot;,&quot;created_timestamp&quot;:&quot;0&quot;,&quot;copyright&quot;:&quot;&quot;,&quot;focal_length&quot;:&quot;0&quot;,&quot;iso&quot;:&quot;0&quot;,&quot;shutter_speed&quot;:&quot;0&quot;,&quot;title&quot;:&quot;&quot;,&quot;orientation&quot;:&quot;0&quot;}\" data-image-title=\"DELIVERABLE_B.3.3_PWP_vademecum\" data-image-description=\"\" data-image-caption=\"\" data-large-file=\"https:\/\/i0.wp.com\/lifeseposso.eu\/wp-content\/uploads\/DELIVERABLE_B.3.3_PWP_vademecum.png?fit=588%2C825&amp;ssl=1\" class=\"alignnone wp-image-11394 size-medium\" src=\"https:\/\/i0.wp.com\/lifeseposso.eu\/wp-content\/uploads\/DELIVERABLE_B.3.3_PWP_vademecum.png?resize=214%2C300&#038;ssl=1\" alt=\"\" width=\"214\" height=\"300\" srcset=\"https:\/\/i0.wp.com\/lifeseposso.eu\/wp-content\/uploads\/DELIVERABLE_B.3.3_PWP_vademecum.png?resize=214%2C300&amp;ssl=1 214w, https:\/\/i0.wp.com\/lifeseposso.eu\/wp-content\/uploads\/DELIVERABLE_B.3.3_PWP_vademecum.png?w=588&amp;ssl=1 588w\" sizes=\"auto, (max-width: 214px) 100vw, 214px\" \/><\/a><\/p>\n<p><a href=\"https:\/\/lifeseposso.eu\/wp-content\/uploads\/SEPOSSO_Action_B.3.2_PTSI_plugin_tecnical_manual.pdf\" target=\"_blank\" rel=\"attachment noopener wp-att-7538\">DELIVERABLE Azione B.3.2 &#8211; Manuale tecnico plugin PTSI &#8211; Preliminary Transplant Suitability Index &#8211; 31.03.2022<\/a><\/p>\n<table>\n<tbody>\n<tr>\n<td><a href=\"https:\/\/lifeseposso.eu\/wp-content\/uploads\/PTSI_plugin_QGIS.zip\" target=\"_blank\" rel=\"attachment noopener wp-att-7538\"><img data-recalc-dims=\"1\" loading=\"lazy\" decoding=\"async\" class=\"alignnone wp-image-11398\" src=\"https:\/\/i0.wp.com\/lifeseposso.eu\/wp-content\/uploads\/Logo_SEPOSSO_PTSI_QGIS.png?resize=62%2C52&#038;ssl=1\" alt=\"\" width=\"62\" height=\"52\"><\/a><\/td>\n<td><a href=\"https:\/\/lifeseposso.eu\/wp-content\/uploads\/PTSI_plugin_QGIS.zip\" target=\"_blank\" rel=\"attachment noopener wp-att-7538\">Plugin PTSI per QGIS &#8211; Download<\/a><\/td>\n<\/tr>\n<\/tbody>\n<\/table>\n<div class=\"clearfix\" style=\"height: 20px\"><\/div>\n","protected":false},"excerpt":{"rendered":"<p>Nell&#8217;ambito di questa azione sono stati raccolti nuovi e ulteriori dati utili per l&#8217;implementazione di indici volti alla selezione preliminare di siti idonei al trapianto di P. oceanica. La gestione<\/p>\n","protected":false},"author":5,"featured_media":0,"parent":7110,"menu_order":2,"comment_status":"closed","ping_status":"closed","template":"","meta":{"jetpack_post_was_ever_published":false,"footnotes":""},"class_list":["post-10609","page","type-page","status-publish","hentry"],"jetpack_sharing_enabled":true,"jetpack_shortlink":"https:\/\/wp.me\/P9BUJq-2L7","jetpack-related-posts":[{"id":7110,"url":"https:\/\/lifeseposso.eu\/?page_id=7110","url_meta":{"origin":10609,"position":0},"title":"Aumentiamo l\u2019efficienza della pianificazione e del controllo","author":"lifeFB","date":"15 Marzo 2018","format":false,"excerpt":"Ad oggi, i risultati ottenuti nell\u2019ambito dei trapianti di praterie sono stati a volte negativi e possono essere considerati ancora incerti, soprattutto se riferiti ad ampi settori di prateria e valutati alla scala temporale adeguata, ovvero a lungo termine. Il buon esito di un trapianto \u00e8 dovuto a molteplici fattori\u2026","rel":"","context":"Articolo simile","block_context":{"text":"Articolo simile","link":""},"img":{"alt_text":"port area","src":"https:\/\/i0.wp.com\/lifeseposso.eu\/wp-content\/uploads\/spot-inq04-e1518449287917-300x148.jpg?resize=350%2C200","width":350,"height":200},"classes":[]},{"id":7435,"url":"https:\/\/lifeseposso.eu\/?page_id=7435","url_meta":{"origin":10609,"position":1},"title":"Azione B.4: Manuali tecnici del progetto SEPOSSO","author":"lifeFB","date":"22 Marzo 2018","format":false,"excerpt":"I manuali tecnici sintetizzano le principali informazioni emerse dalle azioni di progetto relativamente alla valutazione della fattibilit\u00e0, modalit\u00e0 operative e monitoraggio del trapianto di Posdonia oceanica. Il \"Manuale per la pianificazione, realizzazione e monitoraggio dei trapianti di Posidonia oceanica\" descrive i vari aspetti di gestione e di valutazione della fattibilit\u00e0\u2026","rel":"","context":"Articolo simile","block_context":{"text":"Articolo simile","link":""},"img":{"alt_text":"","src":"https:\/\/i0.wp.com\/lifeseposso.eu\/wp-content\/uploads\/MANUALE_B.4_pianificazione_ENG.png?resize=350%2C200","width":350,"height":200},"classes":[]},{"id":7112,"url":"https:\/\/lifeseposso.eu\/?page_id=7112","url_meta":{"origin":10609,"position":2},"title":"Sviluppiamo buone pratiche replicabili nell\u2019intero bacino del Mediterraneo","author":"lifeFB","date":"15 Marzo 2018","format":false,"excerpt":"Le praterie di Posidonia oceanica costituiscono uno degli ecosistemi di maggior pregio ambientale dell\u2019ambiente marino costiero mediterraneo ma ad oggi sono in forte regressione maggiormente in prossimit\u00e0 dei grandi centri urbanizzati. In Mediterraneo sono diversi gli esempi di reimpianti di P. oceanica, quale misura di compensazione, realizzati, tuttavia, senza tenere\u2026","rel":"","context":"Articolo simile","block_context":{"text":"Articolo simile","link":""},"img":{"alt_text":"","src":"https:\/\/i0.wp.com\/lifeseposso.eu\/wp-content\/uploads\/Trapianto_manuale-300x200.jpg?resize=350%2C200","width":350,"height":200},"classes":[]},{"id":11456,"url":"https:\/\/lifeseposso.eu\/?page_id=11456","url_meta":{"origin":10609,"position":3},"title":"Azione B.3 &#8211; Sviluppo piattaforma web &#8211; Posidonia Transplanting Web Platform (PTWP)","author":"lifeFB","date":"15 Aprile 2022","format":false,"excerpt":"Nell\u2019ambito dell\u2019azione B.3, \u201cElectronic systems to support transplanting governance\u201d, la cui finalit\u00e0 \u00e8 quella di sviluppare e implementare sistemi elettronici di facile utilizzo per supportare la governance dei trapianti, stimolando il flusso di dati e informazioni alle diverse parti interessate, \u00e8 stata realizzata la Posidonia Web Transplanting Platform (PTWP). La\u2026","rel":"","context":"Articolo simile","block_context":{"text":"Articolo simile","link":""},"img":{"alt_text":"Schema di flusso del processo di VIA in base alla normativa vigente: sono schematizzate le interazioni tra gli attori direttamente coinvolti nei processi decisionali in un modello che traccia i momenti principali dell\u2019iter che porta alla realizzazione dei trapianti di Posidonia oceanica come misura di compensazione","src":"https:\/\/i0.wp.com\/lifeseposso.eu\/wp-content\/uploads\/processosemplificato_OTTEMPERANZE-1024x338.png?resize=350%2C200","width":350,"height":200,"srcset":"https:\/\/i0.wp.com\/lifeseposso.eu\/wp-content\/uploads\/processosemplificato_OTTEMPERANZE-1024x338.png?resize=350%2C200 1x, https:\/\/i0.wp.com\/lifeseposso.eu\/wp-content\/uploads\/processosemplificato_OTTEMPERANZE-1024x338.png?resize=525%2C300 1.5x, https:\/\/i0.wp.com\/lifeseposso.eu\/wp-content\/uploads\/processosemplificato_OTTEMPERANZE-1024x338.png?resize=700%2C400 2x"},"classes":[]},{"id":7432,"url":"https:\/\/lifeseposso.eu\/?page_id=7432","url_meta":{"origin":10609,"position":4},"title":"Azione B.3: Sviluppiamo sistemi elettronici per supportare la governance dei trapianti","author":"lifeFB","date":"22 Marzo 2018","format":false,"excerpt":"Lo scopo di questa azione \u00e8 sviluppare e implementare sistemi elettronici user-friendly per supportare la Governance del trapianto di P. oceanica, stimolando il flusso di dati e informazioni tra i diversi Stakeholders coinvolti nel processo. Allo stesso tempo, l'ampia accessibilit\u00e0 pubblica ai dati e alle informazioni attraverso questi sistemi sar\u00e0\u2026","rel":"","context":"Articolo simile","block_context":{"text":"Articolo simile","link":""},"img":{"alt_text":"","src":"","width":0,"height":0},"classes":[]},{"id":7108,"url":"https:\/\/lifeseposso.eu\/?page_id=7108","url_meta":{"origin":10609,"position":5},"title":"Cambiamo l\u2019approccio di governance per le ricerche future","author":"lifeFB","date":"15 Marzo 2018","format":false,"excerpt":"In Italia la maggior parte delle attivit\u00e0 di trapianto di Posidonia oceanica sono indicate, nell\u2019ambito della VIA, come misura di compensazione di danni causati alle praterie da opere e infrastrutture costiere. Il monitoraggio finalizzato a verificare l\u2019efficacia delle misure di compensazione nel tempo, non sempre viene inserito negli Studi di\u2026","rel":"","context":"Articolo simile","block_context":{"text":"Articolo simile","link":""},"img":{"alt_text":"","src":"https:\/\/i0.wp.com\/lifeseposso.eu\/wp-content\/uploads\/Monitoraggio_sub-300x225.jpg?resize=350%2C200","width":350,"height":200},"classes":[]}],"rttpg_featured_image_url":null,"rttpg_author":{"display_name":"lifeFB","author_link":"https:\/\/lifeseposso.eu\/?author=5"},"rttpg_comment":0,"rttpg_category":null,"rttpg_excerpt":"Nell&#8217;ambito di questa azione sono stati raccolti nuovi e ulteriori dati utili per l&#8217;implementazione di indici volti alla selezione preliminare di siti idonei al trapianto di P. oceanica. La gestione","_links":{"self":[{"href":"https:\/\/lifeseposso.eu\/index.php?rest_route=\/wp\/v2\/pages\/10609","targetHints":{"allow":["GET"]}}],"collection":[{"href":"https:\/\/lifeseposso.eu\/index.php?rest_route=\/wp\/v2\/pages"}],"about":[{"href":"https:\/\/lifeseposso.eu\/index.php?rest_route=\/wp\/v2\/types\/page"}],"author":[{"embeddable":true,"href":"https:\/\/lifeseposso.eu\/index.php?rest_route=\/wp\/v2\/users\/5"}],"replies":[{"embeddable":true,"href":"https:\/\/lifeseposso.eu\/index.php?rest_route=%2Fwp%2Fv2%2Fcomments&post=10609"}],"version-history":[{"count":11,"href":"https:\/\/lifeseposso.eu\/index.php?rest_route=\/wp\/v2\/pages\/10609\/revisions"}],"predecessor-version":[{"id":11781,"href":"https:\/\/lifeseposso.eu\/index.php?rest_route=\/wp\/v2\/pages\/10609\/revisions\/11781"}],"up":[{"embeddable":true,"href":"https:\/\/lifeseposso.eu\/index.php?rest_route=\/wp\/v2\/pages\/7110"}],"wp:attachment":[{"href":"https:\/\/lifeseposso.eu\/index.php?rest_route=%2Fwp%2Fv2%2Fmedia&parent=10609"}],"curies":[{"name":"wp","href":"https:\/\/api.w.org\/{rel}","templated":true}]}}