{"id":10508,"date":"2021-02-24T16:27:31","date_gmt":"2021-02-24T15:27:31","guid":{"rendered":"http:\/\/lifeseposso.eu\/?page_id=10508"},"modified":"2023-01-20T14:25:07","modified_gmt":"2023-01-20T13:25:07","slug":"sosteniamo-lattuazione-delle-direttive-europee-ambientali-_copy-2-2","status":"publish","type":"page","link":"https:\/\/lifeseposso.eu\/?page_id=10508","title":{"rendered":"Azione B.1.2: Dalla Governance all&#8217;efficacia del processo di VIA"},"content":{"rendered":"<p>Nell\u2019ambito del progetto SEPOSSO, l\u2019azione B1.2 prevedeva di realizzare una ricognizione di progetti sottoposti a VIA, che contenevano prescrizioni riguardanti interventi sull\u2019habitat prioritario 1120* (sensu Direttiva 92\/43\/CEE &#8220;Habitat&#8221; ) praterie di <em>Posidonia oceanica<\/em> ed eventuali operazioni di trapianto della stessa.<\/p>\n<p>La ricognizione \u00e8 stata effettuata utilizzando il database denominato I.De.A. (ISPRA Decreti Ambientali), realizzato da ISPRA per la direzione Valutazioni Ambientali del MATTM. Il database I.De.A. contiene tutte le prescrizioni (o condizioni ambientali) incluse nei decreti di VIA emanati dal MATTM, dal MIBACT, dalle Regioni interessate e da altri Enti locali, da giugno 1989 ad oggi in fase di aggiornamento. Inoltre, la banca dati, contiene ad esempio le informazioni relative ad aspetti amministrativi, tipologia e localizzazione dell\u2019opera, proponente, enti prescriventi o coinvolti nella verifica dell&#8217;ottemperanza della prescrizione.<\/p>\n<p><span style=\"color: #000000;\"><span style=\"font-size: medium;\">L\u2019analisi condotta sulle prescrizioni contenute nel database I.DE.A. che contenevano un riferimento a <i>Posidonia oceanica<\/i>, <\/span><\/span><span style=\"color: #000000;\"><span style=\"font-size: medium;\">ha permesso di individuare <strong>107 prescrizioni<\/strong> <i><\/i>provenienti dai <strong>32 decreti di VIA nazionale<\/strong>.<\/span><\/span><\/p>\n<p><span style=\"color: #000000;\"><span style=\"font-size: medium;\">Dalla ricognizione dei 32 decreti VIA, per il progetto SEPOSSO \u00e8 stato scelto di esaminare prioritariamente quei progetti nell\u2019ambito dei quali sono state realizzate delle operazioni di trapianto di <\/span><\/span><span style=\"color: #000000;\"><span style=\"font-size: medium;\"><i>P. oceanica<\/i><\/span><\/span><span style=\"color: #000000;\"><span style=\"font-size: medium;\"> su vasta scala spaziale in ottemperanza di una specifica prescrizione. <\/span><\/span><\/p>\n<p><span style=\"color: #000000;\"><span style=\"font-size: medium;\">In dettaglio, i tre casi studio principali sono:<\/span><\/span><\/p>\n<ol>\n<li>Variante al Piano Regolatore Portuale di Civitavecchia &#8211; Darsena Energetico &#8211; Grandi Masse &#8211; DEC\/VIA 6923\/2002 e progetti successivi che interessano l\u2019area del Porto di Civitavecchia<\/li>\n<li>Progetto del gasdotto sottomarino nel tratto di mare fra il Lago del Fusaro nel Comune di Bacoli (NA) e la Punta San Pietro nel Comune di Ischia (NA) -DEC\/VIA 10\/2008<\/li>\n<li>Piano Regolatore Portuale del Porto di Piombino &#8211; DEC\/VIA 478\/2012<\/li>\n<\/ol>\n<p>a cui si sono aggiunti, con la successiva estensione dei casi di studio:<\/p>\n<ol>\n<li>Realizzazione di un terminale offshore per la rigassificazione di GNL al largo della costa Toscana (OLT) &#8211; DEC\/VIA 1256 del 15\/12\/2004<\/li>\n<li>Gasdotto di Procida &#8211; Tratto di mare tra il lago del Fusaro-Bacoli e zona porto di Procida &#8211; DEC\/VIA 7 del 24\/01\/2012<\/li>\n<li>Elettrodotto di collegamento (merchant line) in corrente alternata a 220 kV Italia-Malta &#8211; DEC\/VIA 739 del 20\/12\/2012<\/li>\n<li>Trans Adriatic Pipeline &#8211; Gasdotto Albania-Italia \u2013 DEC\/VIA 223 dell\u201911\/09\/2014<\/li>\n<li>Adeguamento tecnico funzionale al Piano Regolatore Portuale del porto civico di Porto Torres &#8211; Prolungamento dell&#8217;antemurale di ponente e resecazione banchina alti fondali &#8211; DEC\/VIA 35 del 06\/02\/2018<\/li>\n<\/ol>\n<p>I due report &#8220;Basic information, legislative context and description of case studies&#8221; e l&#8217;omonimo &#8220;Case studies extension&#8221; riportano l&#8217;analisi di dettaglio dell&#8217;iter autorizzativo e delle prescrizioni che nei casi studio analizzati hanno portato alla realizzazione dei trapianti di <em>Posidonia oceanica<\/em> come misura di compensazione. Inoltre nel primo report \u00e8 stato analizzato, da un punto di vista procedurale, anche il caso di studio del trapianto effettuato nella rada di Augusta a Priolo-Gargallo (Sicilia) in cui, grazie ad un finanziamento PON, \u00e8 stato avviato il tentativo di recupero della preesistente prateria di <em>Posidonia<\/em>, da anni scomparsa a causa della realizzazione del Polo Petrolchimico.<\/p>\n<p><a href=\"https:\/\/lifeseposso.eu\/wp-content\/uploads\/DELIVERABLE_Action_B.1.2_Basic-information-legislative-context-and-description-of-case-studies.pdf\" target=\"_blank\" rel=\"noopener\"><img data-recalc-dims=\"1\" loading=\"lazy\" decoding=\"async\" data-attachment-id=\"7539\" data-permalink=\"https:\/\/lifeseposso.eu\/?attachment_id=7539\" data-orig-file=\"https:\/\/i0.wp.com\/lifeseposso.eu\/wp-content\/uploads\/panelist_stakeholders.jpg?fit=707%2C1000&amp;ssl=1\" data-orig-size=\"707,1000\" data-comments-opened=\"0\" data-image-meta=\"{&quot;aperture&quot;:&quot;0&quot;,&quot;credit&quot;:&quot;&quot;,&quot;camera&quot;:&quot;&quot;,&quot;caption&quot;:&quot;&quot;,&quot;created_timestamp&quot;:&quot;1522493679&quot;,&quot;copyright&quot;:&quot;&quot;,&quot;focal_length&quot;:&quot;0&quot;,&quot;iso&quot;:&quot;0&quot;,&quot;shutter_speed&quot;:&quot;0&quot;,&quot;title&quot;:&quot;&quot;,&quot;orientation&quot;:&quot;0&quot;}\" data-image-title=\"panelist_stakeholders\" data-image-description=\"\" data-image-caption=\"&lt;p&gt;immagine panelist stakeholders&lt;\/p&gt;\n\" data-large-file=\"https:\/\/i0.wp.com\/lifeseposso.eu\/wp-content\/uploads\/panelist_stakeholders.jpg?fit=707%2C1000&amp;ssl=1\" class=\"size-medium wp-image-7539\" style=\"border: solid 1px #cccccc;\" src=\"https:\/\/i0.wp.com\/lifeseposso.eu\/wp-content\/uploads\/DELIVERABLE_B.1.2_Basic_information_legislative_context.png?resize=212%2C300&#038;ssl=1\" alt=\"\" width=\"212\" height=\"300\" \/><\/a><br \/><a href=\"https:\/\/lifeseposso.eu\/wp-content\/uploads\/DELIVERABLE_Action_B.1.2_Basic-information-legislative-context-and-description-of-case-studies.pdf\" target=\"_blank\" rel=\"attachment noopener wp-att-7538\">DELIVERABLE Azione B.1.2 &#8211; Basic information legislative context and description of case studies<\/a><\/p>\n<p><a href=\"https:\/\/lifeseposso.eu\/wp-content\/uploads\/SEPOSSO_Action_B.1.2_Basic-information-legislative-context-description-of-case-studies-Extension.pdf\" target=\"_blank\" rel=\"noopener\"><img data-recalc-dims=\"1\" loading=\"lazy\" decoding=\"async\" data-attachment-id=\"10729\" data-permalink=\"https:\/\/lifeseposso.eu\/?attachment_id=10729\" data-orig-file=\"https:\/\/i0.wp.com\/lifeseposso.eu\/wp-content\/uploads\/DELIVERABLE_B.1.2_Basic_information_legislative_context_Extension.png?fit=618%2C868&amp;ssl=1\" data-orig-size=\"618,868\" data-comments-opened=\"0\" data-image-meta=\"{&quot;aperture&quot;:&quot;0&quot;,&quot;credit&quot;:&quot;&quot;,&quot;camera&quot;:&quot;&quot;,&quot;caption&quot;:&quot;&quot;,&quot;created_timestamp&quot;:&quot;0&quot;,&quot;copyright&quot;:&quot;&quot;,&quot;focal_length&quot;:&quot;0&quot;,&quot;iso&quot;:&quot;0&quot;,&quot;shutter_speed&quot;:&quot;0&quot;,&quot;title&quot;:&quot;&quot;,&quot;orientation&quot;:&quot;0&quot;}\" data-image-title=\"DELIVERABLE_B.1.2_Basic_information_legislative_context_Extension\" data-image-description=\"\" data-image-caption=\"\" data-large-file=\"https:\/\/i0.wp.com\/lifeseposso.eu\/wp-content\/uploads\/DELIVERABLE_B.1.2_Basic_information_legislative_context_Extension.png?fit=618%2C868&amp;ssl=1\" class=\"alignnone wp-image-10729 size-medium\" src=\"https:\/\/i0.wp.com\/lifeseposso.eu\/wp-content\/uploads\/DELIVERABLE_B.1.2_Basic_information_legislative_context_Extension.png?resize=214%2C300&#038;ssl=1\" alt=\"\" width=\"214\" height=\"300\" srcset=\"https:\/\/i0.wp.com\/lifeseposso.eu\/wp-content\/uploads\/DELIVERABLE_B.1.2_Basic_information_legislative_context_Extension.png?resize=214%2C300&amp;ssl=1 214w, https:\/\/i0.wp.com\/lifeseposso.eu\/wp-content\/uploads\/DELIVERABLE_B.1.2_Basic_information_legislative_context_Extension.png?w=618&amp;ssl=1 618w\" sizes=\"auto, (max-width: 214px) 100vw, 214px\" \/><\/a><\/p>\n<p><a href=\"https:\/\/lifeseposso.eu\/wp-content\/uploads\/SEPOSSO_Action_B.1.2_Basic-information-legislative-context-description-of-case-studies-Extension.pdf\" target=\"_blank\" rel=\"attachment noopener wp-att-7538\">DELIVERABLE\u00a0Azione B.1.2 &#8211; Basic information, legislative context and description of case studies &#8211; Case studies extension<\/a><\/p>\n<h3>Linee Guida<\/h3>\n<p>Questo documento costituisce un approfondimento degli \u201cIndirizzi metodologici per la predisposizione dei quadri prescrittivi dei provvedimenti emessi per le procedure di valutazione ambientale di competenza statale\u201d, del MATTM (Ministero dell\u2019Ambiente e della Tutela del Mare, ora MITE &#8211; Ministero dell\u2019Ambiente e della Transizione Ecologica) recepiti con DM 308\/2015 e si prefigge di <strong>fornire suggerimenti utili alla formulazione dei quadri prescrittivi nei provvedimenti di VIA<\/strong>, relativi a progetti e opere la cui realizzazione, potenzialmente determina impatti alle praterie di <em>Posidonia oceanica<\/em>, habitat marino prioritario 1120* sensu Direttiva Habitat 92\/43 CEE.<br \/>Il documento &#8220;Approfondimenti degli indirizzi metodologici per la predisposizione dei quadri prescrittivi nei provvedimenti di VIA: struttura della condizione ambientale. Fattore ambientale \u201cBiodiversit\u00e0\u201d &#8211; Praterie di <em>Posidonia oceanica<\/em> &#8211; habitat 1120*&#8221; riporta l\u2019analisi dei contenuti minimi di una condizione ambientale tipo, emersi dagli approfondimenti del progetto LIFE SEPOSSO, nell\u2019ambito del fattore ambientale \u201cbiodiversit\u00e0\u201d, in caso di azioni che interessino <em>Posidonia oceanica<\/em>.<\/p>\n<p>L\u2019obiettivo del documento &#8220;Proposta di aggiornamento: Linee Guida per il Progetto di Monitoraggio Ambientale delle opere sottoposte a VIA. Fattore ambientale \u201cBiodiversit\u00e0\u201d &#8211; Praterie di <em>Posidonia oceanica<\/em> &#8211; Habitat 1120*&#8221; \u00e8 quello di fornire al Proponente di opere marittime che impattano <em>P. oceanica<\/em> <strong>indicazioni metodologiche ed operative per la predisposizione del Progetto di Monitoraggio Ambientale<\/strong>, nell\u2019ambito di una istruttoria VIA. Inoltre, fornisce le metodologie per il monitoraggio del trapianto di <em>P. oceanica<\/em>, qualora questo sia prescritto come opera di compensazione, riflettendo quanto definito nell\u2019ambito della Direttiva Quadro sulla Strategia per l\u2019Ambiente Marino (Dir. 2008\/56\/CE).<\/p>\n<p><a href=\"https:\/\/i0.wp.com\/lifeseposso.eu\/wp-content\/uploads\/LINEE.GUIDA_B.1.2_Quadri_prescrittivi.png?ssl=1\" target=\"_blank\" rel=\"noopener\"><img data-recalc-dims=\"1\" loading=\"lazy\" decoding=\"async\" data-attachment-id=\"11364\" data-permalink=\"https:\/\/lifeseposso.eu\/?attachment_id=11364\" data-orig-file=\"https:\/\/i0.wp.com\/lifeseposso.eu\/wp-content\/uploads\/LINEE.GUIDA_B.1.2_Quadri_prescrittivi.png?fit=588%2C825&amp;ssl=1\" data-orig-size=\"588,825\" data-comments-opened=\"0\" data-image-meta=\"{&quot;aperture&quot;:&quot;0&quot;,&quot;credit&quot;:&quot;&quot;,&quot;camera&quot;:&quot;&quot;,&quot;caption&quot;:&quot;&quot;,&quot;created_timestamp&quot;:&quot;0&quot;,&quot;copyright&quot;:&quot;&quot;,&quot;focal_length&quot;:&quot;0&quot;,&quot;iso&quot;:&quot;0&quot;,&quot;shutter_speed&quot;:&quot;0&quot;,&quot;title&quot;:&quot;&quot;,&quot;orientation&quot;:&quot;0&quot;}\" data-image-title=\"LINEE.GUIDA_B.1.2_Quadri_prescrittivi\" data-image-description=\"\" data-image-caption=\"\" data-large-file=\"https:\/\/i0.wp.com\/lifeseposso.eu\/wp-content\/uploads\/LINEE.GUIDA_B.1.2_Quadri_prescrittivi.png?fit=588%2C825&amp;ssl=1\" class=\"alignnone wp-image-11364 size-medium\" src=\"https:\/\/i0.wp.com\/lifeseposso.eu\/wp-content\/uploads\/LINEE.GUIDA_B.1.2_Quadri_prescrittivi.png?resize=214%2C300&#038;ssl=1\" alt=\"\" width=\"214\" height=\"300\" srcset=\"https:\/\/i0.wp.com\/lifeseposso.eu\/wp-content\/uploads\/LINEE.GUIDA_B.1.2_Quadri_prescrittivi.png?resize=214%2C300&amp;ssl=1 214w, https:\/\/i0.wp.com\/lifeseposso.eu\/wp-content\/uploads\/LINEE.GUIDA_B.1.2_Quadri_prescrittivi.png?w=588&amp;ssl=1 588w\" sizes=\"auto, (max-width: 214px) 100vw, 214px\" \/><\/a><\/p>\n<p><a href=\"https:\/\/lifeseposso.eu\/wp-content\/uploads\/LIFE_SEPOSSO_Approfondimento_Quadri_Prescrittivi_Posidonia_oceanica.pdf\" target=\"_blank\" rel=\"noopener\">Approfondimenti degli indirizzi metodologici per la predisposizione dei quadri prescrittivi nei provvedimenti di VIA: struttura della condizione ambientale. Fattore ambientale \u201cBiodiversit\u00e0\u201d &#8211; Praterie di <em>Posidonia oceanica<\/em> &#8211; habitat 1120*<\/a><\/p>\n<p><a href=\"https:\/\/i0.wp.com\/lifeseposso.eu\/wp-content\/uploads\/LINEE.GUIDA_B.1.2_Monitoraggio.png?ssl=1\" target=\"_blank\" rel=\"noopener\"><img data-recalc-dims=\"1\" loading=\"lazy\" decoding=\"async\" data-attachment-id=\"11363\" data-permalink=\"https:\/\/lifeseposso.eu\/?attachment_id=11363\" data-orig-file=\"https:\/\/i0.wp.com\/lifeseposso.eu\/wp-content\/uploads\/LINEE.GUIDA_B.1.2_Monitoraggio.png?fit=588%2C825&amp;ssl=1\" data-orig-size=\"588,825\" data-comments-opened=\"0\" data-image-meta=\"{&quot;aperture&quot;:&quot;0&quot;,&quot;credit&quot;:&quot;&quot;,&quot;camera&quot;:&quot;&quot;,&quot;caption&quot;:&quot;&quot;,&quot;created_timestamp&quot;:&quot;0&quot;,&quot;copyright&quot;:&quot;&quot;,&quot;focal_length&quot;:&quot;0&quot;,&quot;iso&quot;:&quot;0&quot;,&quot;shutter_speed&quot;:&quot;0&quot;,&quot;title&quot;:&quot;&quot;,&quot;orientation&quot;:&quot;0&quot;}\" data-image-title=\"LINEE.GUIDA_B.1.2_Monitoraggio\" data-image-description=\"\" data-image-caption=\"\" data-large-file=\"https:\/\/i0.wp.com\/lifeseposso.eu\/wp-content\/uploads\/LINEE.GUIDA_B.1.2_Monitoraggio.png?fit=588%2C825&amp;ssl=1\" class=\"alignnone wp-image-11363 size-medium\" src=\"https:\/\/i0.wp.com\/lifeseposso.eu\/wp-content\/uploads\/LINEE.GUIDA_B.1.2_Monitoraggio.png?resize=214%2C300&#038;ssl=1\" alt=\"\" width=\"214\" height=\"300\" srcset=\"https:\/\/i0.wp.com\/lifeseposso.eu\/wp-content\/uploads\/LINEE.GUIDA_B.1.2_Monitoraggio.png?resize=214%2C300&amp;ssl=1 214w, https:\/\/i0.wp.com\/lifeseposso.eu\/wp-content\/uploads\/LINEE.GUIDA_B.1.2_Monitoraggio.png?w=588&amp;ssl=1 588w\" sizes=\"auto, (max-width: 214px) 100vw, 214px\" \/><\/a><\/p>\n<p><a href=\"https:\/\/lifeseposso.eu\/wp-content\/uploads\/LIFE_SEPOSSO_Proposta_di_aggiornamento_PMA_Posidonia_oceanica.pdf\" target=\"_blank\" rel=\"noopener\">Proposta di aggiornamento: Linee Guida per il Progetto di Monitoraggio Ambientale delle opere sottoposte a VIA. Fattore ambientale \u201cBiodiversit\u00e0\u201d &#8211; Praterie di <em>Posidonia oceanica<\/em> &#8211; Habitat 1120*<\/a><\/p>\n<p>\u00a0<\/p>\n\n\n<p><\/p>\n","protected":false},"excerpt":{"rendered":"<p>Nell\u2019ambito del progetto SEPOSSO, l\u2019azione B1.2 prevedeva di realizzare una ricognizione di progetti sottoposti a VIA, che contenevano prescrizioni riguardanti interventi sull\u2019habitat prioritario 1120* (sensu Direttiva 92\/43\/CEE &#8220;Habitat&#8221; ) praterie<\/p>\n","protected":false},"author":5,"featured_media":0,"parent":7101,"menu_order":1,"comment_status":"closed","ping_status":"closed","template":"","meta":{"jetpack_post_was_ever_published":false,"footnotes":""},"class_list":["post-10508","page","type-page","status-publish","hentry"],"jetpack_sharing_enabled":true,"jetpack_shortlink":"https:\/\/wp.me\/P9BUJq-2Ju","jetpack-related-posts":[{"id":10628,"url":"https:\/\/lifeseposso.eu\/?page_id=10628","url_meta":{"origin":10508,"position":0},"title":"Azione B.4: Corsi di formazione del progetto SEPOSSO","author":"lifeFB","date":"30 Marzo 2021","format":false,"excerpt":"I corsi di formazione sono mirati alla condivisione delle conoscenze e degli strumenti messi a punto per la gestione delle praterie di Posidonia oceanica nelle valutazioni ambientali. Le tematiche riguardano la condivisione di prodotti di progetto, come i manuali tecnici, le Linee Guida e la piattaforma web (Posidonia Transplanting Web\u2026","rel":"","context":"Articolo simile","block_context":{"text":"Articolo simile","link":""},"img":{"alt_text":"","src":"","width":0,"height":0},"classes":[]},{"id":10609,"url":"https:\/\/lifeseposso.eu\/?page_id=10609","url_meta":{"origin":10508,"position":1},"title":"Azione B.3.2: Implementazione di Preliminary Transplant Suitability Index (PTSI)","author":"lifeFB","date":"30 Marzo 2021","format":false,"excerpt":"Nell'ambito di questa azione sono stati raccolti nuovi e ulteriori dati utili per l'implementazione di indici volti alla selezione preliminare di siti idonei al trapianto di P. oceanica. La gestione corretta di un intervento di trapianto richiede specifiche competenze tecnico-scientifiche, nonch\u00e9 l\u2019applicazione di un iter procedurale specifico, che permetta la\u2026","rel":"","context":"Articolo simile","block_context":{"text":"Articolo simile","link":""},"img":{"alt_text":"","src":"https:\/\/i0.wp.com\/lifeseposso.eu\/wp-content\/uploads\/DELIVERABLE_B.3.2_Report-of-data-collected-for-Posidonia-oceanica-management-and-transplant_30.04.2020.png?resize=350%2C200","width":350,"height":200},"classes":[]},{"id":8708,"url":"https:\/\/lifeseposso.eu\/?page_id=8708","url_meta":{"origin":10508,"position":2},"title":"Le praterie di Posidonia oceanica","author":"lifeFB","date":"6 Novembre 2018","format":false,"excerpt":"Posidonia oceanica 1. Caratteristiche biologiche \u00a0 Posidonia oceanica (L.) Delile, sebbene spesso confusa con le alghe, \u00e8 una fanerogama marina, ovvero una pianta che produce fiori e frutti. La specie \u00e8 endemica del mar Mediterraneo. La pianta \u00e8 organizzata in radici, fusto - detto rizoma a causa dell'habitus ipogeo -\u2026","rel":"","context":"Articolo simile","block_context":{"text":"Articolo simile","link":""},"img":{"alt_text":"","src":"https:\/\/i0.wp.com\/lifeseposso.eu\/wp-content\/uploads\/infiorescenza_3-e1553781647235-300x238.jpg?resize=350%2C200","width":350,"height":200},"classes":[]},{"id":7101,"url":"https:\/\/lifeseposso.eu\/?page_id=7101","url_meta":{"origin":10508,"position":3},"title":"Sosteniamo l\u2019attuazione delle Direttive Europee Ambientali","author":"lifeFB","date":"15 Marzo 2018","format":false,"excerpt":"La Politica Marittima Integrata (PMI) europea cerca di fornire un approccio pi\u00f9 coerente alle questioni marittime, con un maggiore coordinamento tra i diversi settori politici e i diversi attori coinvolti (stakeholders). La direttiva sulla Pianificazione dello Spazio Marittimo (MSP - 2014\/89\/CE) \u00e8 una delle principali azioni condotte dall'UE nel quadro\u2026","rel":"","context":"Articolo simile","block_context":{"text":"Articolo simile","link":""},"img":{"alt_text":"Europe flag","src":"https:\/\/i0.wp.com\/lifeseposso.eu\/wp-content\/uploads\/euflag.jpg?resize=350%2C200","width":350,"height":200},"classes":[]},{"id":7422,"url":"https:\/\/lifeseposso.eu\/?page_id=7422","url_meta":{"origin":10508,"position":4},"title":"Azione B1: Il processo di governance dei trapianti di Posidonia oceanica in Italia","author":"lifeFB","date":"22 Marzo 2018","format":false,"excerpt":"Questa azione mira ad analizzare il processo di Governance che regola le operazioni di trapianto di P. oceanica, specialmente quando queste ultime vengono indicate come opere di compensazione di un danno nell\u2019ambito della Valutazione di Impatto Ambientale (VIA). L'analisi porter\u00e0 a comprendere le interazioni tra i diversi elementi del processo\u2026","rel":"","context":"Articolo simile","block_context":{"text":"Articolo simile","link":""},"img":{"alt_text":"","src":"","width":0,"height":0},"classes":[]},{"id":7325,"url":"https:\/\/lifeseposso.eu\/?page_id=7325","url_meta":{"origin":10508,"position":5},"title":"Networking","author":"lifeFB","date":"18 Marzo 2018","format":false,"excerpt":"Nell'ambito del progetto SEPOSSO viene promosso lo scambio di informazioni, di esperienze e di buone pratiche riguardanti la protezione e il ripristino delle praterie di Posidonia oceanica attraverso una specifica azione di networking tra i diversi attori coinvolti (Stakeholder & Target Audience) e i diversi progetti nazionali ed europei inerenti\u2026","rel":"","context":"Articolo simile","block_context":{"text":"Articolo simile","link":""},"img":{"alt_text":"","src":"https:\/\/i0.wp.com\/lifeseposso.eu\/wp-content\/uploads\/Deliverable_D.2_minutes.png?resize=350%2C200","width":350,"height":200},"classes":[]}],"rttpg_featured_image_url":null,"rttpg_author":{"display_name":"lifeFB","author_link":"https:\/\/lifeseposso.eu\/?author=5"},"rttpg_comment":0,"rttpg_category":null,"rttpg_excerpt":"Nell\u2019ambito del progetto SEPOSSO, l\u2019azione B1.2 prevedeva di realizzare una ricognizione di progetti sottoposti a VIA, che contenevano prescrizioni riguardanti interventi sull\u2019habitat prioritario 1120* (sensu Direttiva 92\/43\/CEE &#8220;Habitat&#8221; ) praterie","_links":{"self":[{"href":"https:\/\/lifeseposso.eu\/index.php?rest_route=\/wp\/v2\/pages\/10508","targetHints":{"allow":["GET"]}}],"collection":[{"href":"https:\/\/lifeseposso.eu\/index.php?rest_route=\/wp\/v2\/pages"}],"about":[{"href":"https:\/\/lifeseposso.eu\/index.php?rest_route=\/wp\/v2\/types\/page"}],"author":[{"embeddable":true,"href":"https:\/\/lifeseposso.eu\/index.php?rest_route=\/wp\/v2\/users\/5"}],"replies":[{"embeddable":true,"href":"https:\/\/lifeseposso.eu\/index.php?rest_route=%2Fwp%2Fv2%2Fcomments&post=10508"}],"version-history":[{"count":16,"href":"https:\/\/lifeseposso.eu\/index.php?rest_route=\/wp\/v2\/pages\/10508\/revisions"}],"predecessor-version":[{"id":11758,"href":"https:\/\/lifeseposso.eu\/index.php?rest_route=\/wp\/v2\/pages\/10508\/revisions\/11758"}],"up":[{"embeddable":true,"href":"https:\/\/lifeseposso.eu\/index.php?rest_route=\/wp\/v2\/pages\/7101"}],"wp:attachment":[{"href":"https:\/\/lifeseposso.eu\/index.php?rest_route=%2Fwp%2Fv2%2Fmedia&parent=10508"}],"curies":[{"name":"wp","href":"https:\/\/api.w.org\/{rel}","templated":true}]}}